{"id":2235,"date":"2023-05-05T21:31:00","date_gmt":"2023-05-05T21:31:00","guid":{"rendered":"https:\/\/therapydent.ro\/?page_id=2235"},"modified":"2023-05-14T15:19:08","modified_gmt":"2023-05-14T15:19:08","slug":"dr-georgiana-dragomir","status":"publish","type":"page","link":"https:\/\/therapydent.ro\/en\/dr-georgiana-dragomir\/","title":{"rendered":"Dr. Georgiana Dragomir"},"content":{"rendered":"<div data-elementor-type=\"wp-page\" data-elementor-id=\"2235\" class=\"elementor elementor-2235\">\n\t\t\t\t\t\t\t\t\t<section class=\"elementor-section elementor-top-section elementor-element elementor-element-e253011 elementor-section-height-min-height elementor-section-boxed elementor-section-height-default elementor-section-items-middle wpr-particle-no wpr-jarallax-no wpr-parallax-no wpr-sticky-section-no\" data-id=\"e253011\" data-element_type=\"section\" data-settings=\"{&quot;background_background&quot;:&quot;classic&quot;,&quot;_ha_eqh_enable&quot;:false}\">\n\t\t\t\t\t\t\t<div class=\"elementor-background-overlay\"><\/div>\n\t\t\t\t\t\t\t<div class=\"elementor-container elementor-column-gap-default\">\n\t\t\t\t\t<div class=\"elementor-column elementor-col-100 elementor-top-column elementor-element elementor-element-1499fdb\" data-id=\"1499fdb\" data-element_type=\"column\">\n\t\t\t<div class=\"elementor-widget-wrap elementor-element-populated\">\n\t\t\t\t\t\t\t\t<div class=\"elementor-element elementor-element-4e42777 de_scroll_animation_no elementor-widget elementor-widget-heading\" data-id=\"4e42777\" data-element_type=\"widget\" data-widget_type=\"heading.default\">\n\t\t\t\t<div class=\"elementor-widget-container\">\n\t\t\t<style>\/*! elementor - v3.11.5 - 14-03-2023 *\/\n.elementor-heading-title{padding:0;margin:0;line-height:1}.elementor-widget-heading .elementor-heading-title[class*=elementor-size-]>a{color:inherit;font-size:inherit;line-height:inherit}.elementor-widget-heading .elementor-heading-title.elementor-size-small{font-size:15px}.elementor-widget-heading .elementor-heading-title.elementor-size-medium{font-size:19px}.elementor-widget-heading .elementor-heading-title.elementor-size-large{font-size:29px}.elementor-widget-heading .elementor-heading-title.elementor-size-xl{font-size:39px}.elementor-widget-heading .elementor-heading-title.elementor-size-xxl{font-size:59px}<\/style><h2 class=\"elementor-heading-title elementor-size-default\">Home &gt;  Dr. Georgiana Dragomir (V\u0103leanu)<\/h2>\t\t<\/div>\n\t\t\t\t<\/div>\n\t\t\t\t<div class=\"elementor-element elementor-element-c26bc53 premium-header-block premium-header-inline de_scroll_animation_no elementor-widget elementor-widget-premium-addon-dual-header\" data-id=\"c26bc53\" data-element_type=\"widget\" data-widget_type=\"premium-addon-dual-header.default\">\n\t\t\t\t<div class=\"elementor-widget-container\">\n\t\t\t\n\t\t\t\t\t<h2 class=\"premium-dual-header-first-header\"><span class=\"premium-dual-header-first-span\">MEET <\/span><span class=\"premium-dual-header-second-header\">THE TEAM<\/span><\/h2> \t\t\n\t\t\t\t<\/div>\n\t\t\t\t<\/div>\n\t\t\t\t<div class=\"elementor-element elementor-element-746f87f elementor-view-stacked elementor-shape-circle de_scroll_animation_no elementor-widget elementor-widget-icon\" data-id=\"746f87f\" data-element_type=\"widget\" data-widget_type=\"icon.default\">\n\t\t\t\t<div class=\"elementor-widget-container\">\n\t\t\t\t\t<div class=\"elementor-icon-wrapper\">\n\t\t\t<div class=\"elementor-icon\">\n\t\t\t<i aria-hidden=\"true\" class=\"fas fa-arrow-down\"><\/i>\t\t\t<\/div>\n\t\t<\/div>\n\t\t\t\t<\/div>\n\t\t\t\t<\/div>\n\t\t\t\t\t<\/div>\n\t\t<\/div>\n\t\t\t\t\t\t\t<\/div>\n\t\t<\/section>\n\t\t\t\t<section class=\"elementor-section elementor-top-section elementor-element elementor-element-39cca9a elementor-section-boxed elementor-section-height-default elementor-section-height-default wpr-particle-no wpr-jarallax-no wpr-parallax-no wpr-sticky-section-no\" data-id=\"39cca9a\" data-element_type=\"section\" data-settings=\"{&quot;_ha_eqh_enable&quot;:false}\">\n\t\t\t\t\t\t<div class=\"elementor-container elementor-column-gap-default\">\n\t\t\t\t\t<div class=\"elementor-column elementor-col-100 elementor-top-column elementor-element elementor-element-21464d0\" data-id=\"21464d0\" data-element_type=\"column\">\n\t\t\t<div class=\"elementor-widget-wrap elementor-element-populated\">\n\t\t\t\t\t\t\t\t<section class=\"elementor-section elementor-inner-section elementor-element elementor-element-69ebbce elementor-section-boxed elementor-section-height-default elementor-section-height-default wpr-particle-no wpr-jarallax-no wpr-parallax-no wpr-sticky-section-no\" data-id=\"69ebbce\" data-element_type=\"section\" data-settings=\"{&quot;_ha_eqh_enable&quot;:false}\">\n\t\t\t\t\t\t<div class=\"elementor-container elementor-column-gap-default\">\n\t\t\t\t\t<div class=\"elementor-column elementor-col-50 elementor-inner-column elementor-element elementor-element-05634e9\" data-id=\"05634e9\" data-element_type=\"column\">\n\t\t\t<div class=\"elementor-widget-wrap elementor-element-populated\">\n\t\t\t\t\t\t\t\t<div class=\"elementor-element elementor-element-8a42edc de_scroll_animation_no elementor-widget elementor-widget-image\" data-id=\"8a42edc\" data-element_type=\"widget\" data-widget_type=\"image.default\">\n\t\t\t\t<div class=\"elementor-widget-container\">\n\t\t\t<style>\/*! elementor - v3.11.5 - 14-03-2023 *\/\n.elementor-widget-image{text-align:center}.elementor-widget-image a{display:inline-block}.elementor-widget-image a img[src$=\".svg\"]{width:48px}.elementor-widget-image img{vertical-align:middle;display:inline-block}<\/style>\t\t\t\t\t\t\t\t\t\t\t\t<img loading=\"lazy\" decoding=\"async\" width=\"853\" height=\"738\" src=\"https:\/\/therapydent.ro\/wp-content\/uploads\/2023\/05\/Ornament-83-1.png\" class=\"attachment-large size-large wp-image-2228\" alt=\"\" srcset=\"https:\/\/therapydent.ro\/wp-content\/uploads\/2023\/05\/Ornament-83-1.png 853w, https:\/\/therapydent.ro\/wp-content\/uploads\/2023\/05\/Ornament-83-1-300x260.png 300w, https:\/\/therapydent.ro\/wp-content\/uploads\/2023\/05\/Ornament-83-1-768x664.png 768w\" sizes=\"auto, (max-width: 853px) 100vw, 853px\" \/>\t\t\t\t\t\t\t\t\t\t\t\t\t\t\t<\/div>\n\t\t\t\t<\/div>\n\t\t\t\t<div class=\"elementor-element elementor-element-cc3b728 de_scroll_animation_no elementor-widget elementor-widget-image\" data-id=\"cc3b728\" data-element_type=\"widget\" data-widget_type=\"image.default\">\n\t\t\t\t<div class=\"elementor-widget-container\">\n\t\t\t\t\t\t\t\t\t\t\t\t\t\t\t<img loading=\"lazy\" decoding=\"async\" width=\"681\" height=\"1024\" src=\"https:\/\/therapydent.ro\/wp-content\/uploads\/2023\/05\/T.D-8849-681x1024.jpg\" class=\"attachment-large size-large wp-image-2181\" alt=\"\" srcset=\"https:\/\/therapydent.ro\/wp-content\/uploads\/2023\/05\/T.D-8849-681x1024.jpg 681w, https:\/\/therapydent.ro\/wp-content\/uploads\/2023\/05\/T.D-8849-200x300.jpg 200w, https:\/\/therapydent.ro\/wp-content\/uploads\/2023\/05\/T.D-8849-768x1154.jpg 768w, https:\/\/therapydent.ro\/wp-content\/uploads\/2023\/05\/T.D-8849-1022x1536.jpg 1022w, https:\/\/therapydent.ro\/wp-content\/uploads\/2023\/05\/T.D-8849-1363x2048.jpg 1363w, https:\/\/therapydent.ro\/wp-content\/uploads\/2023\/05\/T.D-8849-scaled.jpg 1703w\" sizes=\"auto, (max-width: 681px) 100vw, 681px\" \/>\t\t\t\t\t\t\t\t\t\t\t\t\t\t\t<\/div>\n\t\t\t\t<\/div>\n\t\t\t\t\t<\/div>\n\t\t<\/div>\n\t\t\t\t<div class=\"elementor-column elementor-col-50 elementor-inner-column elementor-element elementor-element-0bc5fc9\" data-id=\"0bc5fc9\" data-element_type=\"column\">\n\t\t\t<div class=\"elementor-widget-wrap elementor-element-populated\">\n\t\t\t\t\t\t\t\t<div class=\"elementor-element elementor-element-b9c3fcf elementor-position-left elementor-vertical-align-top de_scroll_animation_no elementor-widget elementor-widget-image-box\" data-id=\"b9c3fcf\" data-element_type=\"widget\" data-widget_type=\"image-box.default\">\n\t\t\t\t<div class=\"elementor-widget-container\">\n\t\t\t<style>\/*! elementor - v3.11.5 - 14-03-2023 *\/\n.elementor-widget-image-box .elementor-image-box-content{width:100%}@media (min-width:768px){.elementor-widget-image-box.elementor-position-left .elementor-image-box-wrapper,.elementor-widget-image-box.elementor-position-right .elementor-image-box-wrapper{display:flex}.elementor-widget-image-box.elementor-position-right .elementor-image-box-wrapper{text-align:right;flex-direction:row-reverse}.elementor-widget-image-box.elementor-position-left .elementor-image-box-wrapper{text-align:left;flex-direction:row}.elementor-widget-image-box.elementor-position-top .elementor-image-box-img{margin:auto}.elementor-widget-image-box.elementor-vertical-align-top .elementor-image-box-wrapper{align-items:flex-start}.elementor-widget-image-box.elementor-vertical-align-middle .elementor-image-box-wrapper{align-items:center}.elementor-widget-image-box.elementor-vertical-align-bottom .elementor-image-box-wrapper{align-items:flex-end}}@media (max-width:767px){.elementor-widget-image-box .elementor-image-box-img{margin-left:auto!important;margin-right:auto!important;margin-bottom:15px}}.elementor-widget-image-box .elementor-image-box-img{display:inline-block}.elementor-widget-image-box .elementor-image-box-title a{color:inherit}.elementor-widget-image-box .elementor-image-box-wrapper{text-align:center}.elementor-widget-image-box .elementor-image-box-description{margin:0}<\/style><div class=\"elementor-image-box-wrapper\"><div class=\"elementor-image-box-content\"><h3 class=\"elementor-image-box-title\">Dr. Georgiana Dragomir (V\u0103leanu)<\/h3><\/div><\/div>\t\t<\/div>\n\t\t\t\t<\/div>\n\t\t\t\t<div class=\"elementor-element elementor-element-72ed258 de_scroll_animation_no elementor-widget elementor-widget-text-editor\" data-id=\"72ed258\" data-element_type=\"widget\" data-widget_type=\"text-editor.default\">\n\t\t\t\t<div class=\"elementor-widget-container\">\n\t\t\t<style>\/*! elementor - v3.11.5 - 14-03-2023 *\/\n.elementor-widget-text-editor.elementor-drop-cap-view-stacked .elementor-drop-cap{background-color:#818a91;color:#fff}.elementor-widget-text-editor.elementor-drop-cap-view-framed .elementor-drop-cap{color:#818a91;border:3px solid;background-color:transparent}.elementor-widget-text-editor:not(.elementor-drop-cap-view-default) .elementor-drop-cap{margin-top:8px}.elementor-widget-text-editor:not(.elementor-drop-cap-view-default) .elementor-drop-cap-letter{width:1em;height:1em}.elementor-widget-text-editor .elementor-drop-cap{float:left;text-align:center;line-height:1;font-size:50px}.elementor-widget-text-editor .elementor-drop-cap-letter{display:inline-block}<\/style>\t\t\t\t<p>\"I have been swinging back and forth a lot between general medicine and dentistry, but looking back, I am proud of the choice I made. The dentist I was going to at the time, to perform various necessary dental treatments, inspired and convinced me to drop out of medical school, and apply to Dentistry. Today, I don't regret my choice at all.\"<\/p><p>Georgiana graduated from the Faculty of Dental Medicine at the University of Medicine and Pharmacy \"Carol Davila\" in 2018. She is currently a Dentist - Periodontology Specialist and is pursuing a second Residency - General Dentistry. Out of a desire to always be up to date with everything that is new in dentistry, Georgiana has attended a number of conferences, congresses and attended many courses: Fundamental prosthodontics course - Learning by doing (June 2023 - September 2023), Implant Prosthodontics course - Learning by doing (March 2023 - May 2023), Modular Dental Preparations course - Learning by doing (May 2022 - June 2022), Modular Direct Restorations course - Learning by doing (February 2022 - March 2022), Practical Periodontology course - Science Studies (July 2021), Bucharest dentistry summit 2019 Dental Leaders, One day composite with Dr. Dan Lazar Bucharest (September 2018).<\/p><p>The dentist's biggest challenge is...<\/p><p>\"Earning the trust of every patient who walks into your office. Why do I say that? Because most patients come in with a 'baggage' of fear accumulated over the years.\"<\/p>\t\t\t\t\t\t<\/div>\n\t\t\t\t<\/div>\n\t\t\t\t\t<\/div>\n\t\t<\/div>\n\t\t\t\t\t\t\t<\/div>\n\t\t<\/section>\n\t\t\t\t\t<\/div>\n\t\t<\/div>\n\t\t\t\t\t\t\t<\/div>\n\t\t<\/section>\n\t\t\t\t\t\t\t<\/div>","protected":false},"excerpt":{"rendered":"<p>ACAS\u0102> Dr. Georgiana Dragomir (V\u0103leanu) CUNOA\u0218TE ECHIPA Dr. Georgiana Dragomir (V\u0103leanu) \u201dAm oscilat mult \u00eentre medicina general\u0103 \u0219i stomatologie, \u00eens\u0103 privind restrospectiv, sunt m\u00e2ndr\u0103 de alegerea f\u0103cut\u0103. Medicul stomatolog la care mergeam la vremea aceea, pentru a-mi realiza diverse tratamente dentare necesare, m-a inspirat \u0219i convins s\u0103 renun\u021b la Facultatea de Medicin\u0103, \u0219i s\u0103 dau [&hellip;]<\/p>","protected":false},"author":1,"featured_media":0,"parent":0,"menu_order":0,"comment_status":"closed","ping_status":"closed","template":"elementor_canvas","meta":{"footnotes":""},"class_list":["post-2235","page","type-page","status-publish","hentry"],"yoast_head":"<!-- This site is optimized with the Yoast SEO plugin v20.6 - https:\/\/yoast.com\/wordpress\/plugins\/seo\/ -->\n<title>Dr. Georgiana Dragomir - therapydent.ro<\/title>\n<meta name=\"robots\" content=\"index, follow, max-snippet:-1, max-image-preview:large, max-video-preview:-1\" \/>\n<link rel=\"canonical\" href=\"https:\/\/therapydent.ro\/en\/dr-georgiana-dragomir\/\" \/>\n<meta property=\"og:locale\" content=\"en_US\" \/>\n<meta property=\"og:type\" content=\"article\" \/>\n<meta property=\"og:title\" content=\"Dr. Georgiana Dragomir - therapydent.ro\" \/>\n<meta property=\"og:description\" content=\"ACAS\u0102&gt; Dr. Georgiana Dragomir (V\u0103leanu) CUNOA\u0218TE ECHIPA Dr. Georgiana Dragomir (V\u0103leanu) \u201dAm oscilat mult \u00eentre medicina general\u0103 \u0219i stomatologie, \u00eens\u0103 privind restrospectiv, sunt m\u00e2ndr\u0103 de alegerea f\u0103cut\u0103. Medicul stomatolog la care mergeam la vremea aceea, pentru a-mi realiza diverse tratamente dentare necesare, m-a inspirat \u0219i convins s\u0103 renun\u021b la Facultatea de Medicin\u0103, \u0219i s\u0103 dau [&hellip;]\" \/>\n<meta property=\"og:url\" content=\"https:\/\/therapydent.ro\/en\/dr-georgiana-dragomir\/\" \/>\n<meta property=\"og:site_name\" content=\"therapydent.ro\" \/>\n<meta property=\"article:publisher\" content=\"https:\/\/www.facebook.com\/ClinicaTherapyDent\" \/>\n<meta property=\"article:modified_time\" content=\"2023-05-14T15:19:08+00:00\" \/>\n<meta property=\"og:image\" content=\"http:\/\/therapydent.ro\/wp-content\/uploads\/2023\/05\/Ornament-83-1.png\" \/>\n<meta name=\"twitter:card\" content=\"summary_large_image\" \/>\n<meta name=\"twitter:label1\" content=\"Est. reading time\" \/>\n\t<meta name=\"twitter:data1\" content=\"2 minutes\" \/>\n<script type=\"application\/ld+json\" class=\"yoast-schema-graph\">{\"@context\":\"https:\/\/schema.org\",\"@graph\":[{\"@type\":\"WebPage\",\"@id\":\"https:\/\/therapydent.ro\/dr-georgiana-dragomir\/\",\"url\":\"https:\/\/therapydent.ro\/dr-georgiana-dragomir\/\",\"name\":\"Dr. Georgiana Dragomir - therapydent.ro\",\"isPartOf\":{\"@id\":\"https:\/\/therapydent.ro\/#website\"},\"datePublished\":\"2023-05-05T21:31:00+00:00\",\"dateModified\":\"2023-05-14T15:19:08+00:00\",\"breadcrumb\":{\"@id\":\"https:\/\/therapydent.ro\/dr-georgiana-dragomir\/#breadcrumb\"},\"inLanguage\":\"en-US\",\"potentialAction\":[{\"@type\":\"ReadAction\",\"target\":[\"https:\/\/therapydent.ro\/dr-georgiana-dragomir\/\"]}]},{\"@type\":\"BreadcrumbList\",\"@id\":\"https:\/\/therapydent.ro\/dr-georgiana-dragomir\/#breadcrumb\",\"itemListElement\":[{\"@type\":\"ListItem\",\"position\":1,\"name\":\"Home\",\"item\":\"https:\/\/therapydent.ro\/\"},{\"@type\":\"ListItem\",\"position\":2,\"name\":\"Dr. Georgiana Dragomir\"}]},{\"@type\":\"WebSite\",\"@id\":\"https:\/\/therapydent.ro\/#website\",\"url\":\"https:\/\/therapydent.ro\/\",\"name\":\"therapydent.ro\",\"description\":\"Cabinet stomatologic\",\"publisher\":{\"@id\":\"https:\/\/therapydent.ro\/#organization\"},\"potentialAction\":[{\"@type\":\"SearchAction\",\"target\":{\"@type\":\"EntryPoint\",\"urlTemplate\":\"https:\/\/therapydent.ro\/?s={search_term_string}\"},\"query-input\":\"required name=search_term_string\"}],\"inLanguage\":\"en-US\"},{\"@type\":\"Organization\",\"@id\":\"https:\/\/therapydent.ro\/#organization\",\"name\":\"therapydent.ro\",\"url\":\"https:\/\/therapydent.ro\/\",\"logo\":{\"@type\":\"ImageObject\",\"inLanguage\":\"en-US\",\"@id\":\"https:\/\/therapydent.ro\/#\/schema\/logo\/image\/\",\"url\":\"https:\/\/therapydent.ro\/wp-content\/uploads\/2021\/12\/Logo-complet-multicolor.png\",\"contentUrl\":\"https:\/\/therapydent.ro\/wp-content\/uploads\/2021\/12\/Logo-complet-multicolor.png\",\"width\":1080,\"height\":243,\"caption\":\"therapydent.ro\"},\"image\":{\"@id\":\"https:\/\/therapydent.ro\/#\/schema\/logo\/image\/\"},\"sameAs\":[\"https:\/\/www.facebook.com\/ClinicaTherapyDent\",\"https:\/\/www.instagram.com\/therapy.dent\/?igshid=YmMyMTA2M2Y\"]}]}<\/script>\n<!-- \/ Yoast SEO plugin. -->","yoast_head_json":{"title":"Dr. Georgiana Dragomir - therapydent.ro","robots":{"index":"index","follow":"follow","max-snippet":"max-snippet:-1","max-image-preview":"max-image-preview:large","max-video-preview":"max-video-preview:-1"},"canonical":"https:\/\/therapydent.ro\/en\/dr-georgiana-dragomir\/","og_locale":"en_US","og_type":"article","og_title":"Dr. Georgiana Dragomir - therapydent.ro","og_description":"ACAS\u0102> Dr. Georgiana Dragomir (V\u0103leanu) CUNOA\u0218TE ECHIPA Dr. Georgiana Dragomir (V\u0103leanu) \u201dAm oscilat mult \u00eentre medicina general\u0103 \u0219i stomatologie, \u00eens\u0103 privind restrospectiv, sunt m\u00e2ndr\u0103 de alegerea f\u0103cut\u0103. Medicul stomatolog la care mergeam la vremea aceea, pentru a-mi realiza diverse tratamente dentare necesare, m-a inspirat \u0219i convins s\u0103 renun\u021b la Facultatea de Medicin\u0103, \u0219i s\u0103 dau [&hellip;]","og_url":"https:\/\/therapydent.ro\/en\/dr-georgiana-dragomir\/","og_site_name":"therapydent.ro","article_publisher":"https:\/\/www.facebook.com\/ClinicaTherapyDent","article_modified_time":"2023-05-14T15:19:08+00:00","og_image":[{"url":"http:\/\/therapydent.ro\/wp-content\/uploads\/2023\/05\/Ornament-83-1.png"}],"twitter_card":"summary_large_image","twitter_misc":{"Est. reading time":"2 minutes"},"schema":{"@context":"https:\/\/schema.org","@graph":[{"@type":"WebPage","@id":"https:\/\/therapydent.ro\/dr-georgiana-dragomir\/","url":"https:\/\/therapydent.ro\/dr-georgiana-dragomir\/","name":"Dr. Georgiana Dragomir - therapydent.ro","isPartOf":{"@id":"https:\/\/therapydent.ro\/#website"},"datePublished":"2023-05-05T21:31:00+00:00","dateModified":"2023-05-14T15:19:08+00:00","breadcrumb":{"@id":"https:\/\/therapydent.ro\/dr-georgiana-dragomir\/#breadcrumb"},"inLanguage":"en-US","potentialAction":[{"@type":"ReadAction","target":["https:\/\/therapydent.ro\/dr-georgiana-dragomir\/"]}]},{"@type":"BreadcrumbList","@id":"https:\/\/therapydent.ro\/dr-georgiana-dragomir\/#breadcrumb","itemListElement":[{"@type":"ListItem","position":1,"name":"Home","item":"https:\/\/therapydent.ro\/"},{"@type":"ListItem","position":2,"name":"Dr. Georgiana Dragomir"}]},{"@type":"WebSite","@id":"https:\/\/therapydent.ro\/#website","url":"https:\/\/therapydent.ro\/","name":"therapydent.ro","description":"Cabinet stomatologic","publisher":{"@id":"https:\/\/therapydent.ro\/#organization"},"potentialAction":[{"@type":"SearchAction","target":{"@type":"EntryPoint","urlTemplate":"https:\/\/therapydent.ro\/?s={search_term_string}"},"query-input":"required name=search_term_string"}],"inLanguage":"en-US"},{"@type":"Organization","@id":"https:\/\/therapydent.ro\/#organization","name":"therapydent.ro","url":"https:\/\/therapydent.ro\/","logo":{"@type":"ImageObject","inLanguage":"en-US","@id":"https:\/\/therapydent.ro\/#\/schema\/logo\/image\/","url":"https:\/\/therapydent.ro\/wp-content\/uploads\/2021\/12\/Logo-complet-multicolor.png","contentUrl":"https:\/\/therapydent.ro\/wp-content\/uploads\/2021\/12\/Logo-complet-multicolor.png","width":1080,"height":243,"caption":"therapydent.ro"},"image":{"@id":"https:\/\/therapydent.ro\/#\/schema\/logo\/image\/"},"sameAs":["https:\/\/www.facebook.com\/ClinicaTherapyDent","https:\/\/www.instagram.com\/therapy.dent\/?igshid=YmMyMTA2M2Y"]}]}},"_links":{"self":[{"href":"https:\/\/therapydent.ro\/en\/wp-json\/wp\/v2\/pages\/2235","targetHints":{"allow":["GET"]}}],"collection":[{"href":"https:\/\/therapydent.ro\/en\/wp-json\/wp\/v2\/pages"}],"about":[{"href":"https:\/\/therapydent.ro\/en\/wp-json\/wp\/v2\/types\/page"}],"author":[{"embeddable":true,"href":"https:\/\/therapydent.ro\/en\/wp-json\/wp\/v2\/users\/1"}],"replies":[{"embeddable":true,"href":"https:\/\/therapydent.ro\/en\/wp-json\/wp\/v2\/comments?post=2235"}],"version-history":[{"count":10,"href":"https:\/\/therapydent.ro\/en\/wp-json\/wp\/v2\/pages\/2235\/revisions"}],"predecessor-version":[{"id":2997,"href":"https:\/\/therapydent.ro\/en\/wp-json\/wp\/v2\/pages\/2235\/revisions\/2997"}],"wp:attachment":[{"href":"https:\/\/therapydent.ro\/en\/wp-json\/wp\/v2\/media?parent=2235"}],"curies":[{"name":"wp","href":"https:\/\/api.w.org\/{rel}","templated":true}]}}