{"id":2262,"date":"2023-05-05T21:38:41","date_gmt":"2023-05-05T21:38:41","guid":{"rendered":"https:\/\/therapydent.ro\/?page_id=2262"},"modified":"2025-04-04T07:29:38","modified_gmt":"2025-04-04T07:29:38","slug":"psihoterapeut-vicentiu-maftei","status":"publish","type":"page","link":"https:\/\/therapydent.ro\/en\/psihoterapeut-vicentiu-maftei\/","title":{"rendered":"Psihoterapeut Vicen\u021biu Maftei"},"content":{"rendered":"<div data-elementor-type=\"wp-page\" data-elementor-id=\"2262\" class=\"elementor elementor-2262\">\n\t\t\t\t\t\t\t\t\t<section class=\"elementor-section elementor-top-section elementor-element elementor-element-54810f0 elementor-section-height-min-height elementor-section-boxed elementor-section-height-default elementor-section-items-middle wpr-particle-no wpr-jarallax-no wpr-parallax-no wpr-sticky-section-no\" data-id=\"54810f0\" data-element_type=\"section\" data-settings=\"{&quot;background_background&quot;:&quot;classic&quot;,&quot;_ha_eqh_enable&quot;:false}\">\n\t\t\t\t\t\t\t<div class=\"elementor-background-overlay\"><\/div>\n\t\t\t\t\t\t\t<div class=\"elementor-container elementor-column-gap-default\">\n\t\t\t\t\t<div class=\"elementor-column elementor-col-100 elementor-top-column elementor-element elementor-element-4bbede0\" data-id=\"4bbede0\" data-element_type=\"column\">\n\t\t\t<div class=\"elementor-widget-wrap elementor-element-populated\">\n\t\t\t\t\t\t\t\t<div class=\"elementor-element elementor-element-a857fd6 de_scroll_animation_no elementor-widget elementor-widget-heading\" data-id=\"a857fd6\" data-element_type=\"widget\" data-widget_type=\"heading.default\">\n\t\t\t\t<div class=\"elementor-widget-container\">\n\t\t\t<style>\/*! elementor - v3.11.5 - 14-03-2023 *\/\n.elementor-heading-title{padding:0;margin:0;line-height:1}.elementor-widget-heading .elementor-heading-title[class*=elementor-size-]>a{color:inherit;font-size:inherit;line-height:inherit}.elementor-widget-heading .elementor-heading-title.elementor-size-small{font-size:15px}.elementor-widget-heading .elementor-heading-title.elementor-size-medium{font-size:19px}.elementor-widget-heading .elementor-heading-title.elementor-size-large{font-size:29px}.elementor-widget-heading .elementor-heading-title.elementor-size-xl{font-size:39px}.elementor-widget-heading .elementor-heading-title.elementor-size-xxl{font-size:59px}<\/style><h2 class=\"elementor-heading-title elementor-size-default\">Home &gt; Clinical Psychologist, Psychotherapist Vicen\u021biu Maftei<\/h2>\t\t<\/div>\n\t\t\t\t<\/div>\n\t\t\t\t<div class=\"elementor-element elementor-element-35eecfa premium-header-block premium-header-inline de_scroll_animation_no elementor-widget elementor-widget-premium-addon-dual-header\" data-id=\"35eecfa\" data-element_type=\"widget\" data-widget_type=\"premium-addon-dual-header.default\">\n\t\t\t\t<div class=\"elementor-widget-container\">\n\t\t\t\n\t\t\t\t\t<h2 class=\"premium-dual-header-first-header\"><span class=\"premium-dual-header-first-span\">MEET <\/span><span class=\"premium-dual-header-second-header\">THE TEAM<\/span><\/h2> \t\t\n\t\t\t\t<\/div>\n\t\t\t\t<\/div>\n\t\t\t\t<div class=\"elementor-element elementor-element-70f49fd elementor-view-stacked elementor-shape-circle de_scroll_animation_no elementor-widget elementor-widget-icon\" data-id=\"70f49fd\" data-element_type=\"widget\" data-widget_type=\"icon.default\">\n\t\t\t\t<div class=\"elementor-widget-container\">\n\t\t\t\t\t<div class=\"elementor-icon-wrapper\">\n\t\t\t<div class=\"elementor-icon\">\n\t\t\t<i aria-hidden=\"true\" class=\"fas fa-arrow-down\"><\/i>\t\t\t<\/div>\n\t\t<\/div>\n\t\t\t\t<\/div>\n\t\t\t\t<\/div>\n\t\t\t\t\t<\/div>\n\t\t<\/div>\n\t\t\t\t\t\t\t<\/div>\n\t\t<\/section>\n\t\t\t\t<section class=\"elementor-section elementor-top-section elementor-element elementor-element-4fcddd6 elementor-section-boxed elementor-section-height-default elementor-section-height-default wpr-particle-no wpr-jarallax-no wpr-parallax-no wpr-sticky-section-no\" data-id=\"4fcddd6\" data-element_type=\"section\" data-settings=\"{&quot;_ha_eqh_enable&quot;:false}\">\n\t\t\t\t\t\t<div class=\"elementor-container elementor-column-gap-default\">\n\t\t\t\t\t<div class=\"elementor-column elementor-col-100 elementor-top-column elementor-element elementor-element-fcf1683\" data-id=\"fcf1683\" data-element_type=\"column\">\n\t\t\t<div class=\"elementor-widget-wrap elementor-element-populated\">\n\t\t\t\t\t\t\t\t<section class=\"elementor-section elementor-inner-section elementor-element elementor-element-b9987e1 elementor-section-boxed elementor-section-height-default elementor-section-height-default wpr-particle-no wpr-jarallax-no wpr-parallax-no wpr-sticky-section-no\" data-id=\"b9987e1\" data-element_type=\"section\" data-settings=\"{&quot;_ha_eqh_enable&quot;:false}\">\n\t\t\t\t\t\t<div class=\"elementor-container elementor-column-gap-default\">\n\t\t\t\t\t<div class=\"elementor-column elementor-col-50 elementor-inner-column elementor-element elementor-element-6a67945\" data-id=\"6a67945\" data-element_type=\"column\">\n\t\t\t<div class=\"elementor-widget-wrap elementor-element-populated\">\n\t\t\t\t\t\t\t\t<div class=\"elementor-element elementor-element-87ed28a de_scroll_animation_no elementor-widget elementor-widget-image\" data-id=\"87ed28a\" data-element_type=\"widget\" data-widget_type=\"image.default\">\n\t\t\t\t<div class=\"elementor-widget-container\">\n\t\t\t<style>\/*! elementor - v3.11.5 - 14-03-2023 *\/\n.elementor-widget-image{text-align:center}.elementor-widget-image a{display:inline-block}.elementor-widget-image a img[src$=\".svg\"]{width:48px}.elementor-widget-image img{vertical-align:middle;display:inline-block}<\/style>\t\t\t\t\t\t\t\t\t\t\t\t<img loading=\"lazy\" decoding=\"async\" width=\"853\" height=\"738\" src=\"https:\/\/therapydent.ro\/wp-content\/uploads\/2023\/05\/Ornament-83-1.png\" class=\"attachment-large size-large wp-image-2228\" alt=\"\" srcset=\"https:\/\/therapydent.ro\/wp-content\/uploads\/2023\/05\/Ornament-83-1.png 853w, https:\/\/therapydent.ro\/wp-content\/uploads\/2023\/05\/Ornament-83-1-300x260.png 300w, https:\/\/therapydent.ro\/wp-content\/uploads\/2023\/05\/Ornament-83-1-768x664.png 768w\" sizes=\"auto, (max-width: 853px) 100vw, 853px\" \/>\t\t\t\t\t\t\t\t\t\t\t\t\t\t\t<\/div>\n\t\t\t\t<\/div>\n\t\t\t\t<div class=\"elementor-element elementor-element-cb4ce04 de_scroll_animation_no elementor-widget elementor-widget-image\" data-id=\"cb4ce04\" data-element_type=\"widget\" data-widget_type=\"image.default\">\n\t\t\t\t<div class=\"elementor-widget-container\">\n\t\t\t\t\t\t\t\t\t\t\t\t\t\t\t<img loading=\"lazy\" decoding=\"async\" width=\"768\" height=\"1024\" src=\"https:\/\/therapydent.ro\/wp-content\/uploads\/2025\/03\/305d5e3d-dbef-40d0-a62b-451274d8fa82-768x1024.jpeg\" class=\"attachment-large size-large wp-image-3918\" alt=\"\" srcset=\"https:\/\/therapydent.ro\/wp-content\/uploads\/2025\/03\/305d5e3d-dbef-40d0-a62b-451274d8fa82-768x1024.jpeg 768w, https:\/\/therapydent.ro\/wp-content\/uploads\/2025\/03\/305d5e3d-dbef-40d0-a62b-451274d8fa82-225x300.jpeg 225w, https:\/\/therapydent.ro\/wp-content\/uploads\/2025\/03\/305d5e3d-dbef-40d0-a62b-451274d8fa82-1152x1536.jpeg 1152w, https:\/\/therapydent.ro\/wp-content\/uploads\/2025\/03\/305d5e3d-dbef-40d0-a62b-451274d8fa82-9x12.jpeg 9w, https:\/\/therapydent.ro\/wp-content\/uploads\/2025\/03\/305d5e3d-dbef-40d0-a62b-451274d8fa82-600x800.jpeg 600w, https:\/\/therapydent.ro\/wp-content\/uploads\/2025\/03\/305d5e3d-dbef-40d0-a62b-451274d8fa82.jpeg 1200w\" sizes=\"auto, (max-width: 768px) 100vw, 768px\" \/>\t\t\t\t\t\t\t\t\t\t\t\t\t\t\t<\/div>\n\t\t\t\t<\/div>\n\t\t\t\t\t<\/div>\n\t\t<\/div>\n\t\t\t\t<div class=\"elementor-column elementor-col-50 elementor-inner-column elementor-element elementor-element-5691123\" data-id=\"5691123\" data-element_type=\"column\">\n\t\t\t<div class=\"elementor-widget-wrap elementor-element-populated\">\n\t\t\t\t\t\t\t\t<div class=\"elementor-element elementor-element-db46288 elementor-position-left elementor-vertical-align-top de_scroll_animation_no elementor-widget elementor-widget-image-box\" data-id=\"db46288\" data-element_type=\"widget\" data-widget_type=\"image-box.default\">\n\t\t\t\t<div class=\"elementor-widget-container\">\n\t\t\t<style>\/*! elementor - v3.11.5 - 14-03-2023 *\/\n.elementor-widget-image-box .elementor-image-box-content{width:100%}@media (min-width:768px){.elementor-widget-image-box.elementor-position-left .elementor-image-box-wrapper,.elementor-widget-image-box.elementor-position-right .elementor-image-box-wrapper{display:flex}.elementor-widget-image-box.elementor-position-right .elementor-image-box-wrapper{text-align:right;flex-direction:row-reverse}.elementor-widget-image-box.elementor-position-left .elementor-image-box-wrapper{text-align:left;flex-direction:row}.elementor-widget-image-box.elementor-position-top .elementor-image-box-img{margin:auto}.elementor-widget-image-box.elementor-vertical-align-top .elementor-image-box-wrapper{align-items:flex-start}.elementor-widget-image-box.elementor-vertical-align-middle .elementor-image-box-wrapper{align-items:center}.elementor-widget-image-box.elementor-vertical-align-bottom .elementor-image-box-wrapper{align-items:flex-end}}@media (max-width:767px){.elementor-widget-image-box .elementor-image-box-img{margin-left:auto!important;margin-right:auto!important;margin-bottom:15px}}.elementor-widget-image-box .elementor-image-box-img{display:inline-block}.elementor-widget-image-box .elementor-image-box-title a{color:inherit}.elementor-widget-image-box .elementor-image-box-wrapper{text-align:center}.elementor-widget-image-box .elementor-image-box-description{margin:0}<\/style><div class=\"elementor-image-box-wrapper\"><div class=\"elementor-image-box-content\"><h3 class=\"elementor-image-box-title\">Clinical Psychologist, Psychotherapist Vicen\u021biu Maftei<\/h3><\/div><\/div>\t\t<\/div>\n\t\t\t\t<\/div>\n\t\t\t\t<div class=\"elementor-element elementor-element-ee1388c de_scroll_animation_no elementor-widget elementor-widget-text-editor\" data-id=\"ee1388c\" data-element_type=\"widget\" data-widget_type=\"text-editor.default\">\n\t\t\t\t<div class=\"elementor-widget-container\">\n\t\t\t<style>\/*! elementor - v3.11.5 - 14-03-2023 *\/\n.elementor-widget-text-editor.elementor-drop-cap-view-stacked .elementor-drop-cap{background-color:#818a91;color:#fff}.elementor-widget-text-editor.elementor-drop-cap-view-framed .elementor-drop-cap{color:#818a91;border:3px solid;background-color:transparent}.elementor-widget-text-editor:not(.elementor-drop-cap-view-default) .elementor-drop-cap{margin-top:8px}.elementor-widget-text-editor:not(.elementor-drop-cap-view-default) .elementor-drop-cap-letter{width:1em;height:1em}.elementor-widget-text-editor .elementor-drop-cap{float:left;text-align:center;line-height:1;font-size:50px}.elementor-widget-text-editor .elementor-drop-cap-letter{display:inline-block}<\/style>\t\t\t\t<p>\"I became a psychologist out of a need to understand myself, I felt there was too much unsaid in me. All kinds of states, contradictions, difficulties in interpersonal relationships. I felt the need for a minimum of coherence, to understand how they were formed, where they came from, what my sensitive areas were. Today, I owe a lot to psychology, I have become a father, a husband, a better man even than I imagined.\"<\/p><p>Vicen\u021biu is a Clinical Psychologist, Psychotherapist, Profiler. He has more than 20 years of experience with outstanding results in the field.<\/p><p>When he's not devoting his time to people, Vincent is looking to buy his time - as he likes to say. \"I try hard to stick to a schedule that's good for me: sports every day, then reading and a bit of writing, with good music in the background. This is time for me and it's one of the best times of the day, where I connect with myself, I calm down.\" His evenings are spent with his family.<\/p><p>His biggest challenge as a psychologist is...<\/p><p>\"There's this fantasy, if you come to a psychologist, he solves a lot of your problems. When, in fact, we do the work together, as a team. Yes, the psychologist has a training, a life or practice experience, but the inner contents of the client (cognitive and emotional) are very personal, he interpreted them and felt them in a certain way. The psychologist must try to get to the root of the associations with the client, to what those contents mean to him. The big challenge for me is to go with the client on a deeper analysis, on the chain of his associations, but often the client defends, runs away, avoids. And I have to respect his time, come back, try again. With those who have a great difficulty in self-analysis things go a little more slowly. Sometimes I feel that this is a challenge for me.\"<\/p>\t\t\t\t\t\t<\/div>\n\t\t\t\t<\/div>\n\t\t\t\t\t<\/div>\n\t\t<\/div>\n\t\t\t\t\t\t\t<\/div>\n\t\t<\/section>\n\t\t\t\t\t<\/div>\n\t\t<\/div>\n\t\t\t\t\t\t\t<\/div>\n\t\t<\/section>\n\t\t\t\t\t\t\t<\/div>","protected":false},"excerpt":{"rendered":"<p>ACAS\u0102> Psiholog Clinician, Psihoterapeut Vicen\u021biu Maftei CUNOA\u0218TE ECHIPA Psiholog Clinician, Psihoterapeut Vicen\u021biu Maftei &#8222;Am devenit psiholog din nevoia de a m\u0103 \u00een\u021belege, sim\u021beam c\u0103 sunt prea multe neasezate \u00een mine. St\u0103ri de tot felul, contradic\u021b\u00eei, dificult\u0103\u021bi \u00een rela\u021biile interpersonale. Am sim\u021bit nevoia de o minim\u0103 coeren\u021b\u0103, s\u0103 pricep cum s-au format, de unde mi se [&hellip;]<\/p>","protected":false},"author":1,"featured_media":0,"parent":0,"menu_order":0,"comment_status":"closed","ping_status":"closed","template":"elementor_canvas","meta":{"footnotes":""},"class_list":["post-2262","page","type-page","status-publish","hentry"],"yoast_head":"<!-- This site is optimized with the Yoast SEO plugin v20.6 - https:\/\/yoast.com\/wordpress\/plugins\/seo\/ -->\n<title>Psihoterapeut Vicen\u021biu Maftei - therapydent.ro<\/title>\n<meta name=\"robots\" content=\"index, follow, max-snippet:-1, max-image-preview:large, max-video-preview:-1\" \/>\n<link rel=\"canonical\" href=\"https:\/\/therapydent.ro\/en\/psihoterapeut-vicentiu-maftei\/\" \/>\n<meta property=\"og:locale\" content=\"en_US\" \/>\n<meta property=\"og:type\" content=\"article\" \/>\n<meta property=\"og:title\" content=\"Psihoterapeut Vicen\u021biu Maftei - therapydent.ro\" \/>\n<meta property=\"og:description\" content=\"ACAS\u0102&gt; Psiholog Clinician, Psihoterapeut Vicen\u021biu Maftei CUNOA\u0218TE ECHIPA Psiholog Clinician, Psihoterapeut Vicen\u021biu Maftei &#8222;Am devenit psiholog din nevoia de a m\u0103 \u00een\u021belege, sim\u021beam c\u0103 sunt prea multe neasezate \u00een mine. St\u0103ri de tot felul, contradic\u021b\u00eei, dificult\u0103\u021bi \u00een rela\u021biile interpersonale. Am sim\u021bit nevoia de o minim\u0103 coeren\u021b\u0103, s\u0103 pricep cum s-au format, de unde mi se [&hellip;]\" \/>\n<meta property=\"og:url\" content=\"https:\/\/therapydent.ro\/en\/psihoterapeut-vicentiu-maftei\/\" \/>\n<meta property=\"og:site_name\" content=\"therapydent.ro\" \/>\n<meta property=\"article:publisher\" content=\"https:\/\/www.facebook.com\/ClinicaTherapyDent\" \/>\n<meta property=\"article:modified_time\" content=\"2025-04-04T07:29:38+00:00\" \/>\n<meta property=\"og:image\" content=\"http:\/\/therapydent.ro\/wp-content\/uploads\/2023\/05\/Ornament-83-1.png\" \/>\n<meta name=\"twitter:card\" content=\"summary_large_image\" \/>\n<meta name=\"twitter:label1\" content=\"Est. reading time\" \/>\n\t<meta name=\"twitter:data1\" content=\"2 minutes\" \/>\n<script type=\"application\/ld+json\" class=\"yoast-schema-graph\">{\"@context\":\"https:\/\/schema.org\",\"@graph\":[{\"@type\":\"WebPage\",\"@id\":\"https:\/\/therapydent.ro\/psihoterapeut-vicentiu-maftei\/\",\"url\":\"https:\/\/therapydent.ro\/psihoterapeut-vicentiu-maftei\/\",\"name\":\"Psihoterapeut Vicen\u021biu Maftei - therapydent.ro\",\"isPartOf\":{\"@id\":\"https:\/\/therapydent.ro\/#website\"},\"datePublished\":\"2023-05-05T21:38:41+00:00\",\"dateModified\":\"2025-04-04T07:29:38+00:00\",\"breadcrumb\":{\"@id\":\"https:\/\/therapydent.ro\/psihoterapeut-vicentiu-maftei\/#breadcrumb\"},\"inLanguage\":\"en-US\",\"potentialAction\":[{\"@type\":\"ReadAction\",\"target\":[\"https:\/\/therapydent.ro\/psihoterapeut-vicentiu-maftei\/\"]}]},{\"@type\":\"BreadcrumbList\",\"@id\":\"https:\/\/therapydent.ro\/psihoterapeut-vicentiu-maftei\/#breadcrumb\",\"itemListElement\":[{\"@type\":\"ListItem\",\"position\":1,\"name\":\"Home\",\"item\":\"https:\/\/therapydent.ro\/\"},{\"@type\":\"ListItem\",\"position\":2,\"name\":\"Psihoterapeut Vicen\u021biu Maftei\"}]},{\"@type\":\"WebSite\",\"@id\":\"https:\/\/therapydent.ro\/#website\",\"url\":\"https:\/\/therapydent.ro\/\",\"name\":\"therapydent.ro\",\"description\":\"Cabinet stomatologic\",\"publisher\":{\"@id\":\"https:\/\/therapydent.ro\/#organization\"},\"potentialAction\":[{\"@type\":\"SearchAction\",\"target\":{\"@type\":\"EntryPoint\",\"urlTemplate\":\"https:\/\/therapydent.ro\/?s={search_term_string}\"},\"query-input\":\"required name=search_term_string\"}],\"inLanguage\":\"en-US\"},{\"@type\":\"Organization\",\"@id\":\"https:\/\/therapydent.ro\/#organization\",\"name\":\"therapydent.ro\",\"url\":\"https:\/\/therapydent.ro\/\",\"logo\":{\"@type\":\"ImageObject\",\"inLanguage\":\"en-US\",\"@id\":\"https:\/\/therapydent.ro\/#\/schema\/logo\/image\/\",\"url\":\"https:\/\/therapydent.ro\/wp-content\/uploads\/2021\/12\/Logo-complet-multicolor.png\",\"contentUrl\":\"https:\/\/therapydent.ro\/wp-content\/uploads\/2021\/12\/Logo-complet-multicolor.png\",\"width\":1080,\"height\":243,\"caption\":\"therapydent.ro\"},\"image\":{\"@id\":\"https:\/\/therapydent.ro\/#\/schema\/logo\/image\/\"},\"sameAs\":[\"https:\/\/www.facebook.com\/ClinicaTherapyDent\",\"https:\/\/www.instagram.com\/therapy.dent\/?igshid=YmMyMTA2M2Y\"]}]}<\/script>\n<!-- \/ Yoast SEO plugin. -->","yoast_head_json":{"title":"Psihoterapeut Vicen\u021biu Maftei - therapydent.ro","robots":{"index":"index","follow":"follow","max-snippet":"max-snippet:-1","max-image-preview":"max-image-preview:large","max-video-preview":"max-video-preview:-1"},"canonical":"https:\/\/therapydent.ro\/en\/psihoterapeut-vicentiu-maftei\/","og_locale":"en_US","og_type":"article","og_title":"Psihoterapeut Vicen\u021biu Maftei - therapydent.ro","og_description":"ACAS\u0102> Psiholog Clinician, Psihoterapeut Vicen\u021biu Maftei CUNOA\u0218TE ECHIPA Psiholog Clinician, Psihoterapeut Vicen\u021biu Maftei &#8222;Am devenit psiholog din nevoia de a m\u0103 \u00een\u021belege, sim\u021beam c\u0103 sunt prea multe neasezate \u00een mine. St\u0103ri de tot felul, contradic\u021b\u00eei, dificult\u0103\u021bi \u00een rela\u021biile interpersonale. Am sim\u021bit nevoia de o minim\u0103 coeren\u021b\u0103, s\u0103 pricep cum s-au format, de unde mi se [&hellip;]","og_url":"https:\/\/therapydent.ro\/en\/psihoterapeut-vicentiu-maftei\/","og_site_name":"therapydent.ro","article_publisher":"https:\/\/www.facebook.com\/ClinicaTherapyDent","article_modified_time":"2025-04-04T07:29:38+00:00","og_image":[{"url":"http:\/\/therapydent.ro\/wp-content\/uploads\/2023\/05\/Ornament-83-1.png"}],"twitter_card":"summary_large_image","twitter_misc":{"Est. reading time":"2 minutes"},"schema":{"@context":"https:\/\/schema.org","@graph":[{"@type":"WebPage","@id":"https:\/\/therapydent.ro\/psihoterapeut-vicentiu-maftei\/","url":"https:\/\/therapydent.ro\/psihoterapeut-vicentiu-maftei\/","name":"Psihoterapeut Vicen\u021biu Maftei - therapydent.ro","isPartOf":{"@id":"https:\/\/therapydent.ro\/#website"},"datePublished":"2023-05-05T21:38:41+00:00","dateModified":"2025-04-04T07:29:38+00:00","breadcrumb":{"@id":"https:\/\/therapydent.ro\/psihoterapeut-vicentiu-maftei\/#breadcrumb"},"inLanguage":"en-US","potentialAction":[{"@type":"ReadAction","target":["https:\/\/therapydent.ro\/psihoterapeut-vicentiu-maftei\/"]}]},{"@type":"BreadcrumbList","@id":"https:\/\/therapydent.ro\/psihoterapeut-vicentiu-maftei\/#breadcrumb","itemListElement":[{"@type":"ListItem","position":1,"name":"Home","item":"https:\/\/therapydent.ro\/"},{"@type":"ListItem","position":2,"name":"Psihoterapeut Vicen\u021biu Maftei"}]},{"@type":"WebSite","@id":"https:\/\/therapydent.ro\/#website","url":"https:\/\/therapydent.ro\/","name":"therapydent.ro","description":"Cabinet stomatologic","publisher":{"@id":"https:\/\/therapydent.ro\/#organization"},"potentialAction":[{"@type":"SearchAction","target":{"@type":"EntryPoint","urlTemplate":"https:\/\/therapydent.ro\/?s={search_term_string}"},"query-input":"required name=search_term_string"}],"inLanguage":"en-US"},{"@type":"Organization","@id":"https:\/\/therapydent.ro\/#organization","name":"therapydent.ro","url":"https:\/\/therapydent.ro\/","logo":{"@type":"ImageObject","inLanguage":"en-US","@id":"https:\/\/therapydent.ro\/#\/schema\/logo\/image\/","url":"https:\/\/therapydent.ro\/wp-content\/uploads\/2021\/12\/Logo-complet-multicolor.png","contentUrl":"https:\/\/therapydent.ro\/wp-content\/uploads\/2021\/12\/Logo-complet-multicolor.png","width":1080,"height":243,"caption":"therapydent.ro"},"image":{"@id":"https:\/\/therapydent.ro\/#\/schema\/logo\/image\/"},"sameAs":["https:\/\/www.facebook.com\/ClinicaTherapyDent","https:\/\/www.instagram.com\/therapy.dent\/?igshid=YmMyMTA2M2Y"]}]}},"_links":{"self":[{"href":"https:\/\/therapydent.ro\/en\/wp-json\/wp\/v2\/pages\/2262","targetHints":{"allow":["GET"]}}],"collection":[{"href":"https:\/\/therapydent.ro\/en\/wp-json\/wp\/v2\/pages"}],"about":[{"href":"https:\/\/therapydent.ro\/en\/wp-json\/wp\/v2\/types\/page"}],"author":[{"embeddable":true,"href":"https:\/\/therapydent.ro\/en\/wp-json\/wp\/v2\/users\/1"}],"replies":[{"embeddable":true,"href":"https:\/\/therapydent.ro\/en\/wp-json\/wp\/v2\/comments?post=2262"}],"version-history":[{"count":15,"href":"https:\/\/therapydent.ro\/en\/wp-json\/wp\/v2\/pages\/2262\/revisions"}],"predecessor-version":[{"id":3939,"href":"https:\/\/therapydent.ro\/en\/wp-json\/wp\/v2\/pages\/2262\/revisions\/3939"}],"wp:attachment":[{"href":"https:\/\/therapydent.ro\/en\/wp-json\/wp\/v2\/media?parent=2262"}],"curies":[{"name":"wp","href":"https:\/\/api.w.org\/{rel}","templated":true}]}}