{"id":2366,"date":"2023-05-05T22:53:39","date_gmt":"2023-05-05T22:53:39","guid":{"rendered":"https:\/\/therapydent.ro\/?page_id=2366"},"modified":"2023-05-26T10:34:24","modified_gmt":"2023-05-26T10:34:24","slug":"albirea-dentara-cu-laserul-stomatologic","status":"publish","type":"page","link":"https:\/\/therapydent.ro\/en\/albirea-dentara-cu-laserul-stomatologic\/","title":{"rendered":"Dental laser teeth whitening"},"content":{"rendered":"<div data-elementor-type=\"wp-page\" data-elementor-id=\"2366\" class=\"elementor elementor-2366\">\n\t\t\t\t\t\t\t\t\t<section class=\"elementor-section elementor-top-section elementor-element elementor-element-51ca878 elementor-section-height-min-height elementor-section-boxed elementor-section-height-default elementor-section-items-middle wpr-particle-no wpr-jarallax-no wpr-parallax-no wpr-sticky-section-no\" data-id=\"51ca878\" data-element_type=\"section\" data-settings=\"{&quot;background_background&quot;:&quot;classic&quot;,&quot;_ha_eqh_enable&quot;:false}\">\n\t\t\t\t\t\t\t<div class=\"elementor-background-overlay\"><\/div>\n\t\t\t\t\t\t\t<div class=\"elementor-container elementor-column-gap-default\">\n\t\t\t\t\t<div class=\"elementor-column elementor-col-100 elementor-top-column elementor-element elementor-element-5ad7e6a\" data-id=\"5ad7e6a\" data-element_type=\"column\">\n\t\t\t<div class=\"elementor-widget-wrap elementor-element-populated\">\n\t\t\t\t\t\t\t\t<div class=\"elementor-element elementor-element-3c30006 de_scroll_animation_no elementor-widget elementor-widget-heading\" data-id=\"3c30006\" data-element_type=\"widget\" data-widget_type=\"heading.default\">\n\t\t\t\t<div class=\"elementor-widget-container\">\n\t\t\t<style>\/*! elementor - v3.11.5 - 14-03-2023 *\/\n.elementor-heading-title{padding:0;margin:0;line-height:1}.elementor-widget-heading .elementor-heading-title[class*=elementor-size-]>a{color:inherit;font-size:inherit;line-height:inherit}.elementor-widget-heading .elementor-heading-title.elementor-size-small{font-size:15px}.elementor-widget-heading .elementor-heading-title.elementor-size-medium{font-size:19px}.elementor-widget-heading .elementor-heading-title.elementor-size-large{font-size:29px}.elementor-widget-heading .elementor-heading-title.elementor-size-xl{font-size:39px}.elementor-widget-heading .elementor-heading-title.elementor-size-xxl{font-size:59px}<\/style><h2 class=\"elementor-heading-title elementor-size-default\">Home &gt; Dental laser teeth whitening<\/h2>\t\t<\/div>\n\t\t\t\t<\/div>\n\t\t\t\t<div class=\"elementor-element elementor-element-402a4a4 premium-header-block premium-header-inline de_scroll_animation_no elementor-widget elementor-widget-premium-addon-dual-header\" data-id=\"402a4a4\" data-element_type=\"widget\" data-widget_type=\"premium-addon-dual-header.default\">\n\t\t\t\t<div class=\"elementor-widget-container\">\n\t\t\t\n\t\t\t\t\t<h2 class=\"premium-dual-header-first-header\"><span class=\"premium-dual-header-first-span\">DENTAL  <\/span><span class=\"premium-dual-header-second-header\">TREATMENTS<\/span><\/h2> \t\t\n\t\t\t\t<\/div>\n\t\t\t\t<\/div>\n\t\t\t\t<div class=\"elementor-element elementor-element-8aa809e elementor-view-stacked elementor-shape-circle de_scroll_animation_no elementor-widget elementor-widget-icon\" data-id=\"8aa809e\" data-element_type=\"widget\" data-widget_type=\"icon.default\">\n\t\t\t\t<div class=\"elementor-widget-container\">\n\t\t\t\t\t<div class=\"elementor-icon-wrapper\">\n\t\t\t<div class=\"elementor-icon\">\n\t\t\t<i aria-hidden=\"true\" class=\"fas fa-arrow-down\"><\/i>\t\t\t<\/div>\n\t\t<\/div>\n\t\t\t\t<\/div>\n\t\t\t\t<\/div>\n\t\t\t\t\t<\/div>\n\t\t<\/div>\n\t\t\t\t\t\t\t<\/div>\n\t\t<\/section>\n\t\t\t\t<section class=\"elementor-section elementor-top-section elementor-element elementor-element-7ca97702 elementor-section-boxed elementor-section-height-default elementor-section-height-default wpr-particle-no wpr-jarallax-no wpr-parallax-no wpr-sticky-section-no\" data-id=\"7ca97702\" data-element_type=\"section\" data-settings=\"{&quot;background_background&quot;:&quot;classic&quot;,&quot;_ha_eqh_enable&quot;:false}\">\n\t\t\t\t\t\t\t<div class=\"elementor-background-overlay\"><\/div>\n\t\t\t\t\t\t\t<div class=\"elementor-container elementor-column-gap-default\">\n\t\t\t\t\t<div class=\"elementor-column elementor-col-50 elementor-top-column elementor-element elementor-element-6c868fed\" data-id=\"6c868fed\" data-element_type=\"column\">\n\t\t\t<div class=\"elementor-widget-wrap elementor-element-populated\">\n\t\t\t\t\t\t\t\t<div class=\"elementor-element elementor-element-272a00d8 de_scroll_animation_no elementor-widget elementor-widget-heading\" data-id=\"272a00d8\" data-element_type=\"widget\" data-widget_type=\"heading.default\">\n\t\t\t\t<div class=\"elementor-widget-container\">\n\t\t\t<h3 class=\"elementor-heading-title elementor-size-default\">Dental laser teeth whitening<\/h3>\t\t<\/div>\n\t\t\t\t<\/div>\n\t\t\t\t<div class=\"elementor-element elementor-element-68a281f0 de_scroll_animation_no elementor-widget elementor-widget-text-editor\" data-id=\"68a281f0\" data-element_type=\"widget\" data-widget_type=\"text-editor.default\">\n\t\t\t\t<div class=\"elementor-widget-container\">\n\t\t\t<style>\/*! elementor - v3.11.5 - 14-03-2023 *\/\n.elementor-widget-text-editor.elementor-drop-cap-view-stacked .elementor-drop-cap{background-color:#818a91;color:#fff}.elementor-widget-text-editor.elementor-drop-cap-view-framed .elementor-drop-cap{color:#818a91;border:3px solid;background-color:transparent}.elementor-widget-text-editor:not(.elementor-drop-cap-view-default) .elementor-drop-cap{margin-top:8px}.elementor-widget-text-editor:not(.elementor-drop-cap-view-default) .elementor-drop-cap-letter{width:1em;height:1em}.elementor-widget-text-editor .elementor-drop-cap{float:left;text-align:center;line-height:1;font-size:50px}.elementor-widget-text-editor .elementor-drop-cap-letter{display:inline-block}<\/style>\t\t\t\t<p>We all want to have a beautiful smile, so teeth whitening with Medency's Triplo Diode Laser is one of the most requested treatments. The procedure is quick and simple. The gums are protected by a special gel. Simultaneously, another gel (which contains hydrogen peroxide and has a whitening effect) is applied on the teeth, and the dental laser is used to intensify and accelerate the action of the substances.<\/p><p>Dental laser teeth whitening takes about an hour and the results are visible immediately. Teeth whitening is restored from the first session, with no side effects such as tooth sensitivity. Although the dental laser provides the best results, you should bear in mind that the degree of whitening of teeth can vary from patient to patient depending on the condition of the teeth.<\/p><p><strong>POST WHITENING RECOMMENDATIONS<\/strong><\/p><p>In order to protect the surface of the teeth and the result obtained, the procedure is accompanied by a number of restrictions, especially in the first days after the tooth whitening:<\/p>\t\t\t\t\t\t<\/div>\n\t\t\t\t<\/div>\n\t\t\t\t<div class=\"elementor-element elementor-element-fab5c81 elementor-view-stacked elementor-position-left elementor-tablet-position-left elementor-mobile-position-left elementor-widget__width-initial elementor-widget-tablet__width-initial elementor-shape-circle elementor-vertical-align-top de_scroll_animation_no elementor-widget elementor-widget-icon-box\" data-id=\"fab5c81\" data-element_type=\"widget\" data-widget_type=\"icon-box.default\">\n\t\t\t\t<div class=\"elementor-widget-container\">\n\t\t\t<link rel=\"stylesheet\" href=\"https:\/\/therapydent.ro\/wp-content\/plugins\/elementor\/assets\/css\/widget-icon-box.min.css\">\t\t<div class=\"elementor-icon-box-wrapper\">\n\t\t\t\t\t\t<div class=\"elementor-icon-box-icon\">\n\t\t\t\t<span class=\"elementor-icon elementor-animation-\" >\n\t\t\t\t<i aria-hidden=\"true\" class=\"fas fa-check-circle\"><\/i>\t\t\t\t<\/span>\n\t\t\t<\/div>\n\t\t\t\t\t\t<div class=\"elementor-icon-box-content\">\n\t\t\t\t<h4 class=\"elementor-icon-box-title\">\n\t\t\t\t\t<span  >\n\t\t\t\t\t\t\t\t\t\t\t<\/span>\n\t\t\t\t<\/h4>\n\t\t\t\t\t\t\t\t\t<p class=\"elementor-icon-box-description\">\n\t\t\t\t\t\tDo not consume coloured or fizzy foods and drinks;\t\t\t\t\t<\/p>\n\t\t\t\t\t\t\t<\/div>\n\t\t<\/div>\n\t\t\t\t<\/div>\n\t\t\t\t<\/div>\n\t\t\t\t<div class=\"elementor-element elementor-element-d83af7c elementor-view-stacked elementor-position-left elementor-tablet-position-left elementor-mobile-position-left elementor-widget__width-initial elementor-widget-tablet__width-initial elementor-shape-circle elementor-vertical-align-top de_scroll_animation_no elementor-widget elementor-widget-icon-box\" data-id=\"d83af7c\" data-element_type=\"widget\" data-widget_type=\"icon-box.default\">\n\t\t\t\t<div class=\"elementor-widget-container\">\n\t\t\t\t\t<div class=\"elementor-icon-box-wrapper\">\n\t\t\t\t\t\t<div class=\"elementor-icon-box-icon\">\n\t\t\t\t<span class=\"elementor-icon elementor-animation-\" >\n\t\t\t\t<i aria-hidden=\"true\" class=\"fas fa-check-circle\"><\/i>\t\t\t\t<\/span>\n\t\t\t<\/div>\n\t\t\t\t\t\t<div class=\"elementor-icon-box-content\">\n\t\t\t\t<h4 class=\"elementor-icon-box-title\">\n\t\t\t\t\t<span  >\n\t\t\t\t\t\t\t\t\t\t\t<\/span>\n\t\t\t\t<\/h4>\n\t\t\t\t\t\t\t\t\t<p class=\"elementor-icon-box-description\">\n\t\t\t\t\t\tDo not consume hot or cold food or drinks;\t\t\t\t\t<\/p>\n\t\t\t\t\t\t\t<\/div>\n\t\t<\/div>\n\t\t\t\t<\/div>\n\t\t\t\t<\/div>\n\t\t\t\t<div class=\"elementor-element elementor-element-3c0129f elementor-view-stacked elementor-position-left elementor-tablet-position-left elementor-mobile-position-left elementor-widget__width-initial elementor-widget-tablet__width-initial elementor-shape-circle elementor-vertical-align-top de_scroll_animation_no elementor-widget elementor-widget-icon-box\" data-id=\"3c0129f\" data-element_type=\"widget\" data-widget_type=\"icon-box.default\">\n\t\t\t\t<div class=\"elementor-widget-container\">\n\t\t\t\t\t<div class=\"elementor-icon-box-wrapper\">\n\t\t\t\t\t\t<div class=\"elementor-icon-box-icon\">\n\t\t\t\t<span class=\"elementor-icon elementor-animation-\" >\n\t\t\t\t<i aria-hidden=\"true\" class=\"fas fa-check-circle\"><\/i>\t\t\t\t<\/span>\n\t\t\t<\/div>\n\t\t\t\t\t\t<div class=\"elementor-icon-box-content\">\n\t\t\t\t<h4 class=\"elementor-icon-box-title\">\n\t\t\t\t\t<span  >\n\t\t\t\t\t\t\t\t\t\t\t<\/span>\n\t\t\t\t<\/h4>\n\t\t\t\t\t\t\t\t\t<p class=\"elementor-icon-box-description\">\n\t\t\t\t\t\tDo not smoke.\t\t\t\t\t<\/p>\n\t\t\t\t\t\t\t<\/div>\n\t\t<\/div>\n\t\t\t\t<\/div>\n\t\t\t\t<\/div>\n\t\t\t\t\t<\/div>\n\t\t<\/div>\n\t\t\t\t<div class=\"elementor-column elementor-col-50 elementor-top-column elementor-element elementor-element-2fb8c770\" data-id=\"2fb8c770\" data-element_type=\"column\">\n\t\t\t<div class=\"elementor-widget-wrap elementor-element-populated\">\n\t\t\t\t\t\t\t\t<section class=\"elementor-section elementor-inner-section elementor-element elementor-element-5ee9b8f elementor-section-boxed elementor-section-height-default elementor-section-height-default wpr-particle-no wpr-jarallax-no wpr-parallax-no wpr-sticky-section-no\" data-id=\"5ee9b8f\" data-element_type=\"section\" data-settings=\"{&quot;background_background&quot;:&quot;gradient&quot;,&quot;_ha_eqh_enable&quot;:false}\">\n\t\t\t\t\t\t<div class=\"elementor-container elementor-column-gap-default\">\n\t\t\t\t\t<div class=\"elementor-column elementor-col-100 elementor-inner-column elementor-element elementor-element-b3c0202\" data-id=\"b3c0202\" data-element_type=\"column\">\n\t\t\t<div class=\"elementor-widget-wrap elementor-element-populated\">\n\t\t\t\t\t\t\t\t<div class=\"elementor-element elementor-element-26c033ce de_scroll_animation_no elementor-widget elementor-widget-heading\" data-id=\"26c033ce\" data-element_type=\"widget\" data-widget_type=\"heading.default\">\n\t\t\t\t<div class=\"elementor-widget-container\">\n\t\t\t<h4 class=\"elementor-heading-title elementor-size-default\">Programme<\/h4>\t\t<\/div>\n\t\t\t\t<\/div>\n\t\t\t\t<div class=\"elementor-element elementor-element-5c057914 de_scroll_animation_no elementor-widget elementor-widget-elementskit-business-hours\" data-id=\"5c057914\" data-element_type=\"widget\" data-widget_type=\"elementskit-business-hours.default\">\n\t\t\t\t<div class=\"elementor-widget-container\">\n\t\t\t<div class=\"ekit-wid-con\" >\t\t<div class=\"ekit-business-hours-inner\">\n\t\t\t\t\t\t<div class=\"ekit-single-day elementor-repeater-item-50a5023\">\n\t\t\t\t\t\t\t\t<span class=\"ekit-business-day\">MON - FRI<\/span>\n\t\t\t\t\t\t\t\t<span class=\"ekit-business-time\">08:00 - 20:00<\/span>\n\t\t\t\t\t\t\t<\/div>\n\t\t\t\t\t\t<div class=\"ekit-single-day elementor-repeater-item-f9557fd\">\n\t\t\t\t\t\t\t\t<span class=\"ekit-business-day\">Saturday<\/span>\n\t\t\t\t\t\t\t\t<span class=\"ekit-business-time\">09:00 - 14:00<\/span>\n\t\t\t\t\t\t\t<\/div>\n\t\t\t\t\t\t<div class=\"ekit-single-day elementor-repeater-item-78c9a5c\">\n\t\t\t\t\t\t\t\t<span class=\"ekit-business-day\">Sunday<\/span>\n\t\t\t\t\t\t\t\t<span class=\"ekit-business-time\">Closed<\/span>\n\t\t\t\t\t\t\t<\/div>\n\t\t\t\t\t<\/div>\n        <\/div>\t\t<\/div>\n\t\t\t\t<\/div>\n\t\t\t\t\t<\/div>\n\t\t<\/div>\n\t\t\t\t\t\t\t<\/div>\n\t\t<\/section>\n\t\t\t\t<section class=\"elementor-section elementor-inner-section elementor-element elementor-element-234de9f5 elementor-section-boxed elementor-section-height-default elementor-section-height-default wpr-particle-no wpr-jarallax-no wpr-parallax-no wpr-sticky-section-no\" data-id=\"234de9f5\" data-element_type=\"section\" data-settings=\"{&quot;background_background&quot;:&quot;classic&quot;,&quot;_ha_eqh_enable&quot;:false}\">\n\t\t\t\t\t\t<div class=\"elementor-container elementor-column-gap-default\">\n\t\t\t\t\t<div class=\"elementor-column elementor-col-100 elementor-inner-column elementor-element elementor-element-b5f5f55\" data-id=\"b5f5f55\" data-element_type=\"column\">\n\t\t\t<div class=\"elementor-widget-wrap elementor-element-populated\">\n\t\t\t\t\t\t\t\t<div class=\"elementor-element elementor-element-a0e5277 elementor-align-left de_scroll_animation_no elementor-widget elementor-widget-button\" data-id=\"a0e5277\" data-element_type=\"widget\" data-widget_type=\"button.default\">\n\t\t\t\t<div class=\"elementor-widget-container\">\n\t\t\t\t\t<div class=\"elementor-button-wrapper\">\n\t\t\t<a href=\"https:\/\/therapydent.ro\/en\/contact\/\" class=\"elementor-button-link elementor-button elementor-size-sm elementor-animation-shrink\" role=\"button\">\n\t\t\t\t\t\t<span class=\"elementor-button-content-wrapper\">\n\t\t\t\t\t\t<span class=\"elementor-button-text\">BOOK A CONSULTATION<\/span>\n\t\t<\/span>\n\t\t\t\t\t<\/a>\n\t\t<\/div>\n\t\t\t\t<\/div>\n\t\t\t\t<\/div>\n\t\t\t\t\t<\/div>\n\t\t<\/div>\n\t\t\t\t\t\t\t<\/div>\n\t\t<\/section>\n\t\t\t\t\t<\/div>\n\t\t<\/div>\n\t\t\t\t\t\t\t<\/div>\n\t\t<\/section>\n\t\t\t\t\t\t\t<\/div>","protected":false},"excerpt":{"rendered":"<p>ACASA > Albirea dentar\u0103 cu laserul stomatologic Tratamente Stomatologice Albirea dentar\u0103 cu laserul stomatologic Ne dorim s\u0103 avem un z\u00e2mbet frumos, a\u0219a c\u0103 albirea dentar\u0103 cu laserul dioda Triplo de la Medency este unul dintre cele mai solicitate tratamente. Procedura este rapid\u0103 \u0219i simpl\u0103. Gingiile sunt protejate de un gel special. Simultan, un alt gel [&hellip;]<\/p>","protected":false},"author":1,"featured_media":0,"parent":0,"menu_order":0,"comment_status":"closed","ping_status":"closed","template":"elementor_canvas","meta":{"footnotes":""},"class_list":["post-2366","page","type-page","status-publish","hentry"],"yoast_head":"<!-- This site is optimized with the Yoast SEO plugin v20.6 - https:\/\/yoast.com\/wordpress\/plugins\/seo\/ -->\n<title>Albirea dentar\u0103 cu laserul stomatologic - therapydent.ro<\/title>\n<meta name=\"robots\" content=\"index, follow, max-snippet:-1, max-image-preview:large, max-video-preview:-1\" \/>\n<link rel=\"canonical\" href=\"https:\/\/therapydent.ro\/en\/albirea-dentara-cu-laserul-stomatologic\/\" \/>\n<meta property=\"og:locale\" content=\"en_US\" \/>\n<meta property=\"og:type\" content=\"article\" \/>\n<meta property=\"og:title\" content=\"Albirea dentar\u0103 cu laserul stomatologic - therapydent.ro\" \/>\n<meta property=\"og:description\" content=\"ACASA &gt; Albirea dentar\u0103 cu laserul stomatologic Tratamente Stomatologice Albirea dentar\u0103 cu laserul stomatologic Ne dorim s\u0103 avem un z\u00e2mbet frumos, a\u0219a c\u0103 albirea dentar\u0103 cu laserul dioda Triplo de la Medency este unul dintre cele mai solicitate tratamente. Procedura este rapid\u0103 \u0219i simpl\u0103. Gingiile sunt protejate de un gel special. Simultan, un alt gel [&hellip;]\" \/>\n<meta property=\"og:url\" content=\"https:\/\/therapydent.ro\/en\/albirea-dentara-cu-laserul-stomatologic\/\" \/>\n<meta property=\"og:site_name\" content=\"therapydent.ro\" \/>\n<meta property=\"article:publisher\" content=\"https:\/\/www.facebook.com\/ClinicaTherapyDent\" \/>\n<meta property=\"article:modified_time\" content=\"2023-05-26T10:34:24+00:00\" \/>\n<meta name=\"twitter:card\" content=\"summary_large_image\" \/>\n<meta name=\"twitter:label1\" content=\"Est. reading time\" \/>\n\t<meta name=\"twitter:data1\" content=\"1 minute\" \/>\n<script type=\"application\/ld+json\" class=\"yoast-schema-graph\">{\"@context\":\"https:\/\/schema.org\",\"@graph\":[{\"@type\":\"WebPage\",\"@id\":\"https:\/\/therapydent.ro\/albirea-dentara-cu-laserul-stomatologic\/\",\"url\":\"https:\/\/therapydent.ro\/albirea-dentara-cu-laserul-stomatologic\/\",\"name\":\"Albirea dentar\u0103 cu laserul stomatologic - therapydent.ro\",\"isPartOf\":{\"@id\":\"https:\/\/therapydent.ro\/#website\"},\"datePublished\":\"2023-05-05T22:53:39+00:00\",\"dateModified\":\"2023-05-26T10:34:24+00:00\",\"breadcrumb\":{\"@id\":\"https:\/\/therapydent.ro\/albirea-dentara-cu-laserul-stomatologic\/#breadcrumb\"},\"inLanguage\":\"en-US\",\"potentialAction\":[{\"@type\":\"ReadAction\",\"target\":[\"https:\/\/therapydent.ro\/albirea-dentara-cu-laserul-stomatologic\/\"]}]},{\"@type\":\"BreadcrumbList\",\"@id\":\"https:\/\/therapydent.ro\/albirea-dentara-cu-laserul-stomatologic\/#breadcrumb\",\"itemListElement\":[{\"@type\":\"ListItem\",\"position\":1,\"name\":\"Home\",\"item\":\"https:\/\/therapydent.ro\/\"},{\"@type\":\"ListItem\",\"position\":2,\"name\":\"Albirea dentar\u0103 cu laserul stomatologic\"}]},{\"@type\":\"WebSite\",\"@id\":\"https:\/\/therapydent.ro\/#website\",\"url\":\"https:\/\/therapydent.ro\/\",\"name\":\"therapydent.ro\",\"description\":\"Cabinet stomatologic\",\"publisher\":{\"@id\":\"https:\/\/therapydent.ro\/#organization\"},\"potentialAction\":[{\"@type\":\"SearchAction\",\"target\":{\"@type\":\"EntryPoint\",\"urlTemplate\":\"https:\/\/therapydent.ro\/?s={search_term_string}\"},\"query-input\":\"required name=search_term_string\"}],\"inLanguage\":\"en-US\"},{\"@type\":\"Organization\",\"@id\":\"https:\/\/therapydent.ro\/#organization\",\"name\":\"therapydent.ro\",\"url\":\"https:\/\/therapydent.ro\/\",\"logo\":{\"@type\":\"ImageObject\",\"inLanguage\":\"en-US\",\"@id\":\"https:\/\/therapydent.ro\/#\/schema\/logo\/image\/\",\"url\":\"https:\/\/therapydent.ro\/wp-content\/uploads\/2021\/12\/Logo-complet-multicolor.png\",\"contentUrl\":\"https:\/\/therapydent.ro\/wp-content\/uploads\/2021\/12\/Logo-complet-multicolor.png\",\"width\":1080,\"height\":243,\"caption\":\"therapydent.ro\"},\"image\":{\"@id\":\"https:\/\/therapydent.ro\/#\/schema\/logo\/image\/\"},\"sameAs\":[\"https:\/\/www.facebook.com\/ClinicaTherapyDent\",\"https:\/\/www.instagram.com\/therapy.dent\/?igshid=YmMyMTA2M2Y\"]}]}<\/script>\n<!-- \/ Yoast SEO plugin. -->","yoast_head_json":{"title":"Albirea dentar\u0103 cu laserul stomatologic - therapydent.ro","robots":{"index":"index","follow":"follow","max-snippet":"max-snippet:-1","max-image-preview":"max-image-preview:large","max-video-preview":"max-video-preview:-1"},"canonical":"https:\/\/therapydent.ro\/en\/albirea-dentara-cu-laserul-stomatologic\/","og_locale":"en_US","og_type":"article","og_title":"Albirea dentar\u0103 cu laserul stomatologic - therapydent.ro","og_description":"ACASA > Albirea dentar\u0103 cu laserul stomatologic Tratamente Stomatologice Albirea dentar\u0103 cu laserul stomatologic Ne dorim s\u0103 avem un z\u00e2mbet frumos, a\u0219a c\u0103 albirea dentar\u0103 cu laserul dioda Triplo de la Medency este unul dintre cele mai solicitate tratamente. Procedura este rapid\u0103 \u0219i simpl\u0103. Gingiile sunt protejate de un gel special. Simultan, un alt gel [&hellip;]","og_url":"https:\/\/therapydent.ro\/en\/albirea-dentara-cu-laserul-stomatologic\/","og_site_name":"therapydent.ro","article_publisher":"https:\/\/www.facebook.com\/ClinicaTherapyDent","article_modified_time":"2023-05-26T10:34:24+00:00","twitter_card":"summary_large_image","twitter_misc":{"Est. reading time":"1 minute"},"schema":{"@context":"https:\/\/schema.org","@graph":[{"@type":"WebPage","@id":"https:\/\/therapydent.ro\/albirea-dentara-cu-laserul-stomatologic\/","url":"https:\/\/therapydent.ro\/albirea-dentara-cu-laserul-stomatologic\/","name":"Albirea dentar\u0103 cu laserul stomatologic - therapydent.ro","isPartOf":{"@id":"https:\/\/therapydent.ro\/#website"},"datePublished":"2023-05-05T22:53:39+00:00","dateModified":"2023-05-26T10:34:24+00:00","breadcrumb":{"@id":"https:\/\/therapydent.ro\/albirea-dentara-cu-laserul-stomatologic\/#breadcrumb"},"inLanguage":"en-US","potentialAction":[{"@type":"ReadAction","target":["https:\/\/therapydent.ro\/albirea-dentara-cu-laserul-stomatologic\/"]}]},{"@type":"BreadcrumbList","@id":"https:\/\/therapydent.ro\/albirea-dentara-cu-laserul-stomatologic\/#breadcrumb","itemListElement":[{"@type":"ListItem","position":1,"name":"Home","item":"https:\/\/therapydent.ro\/"},{"@type":"ListItem","position":2,"name":"Albirea dentar\u0103 cu laserul stomatologic"}]},{"@type":"WebSite","@id":"https:\/\/therapydent.ro\/#website","url":"https:\/\/therapydent.ro\/","name":"therapydent.ro","description":"Cabinet stomatologic","publisher":{"@id":"https:\/\/therapydent.ro\/#organization"},"potentialAction":[{"@type":"SearchAction","target":{"@type":"EntryPoint","urlTemplate":"https:\/\/therapydent.ro\/?s={search_term_string}"},"query-input":"required name=search_term_string"}],"inLanguage":"en-US"},{"@type":"Organization","@id":"https:\/\/therapydent.ro\/#organization","name":"therapydent.ro","url":"https:\/\/therapydent.ro\/","logo":{"@type":"ImageObject","inLanguage":"en-US","@id":"https:\/\/therapydent.ro\/#\/schema\/logo\/image\/","url":"https:\/\/therapydent.ro\/wp-content\/uploads\/2021\/12\/Logo-complet-multicolor.png","contentUrl":"https:\/\/therapydent.ro\/wp-content\/uploads\/2021\/12\/Logo-complet-multicolor.png","width":1080,"height":243,"caption":"therapydent.ro"},"image":{"@id":"https:\/\/therapydent.ro\/#\/schema\/logo\/image\/"},"sameAs":["https:\/\/www.facebook.com\/ClinicaTherapyDent","https:\/\/www.instagram.com\/therapy.dent\/?igshid=YmMyMTA2M2Y"]}]}},"_links":{"self":[{"href":"https:\/\/therapydent.ro\/en\/wp-json\/wp\/v2\/pages\/2366","targetHints":{"allow":["GET"]}}],"collection":[{"href":"https:\/\/therapydent.ro\/en\/wp-json\/wp\/v2\/pages"}],"about":[{"href":"https:\/\/therapydent.ro\/en\/wp-json\/wp\/v2\/types\/page"}],"author":[{"embeddable":true,"href":"https:\/\/therapydent.ro\/en\/wp-json\/wp\/v2\/users\/1"}],"replies":[{"embeddable":true,"href":"https:\/\/therapydent.ro\/en\/wp-json\/wp\/v2\/comments?post=2366"}],"version-history":[{"count":32,"href":"https:\/\/therapydent.ro\/en\/wp-json\/wp\/v2\/pages\/2366\/revisions"}],"predecessor-version":[{"id":3049,"href":"https:\/\/therapydent.ro\/en\/wp-json\/wp\/v2\/pages\/2366\/revisions\/3049"}],"wp:attachment":[{"href":"https:\/\/therapydent.ro\/en\/wp-json\/wp\/v2\/media?parent=2366"}],"curies":[{"name":"wp","href":"https:\/\/api.w.org\/{rel}","templated":true}]}}