{"id":2630,"date":"2023-05-06T15:56:41","date_gmt":"2023-05-06T15:56:41","guid":{"rendered":"https:\/\/therapydent.ro\/?page_id=2630"},"modified":"2023-05-08T10:20:27","modified_gmt":"2023-05-08T10:20:27","slug":"politica-cookie","status":"publish","type":"page","link":"https:\/\/therapydent.ro\/en\/politica-cookie\/","title":{"rendered":"Cookie Policy"},"content":{"rendered":"<div data-elementor-type=\"wp-page\" data-elementor-id=\"2630\" class=\"elementor elementor-2630\">\n\t\t\t\t\t\t\t\t\t<section class=\"elementor-section elementor-top-section elementor-element elementor-element-dcfa517 elementor-section-height-min-height elementor-section-boxed elementor-section-height-default elementor-section-items-middle wpr-particle-no wpr-jarallax-no wpr-parallax-no wpr-sticky-section-no\" data-id=\"dcfa517\" data-element_type=\"section\" data-settings=\"{&quot;background_background&quot;:&quot;classic&quot;,&quot;_ha_eqh_enable&quot;:false}\">\n\t\t\t\t\t\t\t<div class=\"elementor-background-overlay\"><\/div>\n\t\t\t\t\t\t\t<div class=\"elementor-container elementor-column-gap-default\">\n\t\t\t\t\t<div class=\"elementor-column elementor-col-100 elementor-top-column elementor-element elementor-element-6941f7e\" data-id=\"6941f7e\" data-element_type=\"column\">\n\t\t\t<div class=\"elementor-widget-wrap elementor-element-populated\">\n\t\t\t\t\t\t\t\t<div class=\"elementor-element elementor-element-3995d91 de_scroll_animation_no elementor-widget elementor-widget-heading\" data-id=\"3995d91\" data-element_type=\"widget\" data-widget_type=\"heading.default\">\n\t\t\t\t<div class=\"elementor-widget-container\">\n\t\t\t<style>\/*! elementor - v3.11.5 - 14-03-2023 *\/\n.elementor-heading-title{padding:0;margin:0;line-height:1}.elementor-widget-heading .elementor-heading-title[class*=elementor-size-]>a{color:inherit;font-size:inherit;line-height:inherit}.elementor-widget-heading .elementor-heading-title.elementor-size-small{font-size:15px}.elementor-widget-heading .elementor-heading-title.elementor-size-medium{font-size:19px}.elementor-widget-heading .elementor-heading-title.elementor-size-large{font-size:29px}.elementor-widget-heading .elementor-heading-title.elementor-size-xl{font-size:39px}.elementor-widget-heading .elementor-heading-title.elementor-size-xxl{font-size:59px}<\/style><h2 class=\"elementor-heading-title elementor-size-default\">ACAS\u0102> Politic\u0103 Cookie<\/h2>\t\t<\/div>\n\t\t\t\t<\/div>\n\t\t\t\t<div class=\"elementor-element elementor-element-6c235c7 premium-header-block premium-header-inline de_scroll_animation_no elementor-widget elementor-widget-premium-addon-dual-header\" data-id=\"6c235c7\" data-element_type=\"widget\" data-widget_type=\"premium-addon-dual-header.default\">\n\t\t\t\t<div class=\"elementor-widget-container\">\n\t\t\t\n\t\t\t\t\t<h2 class=\"premium-dual-header-first-header\"><span class=\"premium-dual-header-first-span\">Politic\u0103  <\/span><span class=\"premium-dual-header-second-header\">Cookie<\/span><\/h2> \t\t\n\t\t\t\t<\/div>\n\t\t\t\t<\/div>\n\t\t\t\t<div class=\"elementor-element elementor-element-a8fd13f elementor-view-stacked elementor-shape-circle de_scroll_animation_no elementor-widget elementor-widget-icon\" data-id=\"a8fd13f\" data-element_type=\"widget\" data-widget_type=\"icon.default\">\n\t\t\t\t<div class=\"elementor-widget-container\">\n\t\t\t\t\t<div class=\"elementor-icon-wrapper\">\n\t\t\t<div class=\"elementor-icon\">\n\t\t\t<i aria-hidden=\"true\" class=\"fas fa-arrow-down\"><\/i>\t\t\t<\/div>\n\t\t<\/div>\n\t\t\t\t<\/div>\n\t\t\t\t<\/div>\n\t\t\t\t\t<\/div>\n\t\t<\/div>\n\t\t\t\t\t\t\t<\/div>\n\t\t<\/section>\n\t\t\t\t<section class=\"elementor-section elementor-top-section elementor-element elementor-element-69e5a30 elementor-section-boxed elementor-section-height-default elementor-section-height-default wpr-particle-no wpr-jarallax-no wpr-parallax-no wpr-sticky-section-no\" data-id=\"69e5a30\" data-element_type=\"section\" data-settings=\"{&quot;_ha_eqh_enable&quot;:false}\">\n\t\t\t\t\t\t<div class=\"elementor-container elementor-column-gap-default\">\n\t\t\t\t\t<div class=\"elementor-column elementor-col-100 elementor-top-column elementor-element elementor-element-91866bf\" data-id=\"91866bf\" data-element_type=\"column\">\n\t\t\t<div class=\"elementor-widget-wrap elementor-element-populated\">\n\t\t\t\t\t\t\t\t<div class=\"elementor-element elementor-element-95890c9 de_scroll_animation_no elementor-widget elementor-widget-text-editor\" data-id=\"95890c9\" data-element_type=\"widget\" data-widget_type=\"text-editor.default\">\n\t\t\t\t<div class=\"elementor-widget-container\">\n\t\t\t<style>\/*! elementor - v3.11.5 - 14-03-2023 *\/\n.elementor-widget-text-editor.elementor-drop-cap-view-stacked .elementor-drop-cap{background-color:#818a91;color:#fff}.elementor-widget-text-editor.elementor-drop-cap-view-framed .elementor-drop-cap{color:#818a91;border:3px solid;background-color:transparent}.elementor-widget-text-editor:not(.elementor-drop-cap-view-default) .elementor-drop-cap{margin-top:8px}.elementor-widget-text-editor:not(.elementor-drop-cap-view-default) .elementor-drop-cap-letter{width:1em;height:1em}.elementor-widget-text-editor .elementor-drop-cap{float:left;text-align:center;line-height:1;font-size:50px}.elementor-widget-text-editor .elementor-drop-cap-letter{display:inline-block}<\/style>\t\t\t\t<p>Politica privind cookie-urile<br \/>Data intr\u0103rii \u00een vigoare: 08-Mai-2023<br \/>Ultima actualizare: 08-mai-2023<\/p><p><br \/>Ce sunt cookie-urile?<br \/>Aceast\u0103 Politic\u0103 privind cookie-urile explic\u0103 ce sunt cookie-urile \u0219i cum le folosim, tipurile de cookie-uri pe care le folosim, adic\u0103 informa\u021biile pe care le colect\u0103m cu ajutorul cookie-urilor \u0219i cum sunt folosite aceste informa\u021bii, precum \u0219i cum s\u0103 gestiona\u021bi set\u0103rile cookie-urilor.<\/p><p>Cookie-urile sunt fi\u0219iere text de mici dimensiuni care sunt utilizate pentru a stoca mici buc\u0103\u021bi de informa\u021bii. Acestea sunt stocate pe dispozitivul dvs. atunci c\u00e2nd site-ul web este \u00eenc\u0103rcat pe browserul dvs. Aceste cookie-uri ne ajut\u0103 s\u0103 facem ca site-ul web s\u0103 func\u021bioneze corect, s\u0103 \u00eel facem mai sigur, s\u0103 oferim o experien\u021b\u0103 mai bun\u0103 pentru utilizator \u0219i s\u0103 \u00een\u021belegem cum func\u021bioneaz\u0103 site-ul web \u0219i s\u0103 analiz\u0103m ce func\u021bioneaz\u0103 \u0219i unde este nevoie de \u00eembun\u0103t\u0103\u021biri.<\/p><p><br \/>Cum folosim cookie-urile?<br \/>La fel ca majoritatea serviciilor online, site-ul nostru web utilizeaz\u0103 cookie-uri de la prima parte \u0219i de la ter\u021bi \u00een mai multe scopuri. Cookie-urile de prima parte sunt \u00een mare parte necesare pentru ca site-ul web s\u0103 func\u021bioneze \u00een mod corect \u0219i nu colecteaz\u0103 niciun fel de date care s\u0103 v\u0103 identifice personal.<\/p><p>Modulele cookie de ter\u021b\u0103 parte utilizate pe site-ul nostru web sunt utilizate \u00een principal pentru a \u00een\u021belege modul \u00een care func\u021bioneaz\u0103 site-ul web, modul \u00een care interac\u021biona\u021bi cu site-ul nostru web, pentru a men\u021bine serviciile noastre \u00een siguran\u021b\u0103, pentru a v\u0103 oferi reclame relevante pentru dvs. \u0219i, \u00een general, pentru a v\u0103 oferi o experien\u021b\u0103 de utilizare mai bun\u0103 \u0219i \u00eembun\u0103t\u0103\u021bit\u0103 \u0219i pentru a v\u0103 ajuta s\u0103 accelera\u021bi viitoarele dvs. interac\u021biuni cu site-ul nostru web.<\/p><p>V\u0103 pute\u021bi modifica oric\u00e2nd preferin\u021bele privind cookie-urile, f\u0103c\u00e2nd clic pe butonul de mai sus. Acest lucru v\u0103 va permite s\u0103 vizita\u021bi din nou bannerul de consim\u021b\u0103m\u00e2nt privind cookie-urile \u0219i s\u0103 v\u0103 modifica\u021bi preferin\u021bele sau s\u0103 v\u0103 retrage\u021bi imediat consim\u021b\u0103m\u00e2ntul.<\/p><p>\u00cen plus, diferite browsere ofer\u0103 diferite metode de blocare \u0219i \u0219tergere a modulelor cookie utilizate de site-urile web. Pute\u021bi modifica set\u0103rile browserului dvs. pentru a bloca\/\u0219terge cookie-urile. Mai jos sunt enumerate linkurile c\u0103tre documentele de asisten\u021b\u0103 privind modul de gestionare \u0219i \u0219tergere a modulelor cookie de la principalele browsere web.<\/p><p>Chrome: https:\/\/support.google.com\/accounts\/answer\/32050<\/p><p>Safari: https:\/\/support.apple.com\/en-in\/guide\/safari\/sfri11471\/mac<\/p><p>Firefox: https:\/\/support.mozilla.org\/en-US\/kb\/clear-cookies-and-site-data-firefox?redirectslug=delete-cookies-remove-info-websites-stored&amp;redirectlocale=en-US<\/p><p>Internet Explorer: https:\/\/support.microsoft.com\/en-us\/topic\/how-to-delete-cookie-files-in-internet-explorer-bca9446f-d873-78de-77ba-d42645fa52fc<\/p><p>Dac\u0103 utiliza\u021bi un alt browser web, v\u0103 rug\u0103m s\u0103 vizita\u021bi documentele oficiale de asisten\u021b\u0103 ale browserului dumneavoastr\u0103.<\/p>\t\t\t\t\t\t<\/div>\n\t\t\t\t<\/div>\n\t\t\t\t\t<\/div>\n\t\t<\/div>\n\t\t\t\t\t\t\t<\/div>\n\t\t<\/section>\n\t\t\t\t\t\t\t<\/div>","protected":false},"excerpt":{"rendered":"<p>ACAS\u0102> Politic\u0103 Cookie Politic\u0103 Cookie Politica privind cookie-urileData intr\u0103rii \u00een vigoare: 08-Mai-2023Ultima actualizare: 08-mai-2023 Ce sunt cookie-urile?Aceast\u0103 Politic\u0103 privind cookie-urile explic\u0103 ce sunt cookie-urile \u0219i cum le folosim, tipurile de cookie-uri pe care le folosim, adic\u0103 informa\u021biile pe care le colect\u0103m cu ajutorul cookie-urilor \u0219i cum sunt folosite aceste informa\u021bii, precum \u0219i cum s\u0103 gestiona\u021bi [&hellip;]<\/p>","protected":false},"author":1,"featured_media":0,"parent":0,"menu_order":0,"comment_status":"closed","ping_status":"closed","template":"elementor_canvas","meta":{"footnotes":""},"class_list":["post-2630","page","type-page","status-publish","hentry"],"yoast_head":"<!-- This site is optimized with the Yoast SEO plugin v20.6 - https:\/\/yoast.com\/wordpress\/plugins\/seo\/ -->\n<title>Politic\u0103 Cookie - therapydent.ro<\/title>\n<meta name=\"robots\" content=\"index, follow, max-snippet:-1, max-image-preview:large, max-video-preview:-1\" \/>\n<link rel=\"canonical\" href=\"https:\/\/therapydent.ro\/en\/politica-cookie\/\" \/>\n<meta property=\"og:locale\" content=\"en_US\" \/>\n<meta property=\"og:type\" content=\"article\" \/>\n<meta property=\"og:title\" content=\"Politic\u0103 Cookie - therapydent.ro\" \/>\n<meta property=\"og:description\" content=\"ACAS\u0102&gt; Politic\u0103 Cookie Politic\u0103 Cookie Politica privind cookie-urileData intr\u0103rii \u00een vigoare: 08-Mai-2023Ultima actualizare: 08-mai-2023 Ce sunt cookie-urile?Aceast\u0103 Politic\u0103 privind cookie-urile explic\u0103 ce sunt cookie-urile \u0219i cum le folosim, tipurile de cookie-uri pe care le folosim, adic\u0103 informa\u021biile pe care le colect\u0103m cu ajutorul cookie-urilor \u0219i cum sunt folosite aceste informa\u021bii, precum \u0219i cum s\u0103 gestiona\u021bi [&hellip;]\" \/>\n<meta property=\"og:url\" content=\"https:\/\/therapydent.ro\/en\/politica-cookie\/\" \/>\n<meta property=\"og:site_name\" content=\"therapydent.ro\" \/>\n<meta property=\"article:publisher\" content=\"https:\/\/www.facebook.com\/ClinicaTherapyDent\" \/>\n<meta property=\"article:modified_time\" content=\"2023-05-08T10:20:27+00:00\" \/>\n<meta name=\"twitter:card\" content=\"summary_large_image\" \/>\n<meta name=\"twitter:label1\" content=\"Est. reading time\" \/>\n\t<meta name=\"twitter:data1\" content=\"2 minutes\" \/>\n<script type=\"application\/ld+json\" class=\"yoast-schema-graph\">{\"@context\":\"https:\/\/schema.org\",\"@graph\":[{\"@type\":\"WebPage\",\"@id\":\"https:\/\/therapydent.ro\/politica-cookie\/\",\"url\":\"https:\/\/therapydent.ro\/politica-cookie\/\",\"name\":\"Politic\u0103 Cookie - therapydent.ro\",\"isPartOf\":{\"@id\":\"https:\/\/therapydent.ro\/#website\"},\"datePublished\":\"2023-05-06T15:56:41+00:00\",\"dateModified\":\"2023-05-08T10:20:27+00:00\",\"breadcrumb\":{\"@id\":\"https:\/\/therapydent.ro\/politica-cookie\/#breadcrumb\"},\"inLanguage\":\"en-US\",\"potentialAction\":[{\"@type\":\"ReadAction\",\"target\":[\"https:\/\/therapydent.ro\/politica-cookie\/\"]}]},{\"@type\":\"BreadcrumbList\",\"@id\":\"https:\/\/therapydent.ro\/politica-cookie\/#breadcrumb\",\"itemListElement\":[{\"@type\":\"ListItem\",\"position\":1,\"name\":\"Home\",\"item\":\"https:\/\/therapydent.ro\/\"},{\"@type\":\"ListItem\",\"position\":2,\"name\":\"Politic\u0103 Cookie\"}]},{\"@type\":\"WebSite\",\"@id\":\"https:\/\/therapydent.ro\/#website\",\"url\":\"https:\/\/therapydent.ro\/\",\"name\":\"therapydent.ro\",\"description\":\"Cabinet stomatologic\",\"publisher\":{\"@id\":\"https:\/\/therapydent.ro\/#organization\"},\"potentialAction\":[{\"@type\":\"SearchAction\",\"target\":{\"@type\":\"EntryPoint\",\"urlTemplate\":\"https:\/\/therapydent.ro\/?s={search_term_string}\"},\"query-input\":\"required name=search_term_string\"}],\"inLanguage\":\"en-US\"},{\"@type\":\"Organization\",\"@id\":\"https:\/\/therapydent.ro\/#organization\",\"name\":\"therapydent.ro\",\"url\":\"https:\/\/therapydent.ro\/\",\"logo\":{\"@type\":\"ImageObject\",\"inLanguage\":\"en-US\",\"@id\":\"https:\/\/therapydent.ro\/#\/schema\/logo\/image\/\",\"url\":\"https:\/\/therapydent.ro\/wp-content\/uploads\/2021\/12\/Logo-complet-multicolor.png\",\"contentUrl\":\"https:\/\/therapydent.ro\/wp-content\/uploads\/2021\/12\/Logo-complet-multicolor.png\",\"width\":1080,\"height\":243,\"caption\":\"therapydent.ro\"},\"image\":{\"@id\":\"https:\/\/therapydent.ro\/#\/schema\/logo\/image\/\"},\"sameAs\":[\"https:\/\/www.facebook.com\/ClinicaTherapyDent\",\"https:\/\/www.instagram.com\/therapy.dent\/?igshid=YmMyMTA2M2Y\"]}]}<\/script>\n<!-- \/ Yoast SEO plugin. -->","yoast_head_json":{"title":"Politic\u0103 Cookie - therapydent.ro","robots":{"index":"index","follow":"follow","max-snippet":"max-snippet:-1","max-image-preview":"max-image-preview:large","max-video-preview":"max-video-preview:-1"},"canonical":"https:\/\/therapydent.ro\/en\/politica-cookie\/","og_locale":"en_US","og_type":"article","og_title":"Politic\u0103 Cookie - therapydent.ro","og_description":"ACAS\u0102> Politic\u0103 Cookie Politic\u0103 Cookie Politica privind cookie-urileData intr\u0103rii \u00een vigoare: 08-Mai-2023Ultima actualizare: 08-mai-2023 Ce sunt cookie-urile?Aceast\u0103 Politic\u0103 privind cookie-urile explic\u0103 ce sunt cookie-urile \u0219i cum le folosim, tipurile de cookie-uri pe care le folosim, adic\u0103 informa\u021biile pe care le colect\u0103m cu ajutorul cookie-urilor \u0219i cum sunt folosite aceste informa\u021bii, precum \u0219i cum s\u0103 gestiona\u021bi [&hellip;]","og_url":"https:\/\/therapydent.ro\/en\/politica-cookie\/","og_site_name":"therapydent.ro","article_publisher":"https:\/\/www.facebook.com\/ClinicaTherapyDent","article_modified_time":"2023-05-08T10:20:27+00:00","twitter_card":"summary_large_image","twitter_misc":{"Est. reading time":"2 minutes"},"schema":{"@context":"https:\/\/schema.org","@graph":[{"@type":"WebPage","@id":"https:\/\/therapydent.ro\/politica-cookie\/","url":"https:\/\/therapydent.ro\/politica-cookie\/","name":"Politic\u0103 Cookie - therapydent.ro","isPartOf":{"@id":"https:\/\/therapydent.ro\/#website"},"datePublished":"2023-05-06T15:56:41+00:00","dateModified":"2023-05-08T10:20:27+00:00","breadcrumb":{"@id":"https:\/\/therapydent.ro\/politica-cookie\/#breadcrumb"},"inLanguage":"en-US","potentialAction":[{"@type":"ReadAction","target":["https:\/\/therapydent.ro\/politica-cookie\/"]}]},{"@type":"BreadcrumbList","@id":"https:\/\/therapydent.ro\/politica-cookie\/#breadcrumb","itemListElement":[{"@type":"ListItem","position":1,"name":"Home","item":"https:\/\/therapydent.ro\/"},{"@type":"ListItem","position":2,"name":"Politic\u0103 Cookie"}]},{"@type":"WebSite","@id":"https:\/\/therapydent.ro\/#website","url":"https:\/\/therapydent.ro\/","name":"therapydent.ro","description":"Cabinet stomatologic","publisher":{"@id":"https:\/\/therapydent.ro\/#organization"},"potentialAction":[{"@type":"SearchAction","target":{"@type":"EntryPoint","urlTemplate":"https:\/\/therapydent.ro\/?s={search_term_string}"},"query-input":"required name=search_term_string"}],"inLanguage":"en-US"},{"@type":"Organization","@id":"https:\/\/therapydent.ro\/#organization","name":"therapydent.ro","url":"https:\/\/therapydent.ro\/","logo":{"@type":"ImageObject","inLanguage":"en-US","@id":"https:\/\/therapydent.ro\/#\/schema\/logo\/image\/","url":"https:\/\/therapydent.ro\/wp-content\/uploads\/2021\/12\/Logo-complet-multicolor.png","contentUrl":"https:\/\/therapydent.ro\/wp-content\/uploads\/2021\/12\/Logo-complet-multicolor.png","width":1080,"height":243,"caption":"therapydent.ro"},"image":{"@id":"https:\/\/therapydent.ro\/#\/schema\/logo\/image\/"},"sameAs":["https:\/\/www.facebook.com\/ClinicaTherapyDent","https:\/\/www.instagram.com\/therapy.dent\/?igshid=YmMyMTA2M2Y"]}]}},"_links":{"self":[{"href":"https:\/\/therapydent.ro\/en\/wp-json\/wp\/v2\/pages\/2630","targetHints":{"allow":["GET"]}}],"collection":[{"href":"https:\/\/therapydent.ro\/en\/wp-json\/wp\/v2\/pages"}],"about":[{"href":"https:\/\/therapydent.ro\/en\/wp-json\/wp\/v2\/types\/page"}],"author":[{"embeddable":true,"href":"https:\/\/therapydent.ro\/en\/wp-json\/wp\/v2\/users\/1"}],"replies":[{"embeddable":true,"href":"https:\/\/therapydent.ro\/en\/wp-json\/wp\/v2\/comments?post=2630"}],"version-history":[{"count":10,"href":"https:\/\/therapydent.ro\/en\/wp-json\/wp\/v2\/pages\/2630\/revisions"}],"predecessor-version":[{"id":2767,"href":"https:\/\/therapydent.ro\/en\/wp-json\/wp\/v2\/pages\/2630\/revisions\/2767"}],"wp:attachment":[{"href":"https:\/\/therapydent.ro\/en\/wp-json\/wp\/v2\/media?parent=2630"}],"curies":[{"name":"wp","href":"https:\/\/api.w.org\/{rel}","templated":true}]}}