{"id":2673,"date":"2023-05-07T10:25:42","date_gmt":"2023-05-07T10:25:42","guid":{"rendered":"https:\/\/therapydent.ro\/?page_id=2673"},"modified":"2024-12-11T13:04:48","modified_gmt":"2024-12-11T13:04:48","slug":"as-emilia-matarau","status":"publish","type":"page","link":"https:\/\/therapydent.ro\/en\/as-emilia-matarau\/","title":{"rendered":"As. Emilia M\u0103t\u0103r\u0103u"},"content":{"rendered":"<div data-elementor-type=\"wp-page\" data-elementor-id=\"2673\" class=\"elementor elementor-2673\">\n\t\t\t\t\t\t\t\t\t<section class=\"elementor-section elementor-top-section elementor-element elementor-element-cdb8f66 elementor-section-height-min-height elementor-section-boxed elementor-section-height-default elementor-section-items-middle wpr-particle-no wpr-jarallax-no wpr-parallax-no wpr-sticky-section-no\" data-id=\"cdb8f66\" data-element_type=\"section\" data-settings=\"{&quot;background_background&quot;:&quot;classic&quot;,&quot;_ha_eqh_enable&quot;:false}\">\n\t\t\t\t\t\t\t<div class=\"elementor-background-overlay\"><\/div>\n\t\t\t\t\t\t\t<div class=\"elementor-container elementor-column-gap-default\">\n\t\t\t\t\t<div class=\"elementor-column elementor-col-100 elementor-top-column elementor-element elementor-element-a53bc23\" data-id=\"a53bc23\" data-element_type=\"column\">\n\t\t\t<div class=\"elementor-widget-wrap elementor-element-populated\">\n\t\t\t\t\t\t\t\t<div class=\"elementor-element elementor-element-ecdd330 de_scroll_animation_no elementor-widget elementor-widget-heading\" data-id=\"ecdd330\" data-element_type=\"widget\" data-widget_type=\"heading.default\">\n\t\t\t\t<div class=\"elementor-widget-container\">\n\t\t\t<style>\/*! elementor - v3.11.5 - 14-03-2023 *\/\n.elementor-heading-title{padding:0;margin:0;line-height:1}.elementor-widget-heading .elementor-heading-title[class*=elementor-size-]>a{color:inherit;font-size:inherit;line-height:inherit}.elementor-widget-heading .elementor-heading-title.elementor-size-small{font-size:15px}.elementor-widget-heading .elementor-heading-title.elementor-size-medium{font-size:19px}.elementor-widget-heading .elementor-heading-title.elementor-size-large{font-size:29px}.elementor-widget-heading .elementor-heading-title.elementor-size-xl{font-size:39px}.elementor-widget-heading .elementor-heading-title.elementor-size-xxl{font-size:59px}<\/style><h2 class=\"elementor-heading-title elementor-size-default\">ACAS\u0102> As. Emilia M\u0103t\u0103r\u0103u<\/h2>\t\t<\/div>\n\t\t\t\t<\/div>\n\t\t\t\t<div class=\"elementor-element elementor-element-8f63d98 premium-header-block premium-header-inline de_scroll_animation_no elementor-widget elementor-widget-premium-addon-dual-header\" data-id=\"8f63d98\" data-element_type=\"widget\" data-widget_type=\"premium-addon-dual-header.default\">\n\t\t\t\t<div class=\"elementor-widget-container\">\n\t\t\t\n\t\t\t\t\t<h2 class=\"premium-dual-header-first-header\"><span class=\"premium-dual-header-first-span\">MEET <\/span><span class=\"premium-dual-header-second-header\">THE TEAM<\/span><\/h2> \t\t\n\t\t\t\t<\/div>\n\t\t\t\t<\/div>\n\t\t\t\t<div class=\"elementor-element elementor-element-c4a9814 elementor-view-stacked elementor-shape-circle de_scroll_animation_no elementor-widget elementor-widget-icon\" data-id=\"c4a9814\" data-element_type=\"widget\" data-widget_type=\"icon.default\">\n\t\t\t\t<div class=\"elementor-widget-container\">\n\t\t\t\t\t<div class=\"elementor-icon-wrapper\">\n\t\t\t<div class=\"elementor-icon\">\n\t\t\t<i aria-hidden=\"true\" class=\"fas fa-arrow-down\"><\/i>\t\t\t<\/div>\n\t\t<\/div>\n\t\t\t\t<\/div>\n\t\t\t\t<\/div>\n\t\t\t\t\t<\/div>\n\t\t<\/div>\n\t\t\t\t\t\t\t<\/div>\n\t\t<\/section>\n\t\t\t\t<section class=\"elementor-section elementor-top-section elementor-element elementor-element-688f337 elementor-section-boxed elementor-section-height-default elementor-section-height-default wpr-particle-no wpr-jarallax-no wpr-parallax-no wpr-sticky-section-no\" data-id=\"688f337\" data-element_type=\"section\" data-settings=\"{&quot;_ha_eqh_enable&quot;:false}\">\n\t\t\t\t\t\t<div class=\"elementor-container elementor-column-gap-default\">\n\t\t\t\t\t<div class=\"elementor-column elementor-col-100 elementor-top-column elementor-element elementor-element-6c34898\" data-id=\"6c34898\" data-element_type=\"column\">\n\t\t\t<div class=\"elementor-widget-wrap elementor-element-populated\">\n\t\t\t\t\t\t\t\t<section class=\"elementor-section elementor-inner-section elementor-element elementor-element-bb1f6d7 elementor-section-boxed elementor-section-height-default elementor-section-height-default wpr-particle-no wpr-jarallax-no wpr-parallax-no wpr-sticky-section-no\" data-id=\"bb1f6d7\" data-element_type=\"section\" data-settings=\"{&quot;_ha_eqh_enable&quot;:false}\">\n\t\t\t\t\t\t<div class=\"elementor-container elementor-column-gap-default\">\n\t\t\t\t\t<div class=\"elementor-column elementor-col-50 elementor-inner-column elementor-element elementor-element-a0032ae\" data-id=\"a0032ae\" data-element_type=\"column\">\n\t\t\t<div class=\"elementor-widget-wrap elementor-element-populated\">\n\t\t\t\t\t\t\t\t<div class=\"elementor-element elementor-element-796f92c de_scroll_animation_no elementor-widget elementor-widget-image\" data-id=\"796f92c\" data-element_type=\"widget\" data-widget_type=\"image.default\">\n\t\t\t\t<div class=\"elementor-widget-container\">\n\t\t\t<style>\/*! elementor - v3.11.5 - 14-03-2023 *\/\n.elementor-widget-image{text-align:center}.elementor-widget-image a{display:inline-block}.elementor-widget-image a img[src$=\".svg\"]{width:48px}.elementor-widget-image img{vertical-align:middle;display:inline-block}<\/style>\t\t\t\t\t\t\t\t\t\t\t\t<img loading=\"lazy\" decoding=\"async\" width=\"853\" height=\"738\" src=\"https:\/\/therapydent.ro\/wp-content\/uploads\/2023\/05\/Ornament-83-1.png\" class=\"attachment-large size-large wp-image-2228\" alt=\"\" srcset=\"https:\/\/therapydent.ro\/wp-content\/uploads\/2023\/05\/Ornament-83-1.png 853w, https:\/\/therapydent.ro\/wp-content\/uploads\/2023\/05\/Ornament-83-1-300x260.png 300w, https:\/\/therapydent.ro\/wp-content\/uploads\/2023\/05\/Ornament-83-1-768x664.png 768w\" sizes=\"auto, (max-width: 853px) 100vw, 853px\" \/>\t\t\t\t\t\t\t\t\t\t\t\t\t\t\t<\/div>\n\t\t\t\t<\/div>\n\t\t\t\t<div class=\"elementor-element elementor-element-4a1e3b2 de_scroll_animation_no elementor-widget elementor-widget-image\" data-id=\"4a1e3b2\" data-element_type=\"widget\" data-widget_type=\"image.default\">\n\t\t\t\t<div class=\"elementor-widget-container\">\n\t\t\t\t\t\t\t\t\t\t\t\t\t\t\t<img loading=\"lazy\" decoding=\"async\" width=\"681\" height=\"1024\" src=\"https:\/\/therapydent.ro\/wp-content\/uploads\/2024\/09\/PHOTO-2024-09-10-10-44-30-1-681x1024.png\" class=\"attachment-large size-large wp-image-3441\" alt=\"\" srcset=\"https:\/\/therapydent.ro\/wp-content\/uploads\/2024\/09\/PHOTO-2024-09-10-10-44-30-1-681x1024.png 681w, https:\/\/therapydent.ro\/wp-content\/uploads\/2024\/09\/PHOTO-2024-09-10-10-44-30-1-200x300.png 200w, https:\/\/therapydent.ro\/wp-content\/uploads\/2024\/09\/PHOTO-2024-09-10-10-44-30-1-768x1154.png 768w, https:\/\/therapydent.ro\/wp-content\/uploads\/2024\/09\/PHOTO-2024-09-10-10-44-30-1-1022x1536.png 1022w, https:\/\/therapydent.ro\/wp-content\/uploads\/2024\/09\/PHOTO-2024-09-10-10-44-30-1-1362x2048.png 1362w, https:\/\/therapydent.ro\/wp-content\/uploads\/2024\/09\/PHOTO-2024-09-10-10-44-30-1-8x12.png 8w, https:\/\/therapydent.ro\/wp-content\/uploads\/2024\/09\/PHOTO-2024-09-10-10-44-30-1.png 1703w\" sizes=\"auto, (max-width: 681px) 100vw, 681px\" \/>\t\t\t\t\t\t\t\t\t\t\t\t\t\t\t<\/div>\n\t\t\t\t<\/div>\n\t\t\t\t\t<\/div>\n\t\t<\/div>\n\t\t\t\t<div class=\"elementor-column elementor-col-50 elementor-inner-column elementor-element elementor-element-0555926\" data-id=\"0555926\" data-element_type=\"column\">\n\t\t\t<div class=\"elementor-widget-wrap elementor-element-populated\">\n\t\t\t\t\t\t\t\t<div class=\"elementor-element elementor-element-195a4aa elementor-position-left elementor-vertical-align-top de_scroll_animation_no elementor-widget elementor-widget-image-box\" data-id=\"195a4aa\" data-element_type=\"widget\" data-widget_type=\"image-box.default\">\n\t\t\t\t<div class=\"elementor-widget-container\">\n\t\t\t<style>\/*! elementor - v3.11.5 - 14-03-2023 *\/\n.elementor-widget-image-box .elementor-image-box-content{width:100%}@media (min-width:768px){.elementor-widget-image-box.elementor-position-left .elementor-image-box-wrapper,.elementor-widget-image-box.elementor-position-right .elementor-image-box-wrapper{display:flex}.elementor-widget-image-box.elementor-position-right .elementor-image-box-wrapper{text-align:right;flex-direction:row-reverse}.elementor-widget-image-box.elementor-position-left .elementor-image-box-wrapper{text-align:left;flex-direction:row}.elementor-widget-image-box.elementor-position-top .elementor-image-box-img{margin:auto}.elementor-widget-image-box.elementor-vertical-align-top .elementor-image-box-wrapper{align-items:flex-start}.elementor-widget-image-box.elementor-vertical-align-middle .elementor-image-box-wrapper{align-items:center}.elementor-widget-image-box.elementor-vertical-align-bottom .elementor-image-box-wrapper{align-items:flex-end}}@media (max-width:767px){.elementor-widget-image-box .elementor-image-box-img{margin-left:auto!important;margin-right:auto!important;margin-bottom:15px}}.elementor-widget-image-box .elementor-image-box-img{display:inline-block}.elementor-widget-image-box .elementor-image-box-title a{color:inherit}.elementor-widget-image-box .elementor-image-box-wrapper{text-align:center}.elementor-widget-image-box .elementor-image-box-description{margin:0}<\/style><div class=\"elementor-image-box-wrapper\"><div class=\"elementor-image-box-content\"><h3 class=\"elementor-image-box-title\">As. Emilia M\u0103t\u0103r\u0103u<\/h3><\/div><\/div>\t\t<\/div>\n\t\t\t\t<\/div>\n\t\t\t\t<div class=\"elementor-element elementor-element-dfe5c98 de_scroll_animation_no elementor-widget elementor-widget-text-editor\" data-id=\"dfe5c98\" data-element_type=\"widget\" data-widget_type=\"text-editor.default\">\n\t\t\t\t<div class=\"elementor-widget-container\">\n\t\t\t<style>\/*! elementor - v3.11.5 - 14-03-2023 *\/\n.elementor-widget-text-editor.elementor-drop-cap-view-stacked .elementor-drop-cap{background-color:#818a91;color:#fff}.elementor-widget-text-editor.elementor-drop-cap-view-framed .elementor-drop-cap{color:#818a91;border:3px solid;background-color:transparent}.elementor-widget-text-editor:not(.elementor-drop-cap-view-default) .elementor-drop-cap{margin-top:8px}.elementor-widget-text-editor:not(.elementor-drop-cap-view-default) .elementor-drop-cap-letter{width:1em;height:1em}.elementor-widget-text-editor .elementor-drop-cap{float:left;text-align:center;line-height:1;font-size:50px}.elementor-widget-text-editor .elementor-drop-cap-letter{display:inline-block}<\/style>\t\t\t\t<p>De ce ati ales meseria de medic stomatolog?<\/p><p>&#8211; Am ales meseria de asistent medical de stomatologie din dorinta de a descoperii lucruri noi. Rasplata cea mai mare pentru munca depusa este zambetul perfect si plin de bucurie al pacientilor.<\/p><p>\u00a0<\/p><p>Care vi se pare cea mai mare provocare a acestei meserii?\u00a0<\/p><p>&#8211; Pentru mine cea mai mare provocare este\u00a0 aceea de a imi dep\u0103\u0219ii de fiecare data limitele . Fiecare pacient este unic in felul sau , iar pentru mine acest lucru \u00eenseamn\u0103 ca trebuie sa ma adaptez in func\u021bie de nevoile pacientului,astfel \u00eenc\u00e2t, la final z\u00e2mbetul sa fie perfect datorita tratamentelor\u00a0 \u0219i profesionalismului pe care echipa Therapy Dent le ofera de fiecare data pacien\u021bilor s\u0103i .<\/p><p>\u00a0<\/p><p>Care va este pasiunea, alta decat stomatologia?\u00a0<\/p><p>&#8211; Pasiunile mele sunt make-up-ul \u0219i plimb\u0103rile in natura .<\/p><p>\u00a0<\/p><p>\u00a0Cand nu imbracati halatul de medic, cum arata o zi din viata voastra?<\/p><p>&#8211; C\u00e2nd nu \u00eembrac halatul de asistent , \u00eemi petrec ziua f\u0103c\u00e2nd lucrurile care \u00eemi plac ,cum ar fi : sa stau cu familia , sa am mici escapade la munte sau mare \u0219i sa ma joc cu motanul meu Jess.<\/p><p>\u00a0<\/p><p>Am absolvit Scoala Postliceala Sanitara \u201cFundeni\u201d cu specializarea de Asistent Medical Generalist si sunt certificata \u0219i in radiologie dentar\u0103 .<\/p><p>\u00a0<\/p><p>\u00a0<\/p>\t\t\t\t\t\t<\/div>\n\t\t\t\t<\/div>\n\t\t\t\t\t<\/div>\n\t\t<\/div>\n\t\t\t\t\t\t\t<\/div>\n\t\t<\/section>\n\t\t\t\t\t<\/div>\n\t\t<\/div>\n\t\t\t\t\t\t\t<\/div>\n\t\t<\/section>\n\t\t\t\t\t\t\t<\/div>","protected":false},"excerpt":{"rendered":"<p>ACAS\u0102> As. Emilia M\u0103t\u0103r\u0103u CUNOA\u0218TE ECHIPA As. Emilia M\u0103t\u0103r\u0103u De ce ati ales meseria de medic stomatolog? &#8211; Am ales meseria de asistent medical de stomatologie din dorinta de a descoperii lucruri noi. Rasplata cea mai mare pentru munca depusa este zambetul perfect si plin de bucurie al pacientilor. \u00a0 Care vi se pare cea [&hellip;]<\/p>","protected":false},"author":1,"featured_media":0,"parent":0,"menu_order":0,"comment_status":"closed","ping_status":"closed","template":"elementor_canvas","meta":{"footnotes":""},"class_list":["post-2673","page","type-page","status-publish","hentry"],"yoast_head":"<!-- This site is optimized with the Yoast SEO plugin v20.6 - https:\/\/yoast.com\/wordpress\/plugins\/seo\/ -->\n<title>As. Emilia M\u0103t\u0103r\u0103u - therapydent.ro<\/title>\n<meta name=\"robots\" content=\"index, follow, max-snippet:-1, max-image-preview:large, max-video-preview:-1\" \/>\n<link rel=\"canonical\" href=\"https:\/\/therapydent.ro\/en\/as-emilia-matarau\/\" \/>\n<meta property=\"og:locale\" content=\"en_US\" \/>\n<meta property=\"og:type\" content=\"article\" \/>\n<meta property=\"og:title\" content=\"As. Emilia M\u0103t\u0103r\u0103u - therapydent.ro\" \/>\n<meta property=\"og:description\" content=\"ACAS\u0102&gt; As. Emilia M\u0103t\u0103r\u0103u CUNOA\u0218TE ECHIPA As. Emilia M\u0103t\u0103r\u0103u De ce ati ales meseria de medic stomatolog? &#8211; Am ales meseria de asistent medical de stomatologie din dorinta de a descoperii lucruri noi. Rasplata cea mai mare pentru munca depusa este zambetul perfect si plin de bucurie al pacientilor. \u00a0 Care vi se pare cea [&hellip;]\" \/>\n<meta property=\"og:url\" content=\"https:\/\/therapydent.ro\/en\/as-emilia-matarau\/\" \/>\n<meta property=\"og:site_name\" content=\"therapydent.ro\" \/>\n<meta property=\"article:publisher\" content=\"https:\/\/www.facebook.com\/ClinicaTherapyDent\" \/>\n<meta property=\"article:modified_time\" content=\"2024-12-11T13:04:48+00:00\" \/>\n<meta property=\"og:image\" content=\"http:\/\/therapydent.ro\/wp-content\/uploads\/2023\/05\/Ornament-83-1.png\" \/>\n<meta name=\"twitter:card\" content=\"summary_large_image\" \/>\n<meta name=\"twitter:label1\" content=\"Est. reading time\" \/>\n\t<meta name=\"twitter:data1\" content=\"2 minutes\" \/>\n<script type=\"application\/ld+json\" class=\"yoast-schema-graph\">{\"@context\":\"https:\/\/schema.org\",\"@graph\":[{\"@type\":\"WebPage\",\"@id\":\"https:\/\/therapydent.ro\/as-emilia-matarau\/\",\"url\":\"https:\/\/therapydent.ro\/as-emilia-matarau\/\",\"name\":\"As. Emilia M\u0103t\u0103r\u0103u - therapydent.ro\",\"isPartOf\":{\"@id\":\"https:\/\/therapydent.ro\/#website\"},\"datePublished\":\"2023-05-07T10:25:42+00:00\",\"dateModified\":\"2024-12-11T13:04:48+00:00\",\"breadcrumb\":{\"@id\":\"https:\/\/therapydent.ro\/as-emilia-matarau\/#breadcrumb\"},\"inLanguage\":\"en-US\",\"potentialAction\":[{\"@type\":\"ReadAction\",\"target\":[\"https:\/\/therapydent.ro\/as-emilia-matarau\/\"]}]},{\"@type\":\"BreadcrumbList\",\"@id\":\"https:\/\/therapydent.ro\/as-emilia-matarau\/#breadcrumb\",\"itemListElement\":[{\"@type\":\"ListItem\",\"position\":1,\"name\":\"Home\",\"item\":\"https:\/\/therapydent.ro\/\"},{\"@type\":\"ListItem\",\"position\":2,\"name\":\"As. Emilia M\u0103t\u0103r\u0103u\"}]},{\"@type\":\"WebSite\",\"@id\":\"https:\/\/therapydent.ro\/#website\",\"url\":\"https:\/\/therapydent.ro\/\",\"name\":\"therapydent.ro\",\"description\":\"Cabinet stomatologic\",\"publisher\":{\"@id\":\"https:\/\/therapydent.ro\/#organization\"},\"potentialAction\":[{\"@type\":\"SearchAction\",\"target\":{\"@type\":\"EntryPoint\",\"urlTemplate\":\"https:\/\/therapydent.ro\/?s={search_term_string}\"},\"query-input\":\"required name=search_term_string\"}],\"inLanguage\":\"en-US\"},{\"@type\":\"Organization\",\"@id\":\"https:\/\/therapydent.ro\/#organization\",\"name\":\"therapydent.ro\",\"url\":\"https:\/\/therapydent.ro\/\",\"logo\":{\"@type\":\"ImageObject\",\"inLanguage\":\"en-US\",\"@id\":\"https:\/\/therapydent.ro\/#\/schema\/logo\/image\/\",\"url\":\"https:\/\/therapydent.ro\/wp-content\/uploads\/2021\/12\/Logo-complet-multicolor.png\",\"contentUrl\":\"https:\/\/therapydent.ro\/wp-content\/uploads\/2021\/12\/Logo-complet-multicolor.png\",\"width\":1080,\"height\":243,\"caption\":\"therapydent.ro\"},\"image\":{\"@id\":\"https:\/\/therapydent.ro\/#\/schema\/logo\/image\/\"},\"sameAs\":[\"https:\/\/www.facebook.com\/ClinicaTherapyDent\",\"https:\/\/www.instagram.com\/therapy.dent\/?igshid=YmMyMTA2M2Y\"]}]}<\/script>\n<!-- \/ Yoast SEO plugin. -->","yoast_head_json":{"title":"As. Emilia M\u0103t\u0103r\u0103u - therapydent.ro","robots":{"index":"index","follow":"follow","max-snippet":"max-snippet:-1","max-image-preview":"max-image-preview:large","max-video-preview":"max-video-preview:-1"},"canonical":"https:\/\/therapydent.ro\/en\/as-emilia-matarau\/","og_locale":"en_US","og_type":"article","og_title":"As. Emilia M\u0103t\u0103r\u0103u - therapydent.ro","og_description":"ACAS\u0102> As. Emilia M\u0103t\u0103r\u0103u CUNOA\u0218TE ECHIPA As. Emilia M\u0103t\u0103r\u0103u De ce ati ales meseria de medic stomatolog? &#8211; Am ales meseria de asistent medical de stomatologie din dorinta de a descoperii lucruri noi. Rasplata cea mai mare pentru munca depusa este zambetul perfect si plin de bucurie al pacientilor. \u00a0 Care vi se pare cea [&hellip;]","og_url":"https:\/\/therapydent.ro\/en\/as-emilia-matarau\/","og_site_name":"therapydent.ro","article_publisher":"https:\/\/www.facebook.com\/ClinicaTherapyDent","article_modified_time":"2024-12-11T13:04:48+00:00","og_image":[{"url":"http:\/\/therapydent.ro\/wp-content\/uploads\/2023\/05\/Ornament-83-1.png"}],"twitter_card":"summary_large_image","twitter_misc":{"Est. reading time":"2 minutes"},"schema":{"@context":"https:\/\/schema.org","@graph":[{"@type":"WebPage","@id":"https:\/\/therapydent.ro\/as-emilia-matarau\/","url":"https:\/\/therapydent.ro\/as-emilia-matarau\/","name":"As. Emilia M\u0103t\u0103r\u0103u - therapydent.ro","isPartOf":{"@id":"https:\/\/therapydent.ro\/#website"},"datePublished":"2023-05-07T10:25:42+00:00","dateModified":"2024-12-11T13:04:48+00:00","breadcrumb":{"@id":"https:\/\/therapydent.ro\/as-emilia-matarau\/#breadcrumb"},"inLanguage":"en-US","potentialAction":[{"@type":"ReadAction","target":["https:\/\/therapydent.ro\/as-emilia-matarau\/"]}]},{"@type":"BreadcrumbList","@id":"https:\/\/therapydent.ro\/as-emilia-matarau\/#breadcrumb","itemListElement":[{"@type":"ListItem","position":1,"name":"Home","item":"https:\/\/therapydent.ro\/"},{"@type":"ListItem","position":2,"name":"As. Emilia M\u0103t\u0103r\u0103u"}]},{"@type":"WebSite","@id":"https:\/\/therapydent.ro\/#website","url":"https:\/\/therapydent.ro\/","name":"therapydent.ro","description":"Cabinet stomatologic","publisher":{"@id":"https:\/\/therapydent.ro\/#organization"},"potentialAction":[{"@type":"SearchAction","target":{"@type":"EntryPoint","urlTemplate":"https:\/\/therapydent.ro\/?s={search_term_string}"},"query-input":"required name=search_term_string"}],"inLanguage":"en-US"},{"@type":"Organization","@id":"https:\/\/therapydent.ro\/#organization","name":"therapydent.ro","url":"https:\/\/therapydent.ro\/","logo":{"@type":"ImageObject","inLanguage":"en-US","@id":"https:\/\/therapydent.ro\/#\/schema\/logo\/image\/","url":"https:\/\/therapydent.ro\/wp-content\/uploads\/2021\/12\/Logo-complet-multicolor.png","contentUrl":"https:\/\/therapydent.ro\/wp-content\/uploads\/2021\/12\/Logo-complet-multicolor.png","width":1080,"height":243,"caption":"therapydent.ro"},"image":{"@id":"https:\/\/therapydent.ro\/#\/schema\/logo\/image\/"},"sameAs":["https:\/\/www.facebook.com\/ClinicaTherapyDent","https:\/\/www.instagram.com\/therapy.dent\/?igshid=YmMyMTA2M2Y"]}]}},"_links":{"self":[{"href":"https:\/\/therapydent.ro\/en\/wp-json\/wp\/v2\/pages\/2673","targetHints":{"allow":["GET"]}}],"collection":[{"href":"https:\/\/therapydent.ro\/en\/wp-json\/wp\/v2\/pages"}],"about":[{"href":"https:\/\/therapydent.ro\/en\/wp-json\/wp\/v2\/types\/page"}],"author":[{"embeddable":true,"href":"https:\/\/therapydent.ro\/en\/wp-json\/wp\/v2\/users\/1"}],"replies":[{"embeddable":true,"href":"https:\/\/therapydent.ro\/en\/wp-json\/wp\/v2\/comments?post=2673"}],"version-history":[{"count":10,"href":"https:\/\/therapydent.ro\/en\/wp-json\/wp\/v2\/pages\/2673\/revisions"}],"predecessor-version":[{"id":3771,"href":"https:\/\/therapydent.ro\/en\/wp-json\/wp\/v2\/pages\/2673\/revisions\/3771"}],"wp:attachment":[{"href":"https:\/\/therapydent.ro\/en\/wp-json\/wp\/v2\/media?parent=2673"}],"curies":[{"name":"wp","href":"https:\/\/api.w.org\/{rel}","templated":true}]}}