{"id":2749,"date":"2023-05-08T10:04:05","date_gmt":"2023-05-08T10:04:05","guid":{"rendered":"https:\/\/therapydent.ro\/?page_id=2749"},"modified":"2025-06-19T12:06:38","modified_gmt":"2025-06-19T12:06:38","slug":"politica-de-confidentialitate","status":"publish","type":"page","link":"https:\/\/therapydent.ro\/en\/politica-de-confidentialitate\/","title":{"rendered":"Politica de confidentialitate"},"content":{"rendered":"<div data-elementor-type=\"wp-page\" data-elementor-id=\"2749\" class=\"elementor elementor-2749\">\n\t\t\t\t\t\t\t\t\t<section class=\"elementor-section elementor-top-section elementor-element elementor-element-c690952 elementor-section-height-min-height elementor-section-boxed elementor-section-height-default elementor-section-items-middle wpr-particle-no wpr-jarallax-no wpr-parallax-no wpr-sticky-section-no\" data-id=\"c690952\" data-element_type=\"section\" data-settings=\"{&quot;background_background&quot;:&quot;classic&quot;,&quot;_ha_eqh_enable&quot;:false}\">\n\t\t\t\t\t\t\t<div class=\"elementor-background-overlay\"><\/div>\n\t\t\t\t\t\t\t<div class=\"elementor-container elementor-column-gap-default\">\n\t\t\t\t\t<div class=\"elementor-column elementor-col-100 elementor-top-column elementor-element elementor-element-9c7cbbc\" data-id=\"9c7cbbc\" data-element_type=\"column\">\n\t\t\t<div class=\"elementor-widget-wrap elementor-element-populated\">\n\t\t\t\t\t\t\t\t<div class=\"elementor-element elementor-element-e330797 de_scroll_animation_no elementor-widget elementor-widget-heading\" data-id=\"e330797\" data-element_type=\"widget\" data-widget_type=\"heading.default\">\n\t\t\t\t<div class=\"elementor-widget-container\">\n\t\t\t<style>\/*! elementor - v3.11.5 - 14-03-2023 *\/\n.elementor-heading-title{padding:0;margin:0;line-height:1}.elementor-widget-heading .elementor-heading-title[class*=elementor-size-]>a{color:inherit;font-size:inherit;line-height:inherit}.elementor-widget-heading .elementor-heading-title.elementor-size-small{font-size:15px}.elementor-widget-heading .elementor-heading-title.elementor-size-medium{font-size:19px}.elementor-widget-heading .elementor-heading-title.elementor-size-large{font-size:29px}.elementor-widget-heading .elementor-heading-title.elementor-size-xl{font-size:39px}.elementor-widget-heading .elementor-heading-title.elementor-size-xxl{font-size:59px}<\/style><h2 class=\"elementor-heading-title elementor-size-default\">ACAS\u0102> Politica de confidentialitate<\/h2>\t\t<\/div>\n\t\t\t\t<\/div>\n\t\t\t\t<div class=\"elementor-element elementor-element-b480f39 premium-header-block premium-header-inline de_scroll_animation_no elementor-widget elementor-widget-premium-addon-dual-header\" data-id=\"b480f39\" data-element_type=\"widget\" data-widget_type=\"premium-addon-dual-header.default\">\n\t\t\t\t<div class=\"elementor-widget-container\">\n\t\t\t\n\t\t\t\t\t<h2 class=\"premium-dual-header-first-header\"><span class=\"premium-dual-header-first-span\">Politica  <\/span><span class=\"premium-dual-header-second-header\">De Confidentialitate<\/span><\/h2> \t\t\n\t\t\t\t<\/div>\n\t\t\t\t<\/div>\n\t\t\t\t<div class=\"elementor-element elementor-element-f4b74f4 elementor-view-stacked elementor-shape-circle de_scroll_animation_no elementor-widget elementor-widget-icon\" data-id=\"f4b74f4\" data-element_type=\"widget\" data-widget_type=\"icon.default\">\n\t\t\t\t<div class=\"elementor-widget-container\">\n\t\t\t\t\t<div class=\"elementor-icon-wrapper\">\n\t\t\t<div class=\"elementor-icon\">\n\t\t\t<i aria-hidden=\"true\" class=\"fas fa-arrow-down\"><\/i>\t\t\t<\/div>\n\t\t<\/div>\n\t\t\t\t<\/div>\n\t\t\t\t<\/div>\n\t\t\t\t\t<\/div>\n\t\t<\/div>\n\t\t\t\t\t\t\t<\/div>\n\t\t<\/section>\n\t\t\t\t<section class=\"elementor-section elementor-top-section elementor-element elementor-element-d9dd4da elementor-section-boxed elementor-section-height-default elementor-section-height-default wpr-particle-no wpr-jarallax-no wpr-parallax-no wpr-sticky-section-no\" data-id=\"d9dd4da\" data-element_type=\"section\" data-settings=\"{&quot;_ha_eqh_enable&quot;:false}\">\n\t\t\t\t\t\t<div class=\"elementor-container elementor-column-gap-default\">\n\t\t\t\t\t<div class=\"elementor-column elementor-col-100 elementor-top-column elementor-element elementor-element-a6b50b0\" data-id=\"a6b50b0\" data-element_type=\"column\">\n\t\t\t<div class=\"elementor-widget-wrap elementor-element-populated\">\n\t\t\t\t\t\t\t\t<div class=\"elementor-element elementor-element-b94ebd8 de_scroll_animation_no elementor-widget elementor-widget-text-editor\" data-id=\"b94ebd8\" data-element_type=\"widget\" data-widget_type=\"text-editor.default\">\n\t\t\t\t<div class=\"elementor-widget-container\">\n\t\t\t<style>\/*! elementor - v3.11.5 - 14-03-2023 *\/\n.elementor-widget-text-editor.elementor-drop-cap-view-stacked .elementor-drop-cap{background-color:#818a91;color:#fff}.elementor-widget-text-editor.elementor-drop-cap-view-framed .elementor-drop-cap{color:#818a91;border:3px solid;background-color:transparent}.elementor-widget-text-editor:not(.elementor-drop-cap-view-default) .elementor-drop-cap{margin-top:8px}.elementor-widget-text-editor:not(.elementor-drop-cap-view-default) .elementor-drop-cap-letter{width:1em;height:1em}.elementor-widget-text-editor .elementor-drop-cap{float:left;text-align:center;line-height:1;font-size:50px}.elementor-widget-text-editor .elementor-drop-cap-letter{display:inline-block}<\/style>\t\t\t\t<p data-start=\"264\" data-end=\"372\">Politica de confiden\u021bialitate<br data-start=\"293\" data-end=\"296\" \/>Ultima actualizare la 19-iunie-2025<br data-start=\"331\" data-end=\"334\" \/>Data intr\u0103rii \u00een vigoare 19-iunie-2025<\/p><p data-start=\"374\" data-end=\"986\">Aceast\u0103 politic\u0103 de confiden\u021bialitate descrie politicile Therapy Dent, Str Amman nr.2B sect.1 Bucure\u0219ti, Bucure\u0219ti 011614, Rom\u00e2nia, email: <a class=\"cursor-pointer\" rel=\"noopener\" data-start=\"512\" data-end=\"534\">contact@therapydent.ro<\/a>, telefon: 0720 444 033 privind colectarea, utilizarea \u0219i dezv\u0103luirea informa\u021biilor pe care le colect\u0103m atunci c\u00e2nd utiliza\u021bi site-ul nostru web (https:\/\/therapydent.ro).<\/p><p data-start=\"374\" data-end=\"986\">(&#8222;Serviciul&#8221;). Prin accesarea sau utilizarea Serviciului, sunte\u021bi de acord cu colectarea, utilizarea \u0219i dezv\u0103luirea informa\u021biilor dvs. \u00een conformitate cu aceast\u0103 Politic\u0103 de confiden\u021bialitate. Dac\u0103 nu sunte\u021bi de acord cu acestea, v\u0103 rug\u0103m s\u0103 nu accesa\u021bi sau s\u0103 utiliza\u021bi Serviciul.<\/p><p data-start=\"988\" data-end=\"1497\">Putem modifica aceast\u0103 Politic\u0103 de confiden\u021bialitate \u00een orice moment f\u0103r\u0103 a v\u0103 anun\u021ba \u00een prealabil \u0219i vom publica Politica de confiden\u021bialitate revizuit\u0103 pe Serviciu. Politica revizuit\u0103 va intra \u00een vigoare \u00een termen de 180 de zile de la data la care Politica revizuit\u0103 este postat\u0103 \u00een Serviciu, iar accesul sau utilizarea continu\u0103 a Serviciului dup\u0103 aceast\u0103 dat\u0103 va constitui acceptarea de c\u0103tre dvs. a Politicii de confiden\u021bialitate revizuite. Prin urmare, v\u0103 recomand\u0103m s\u0103 revizui\u021bi periodic aceast\u0103 pagin\u0103.<\/p><p data-start=\"1499\" data-end=\"1600\"><strong>Informa\u021bii pe care le colect\u0103m:<\/strong>Vom colecta \u0219i procesa urm\u0103toarele informa\u021bii personale despre dvs:<\/p><p data-start=\"1602\" data-end=\"1631\">Name<br data-start=\"1606\" data-end=\"1609\" \/>E-mail<br data-start=\"1615\" data-end=\"1618\" \/>Telefon mobil<\/p><p data-start=\"1633\" data-end=\"1755\"><strong>Cum folosim informa\u021biile dumneavoastr\u0103:<\/strong><br data-start=\"1672\" data-end=\"1675\" \/>Vom utiliza informa\u021biile pe care le colect\u0103m despre dvs. \u00een urm\u0103toarele scopuri:<\/p><p data-start=\"1757\" data-end=\"1827\">Suport<br data-start=\"1763\" data-end=\"1766\" \/>Informa\u021bii administrative<br data-start=\"1791\" data-end=\"1794\" \/>Gestionarea comenzilor clien\u021bilor<\/p><p data-start=\"1829\" data-end=\"2131\">Dac\u0103 dorim s\u0103 folosim informa\u021biile dvs. \u00een orice alt scop, v\u0103 vom cere consim\u021b\u0103m\u00e2ntul \u0219i vom folosi informa\u021biile dvs. numai dup\u0103 ce primim consim\u021b\u0103m\u00e2ntul dvs. \u0219i apoi, numai \u00een scopul (scopurile) pentru care acord\u0103m consim\u021b\u0103m\u00e2ntul, cu excep\u021bia cazului \u00een care suntem obliga\u021bi s\u0103 facem altfel prin lege.<\/p><p data-start=\"2133\" data-end=\"2351\"><strong>Cum \u00eemp\u0103rt\u0103\u0219im informa\u021biile dumneavoastr\u0103:<\/strong><br data-start=\"2175\" data-end=\"2178\" \/>Nu vom transfera informa\u021biile dvs. personale c\u0103tre nicio ter\u021b\u0103 parte f\u0103r\u0103 a v\u0103 solicita consim\u021b\u0103m\u00e2ntul, cu excep\u021bia unor circumstan\u021be limitate, a\u0219a cum este descris mai jos:<\/p><p data-start=\"2353\" data-end=\"2419\">Agen\u021bii de marketing<br data-start=\"2373\" data-end=\"2376\" \/>Analize<br data-start=\"2383\" data-end=\"2386\" \/>Colectarea \u0219i prelucrarea datelor<\/p><p data-start=\"2421\" data-end=\"2645\">Solicit\u0103m acestor ter\u021be p\u0103r\u021bi s\u0103 utilizeze informa\u021biile personale pe care le transfer\u0103m numai \u00een scopul pentru care au fost transferate \u0219i s\u0103 nu le p\u0103streze mai mult dec\u00e2t este necesar pentru \u00eendeplinirea scopului respectiv.<\/p><p data-start=\"2647\" data-end=\"3250\">De asemenea, putem dezv\u0103lui informa\u021biile dvs. personale pentru urm\u0103toarele: (1) pentru a respecta legile, regulamentele, ordinele judec\u0103tore\u0219ti sau alte proceduri legale aplicabile; (2) pentru a pune \u00een aplicare acordurile \u00eencheiate cu noi, inclusiv prezenta Politic\u0103 de confiden\u021bialitate; sau (3) pentru a r\u0103spunde la reclama\u021biile conform c\u0103rora utilizarea de c\u0103tre dvs. a Serviciului \u00eencalc\u0103 drepturile ter\u021bilor. \u00cen cazul \u00een care Serviciul sau compania noastr\u0103 fuzioneaz\u0103 sau este achizi\u021bionat\u0103 de o alt\u0103 companie, informa\u021biile dvs. vor fi unul dintre bunurile care sunt transferate noului proprietar.<\/p><p data-start=\"3252\" data-end=\"4001\"><strong>P\u0103strarea informa\u021biilor dumneavoastr\u0103:<\/strong><br data-start=\"3290\" data-end=\"3293\" \/>Vom p\u0103stra informa\u021biile dvs. personale la noi timp de 90 de zile p\u00e2n\u0103 la 2 ani dup\u0103 ce conturile de utilizator r\u0103m\u00e2n inactive sau at\u00e2ta timp c\u00e2t avem nevoie de ele pentru a \u00eendeplini scopurile pentru care au fost colectate, a\u0219a cum este detaliat \u00een aceast\u0103 Politic\u0103 de confiden\u021bialitate. Este posibil s\u0103 avem nevoie s\u0103 p\u0103str\u0103m anumite informa\u021bii pentru perioade mai lungi, cum ar fi p\u0103strarea \u00eenregistr\u0103rilor \/ raport\u0103ri \u00een conformitate cu legisla\u021bia aplicabil\u0103 sau din alte motive legitime, cum ar fi aplicarea drepturilor legale, prevenirea fraudei etc. Informa\u021biile anonime reziduale \u0219i informa\u021biile agregate, dintre care niciuna nu v\u0103 identific\u0103 (direct sau indirect), pot fi stocate pe termen nelimitat.<\/p><p data-start=\"4003\" data-end=\"5041\"><strong>Drepturile dumneavoastr\u0103:<\/strong><br data-start=\"4028\" data-end=\"4031\" \/>\u00cen func\u021bie de legea care se aplic\u0103, pute\u021bi avea dreptul de a accesa \u0219i de a rectifica sau \u0219terge datele dvs. personale sau de a primi o copie a datelor dvs. personale, de a restric\u021biona sau de a v\u0103 opune prelucr\u0103rii active a datelor dvs., de a ne cere s\u0103 partaj\u0103m (port) informa\u021biile dvs. personale c\u0103tre o alt\u0103 entitate, de a retrage orice consim\u021b\u0103m\u00e2nt pe care ni l-a\u021bi acordat pentru prelucrarea datelor dvs., dreptul de a depune o pl\u00e2ngere la o autoritate legal\u0103 \u0219i orice alte drepturi care pot fi relevante \u00een conformitate cu legile aplicabile. Pentru a v\u0103 exercita aceste drepturi, ne pute\u021bi scrie la adresa <a class=\"cursor-pointer\" rel=\"noopener\" data-start=\"4644\" data-end=\"4666\">contact@therapydent.ro<\/a>. Vom r\u0103spunde solicit\u0103rii dvs. \u00een conformitate cu legisla\u021bia aplicabil\u0103. Re\u021bine\u021bi c\u0103, dac\u0103 nu ne permite\u021bi s\u0103 colect\u0103m sau s\u0103 prelucr\u0103m informa\u021biile personale solicitate sau dac\u0103 ne retrage\u021bi consim\u021b\u0103m\u00e2ntul pentru prelucrarea acestora \u00een scopurile solicitate, este posibil s\u0103 nu pute\u021bi accesa sau utiliza serviciile pentru care au fost solicitate informa\u021biile dumneavoastr\u0103.<\/p><p data-start=\"5043\" data-end=\"5259\"><strong>Cookie-uri etc.:<\/strong><br data-start=\"5059\" data-end=\"5062\" \/>Pentru a afla mai multe despre modul \u00een care le folosim \u0219i despre op\u021biunile dumneavoastr\u0103 \u00een leg\u0103tur\u0103 cu aceste tehnologii de urm\u0103rire, v\u0103 rug\u0103m s\u0103 consulta\u021bi Politica noastr\u0103 privind cookie-urile.<\/p><p data-start=\"5261\" data-end=\"5759\"><strong>Securitate:<\/strong><br data-start=\"5272\" data-end=\"5275\" \/>Securitatea informa\u021biilor dvs. este important\u0103 pentru noi \u0219i vom utiliza m\u0103suri de securitate rezonabile pentru a preveni pierderea, utilizarea necorespunz\u0103toare sau modificarea neautorizat\u0103 a informa\u021biilor dvs. aflate sub controlul nostru. Cu toate acestea, av\u00e2nd \u00een vedere riscurile inerente, nu putem garanta o securitate absolut\u0103 \u0219i, \u00een consecin\u021b\u0103, nu putem asigura sau garanta securitatea informa\u021biilor pe care ni le transmite\u021bi, iar dumneavoastr\u0103 o face\u021bi pe propriul dvs. risc.<\/p><p data-start=\"5761\" data-end=\"6146\"><strong>Ofi\u021berul de reclama\u021bii \/ de protec\u021bie a datelor:<\/strong><br data-start=\"5809\" data-end=\"5812\" \/>Dac\u0103 ave\u021bi \u00eentreb\u0103ri sau nel\u0103muriri cu privire la procesarea informa\u021biilor dvs. care sunt disponibile la noi, pute\u021bi trimite un e-mail la Ofi\u021berul nostru de reclama\u021bii la Therapydent, Str Amman nr.2B sect.1 Bucure\u0219ti, e-mail: <a class=\"cursor-pointer\" rel=\"noopener\" data-start=\"6038\" data-end=\"6060\">contact@therapydent.ro<\/a>. Ne vom ocupa de preocup\u0103rile dumneavoastr\u0103 \u00een conformitate cu legisla\u021bia aplicabil\u0103.<\/p>\t\t\t\t\t\t<\/div>\n\t\t\t\t<\/div>\n\t\t\t\t\t<\/div>\n\t\t<\/div>\n\t\t\t\t\t\t\t<\/div>\n\t\t<\/section>\n\t\t\t\t\t\t\t<\/div>","protected":false},"excerpt":{"rendered":"<p>ACAS\u0102> Politica de confidentialitate Politica De Confidentialitate Politica de confiden\u021bialitateUltima actualizare la 19-iunie-2025Data intr\u0103rii \u00een vigoare 19-iunie-2025 Aceast\u0103 politic\u0103 de confiden\u021bialitate descrie politicile Therapy Dent, Str Amman nr.2B sect.1 Bucure\u0219ti, Bucure\u0219ti 011614, Rom\u00e2nia, email: contact@therapydent.ro, telefon: 0720 444 033 privind colectarea, utilizarea \u0219i dezv\u0103luirea informa\u021biilor pe care le colect\u0103m atunci c\u00e2nd utiliza\u021bi site-ul nostru web [&hellip;]<\/p>","protected":false},"author":1,"featured_media":0,"parent":0,"menu_order":0,"comment_status":"closed","ping_status":"closed","template":"elementor_canvas","meta":{"footnotes":""},"class_list":["post-2749","page","type-page","status-publish","hentry"],"yoast_head":"<!-- This site is optimized with the Yoast SEO plugin v20.6 - https:\/\/yoast.com\/wordpress\/plugins\/seo\/ -->\n<title>Politica de confidentialitate - therapydent.ro<\/title>\n<meta name=\"robots\" content=\"index, follow, max-snippet:-1, max-image-preview:large, max-video-preview:-1\" \/>\n<link rel=\"canonical\" href=\"https:\/\/therapydent.ro\/en\/politica-de-confidentialitate\/\" \/>\n<meta property=\"og:locale\" content=\"en_US\" \/>\n<meta property=\"og:type\" content=\"article\" \/>\n<meta property=\"og:title\" content=\"Politica de confidentialitate - therapydent.ro\" \/>\n<meta property=\"og:description\" content=\"ACAS\u0102&gt; Politica de confidentialitate Politica De Confidentialitate Politica de confiden\u021bialitateUltima actualizare la 19-iunie-2025Data intr\u0103rii \u00een vigoare 19-iunie-2025 Aceast\u0103 politic\u0103 de confiden\u021bialitate descrie politicile Therapy Dent, Str Amman nr.2B sect.1 Bucure\u0219ti, Bucure\u0219ti 011614, Rom\u00e2nia, email: contact@therapydent.ro, telefon: 0720 444 033 privind colectarea, utilizarea \u0219i dezv\u0103luirea informa\u021biilor pe care le colect\u0103m atunci c\u00e2nd utiliza\u021bi site-ul nostru web [&hellip;]\" \/>\n<meta property=\"og:url\" content=\"https:\/\/therapydent.ro\/en\/politica-de-confidentialitate\/\" \/>\n<meta property=\"og:site_name\" content=\"therapydent.ro\" \/>\n<meta property=\"article:publisher\" content=\"https:\/\/www.facebook.com\/ClinicaTherapyDent\" \/>\n<meta property=\"article:modified_time\" content=\"2025-06-19T12:06:38+00:00\" \/>\n<meta name=\"twitter:card\" content=\"summary_large_image\" \/>\n<meta name=\"twitter:label1\" content=\"Est. reading time\" \/>\n\t<meta name=\"twitter:data1\" content=\"4 minutes\" \/>\n<script type=\"application\/ld+json\" class=\"yoast-schema-graph\">{\"@context\":\"https:\/\/schema.org\",\"@graph\":[{\"@type\":\"WebPage\",\"@id\":\"https:\/\/therapydent.ro\/politica-de-confidentialitate\/\",\"url\":\"https:\/\/therapydent.ro\/politica-de-confidentialitate\/\",\"name\":\"Politica de confidentialitate - therapydent.ro\",\"isPartOf\":{\"@id\":\"https:\/\/therapydent.ro\/#website\"},\"datePublished\":\"2023-05-08T10:04:05+00:00\",\"dateModified\":\"2025-06-19T12:06:38+00:00\",\"breadcrumb\":{\"@id\":\"https:\/\/therapydent.ro\/politica-de-confidentialitate\/#breadcrumb\"},\"inLanguage\":\"en-US\",\"potentialAction\":[{\"@type\":\"ReadAction\",\"target\":[\"https:\/\/therapydent.ro\/politica-de-confidentialitate\/\"]}]},{\"@type\":\"BreadcrumbList\",\"@id\":\"https:\/\/therapydent.ro\/politica-de-confidentialitate\/#breadcrumb\",\"itemListElement\":[{\"@type\":\"ListItem\",\"position\":1,\"name\":\"Home\",\"item\":\"https:\/\/therapydent.ro\/\"},{\"@type\":\"ListItem\",\"position\":2,\"name\":\"Politica de confidentialitate\"}]},{\"@type\":\"WebSite\",\"@id\":\"https:\/\/therapydent.ro\/#website\",\"url\":\"https:\/\/therapydent.ro\/\",\"name\":\"therapydent.ro\",\"description\":\"Cabinet stomatologic\",\"publisher\":{\"@id\":\"https:\/\/therapydent.ro\/#organization\"},\"potentialAction\":[{\"@type\":\"SearchAction\",\"target\":{\"@type\":\"EntryPoint\",\"urlTemplate\":\"https:\/\/therapydent.ro\/?s={search_term_string}\"},\"query-input\":\"required name=search_term_string\"}],\"inLanguage\":\"en-US\"},{\"@type\":\"Organization\",\"@id\":\"https:\/\/therapydent.ro\/#organization\",\"name\":\"therapydent.ro\",\"url\":\"https:\/\/therapydent.ro\/\",\"logo\":{\"@type\":\"ImageObject\",\"inLanguage\":\"en-US\",\"@id\":\"https:\/\/therapydent.ro\/#\/schema\/logo\/image\/\",\"url\":\"https:\/\/therapydent.ro\/wp-content\/uploads\/2021\/12\/Logo-complet-multicolor.png\",\"contentUrl\":\"https:\/\/therapydent.ro\/wp-content\/uploads\/2021\/12\/Logo-complet-multicolor.png\",\"width\":1080,\"height\":243,\"caption\":\"therapydent.ro\"},\"image\":{\"@id\":\"https:\/\/therapydent.ro\/#\/schema\/logo\/image\/\"},\"sameAs\":[\"https:\/\/www.facebook.com\/ClinicaTherapyDent\",\"https:\/\/www.instagram.com\/therapy.dent\/?igshid=YmMyMTA2M2Y\"]}]}<\/script>\n<!-- \/ Yoast SEO plugin. -->","yoast_head_json":{"title":"Politica de confidentialitate - therapydent.ro","robots":{"index":"index","follow":"follow","max-snippet":"max-snippet:-1","max-image-preview":"max-image-preview:large","max-video-preview":"max-video-preview:-1"},"canonical":"https:\/\/therapydent.ro\/en\/politica-de-confidentialitate\/","og_locale":"en_US","og_type":"article","og_title":"Politica de confidentialitate - therapydent.ro","og_description":"ACAS\u0102> Politica de confidentialitate Politica De Confidentialitate Politica de confiden\u021bialitateUltima actualizare la 19-iunie-2025Data intr\u0103rii \u00een vigoare 19-iunie-2025 Aceast\u0103 politic\u0103 de confiden\u021bialitate descrie politicile Therapy Dent, Str Amman nr.2B sect.1 Bucure\u0219ti, Bucure\u0219ti 011614, Rom\u00e2nia, email: contact@therapydent.ro, telefon: 0720 444 033 privind colectarea, utilizarea \u0219i dezv\u0103luirea informa\u021biilor pe care le colect\u0103m atunci c\u00e2nd utiliza\u021bi site-ul nostru web [&hellip;]","og_url":"https:\/\/therapydent.ro\/en\/politica-de-confidentialitate\/","og_site_name":"therapydent.ro","article_publisher":"https:\/\/www.facebook.com\/ClinicaTherapyDent","article_modified_time":"2025-06-19T12:06:38+00:00","twitter_card":"summary_large_image","twitter_misc":{"Est. reading time":"4 minutes"},"schema":{"@context":"https:\/\/schema.org","@graph":[{"@type":"WebPage","@id":"https:\/\/therapydent.ro\/politica-de-confidentialitate\/","url":"https:\/\/therapydent.ro\/politica-de-confidentialitate\/","name":"Politica de confidentialitate - therapydent.ro","isPartOf":{"@id":"https:\/\/therapydent.ro\/#website"},"datePublished":"2023-05-08T10:04:05+00:00","dateModified":"2025-06-19T12:06:38+00:00","breadcrumb":{"@id":"https:\/\/therapydent.ro\/politica-de-confidentialitate\/#breadcrumb"},"inLanguage":"en-US","potentialAction":[{"@type":"ReadAction","target":["https:\/\/therapydent.ro\/politica-de-confidentialitate\/"]}]},{"@type":"BreadcrumbList","@id":"https:\/\/therapydent.ro\/politica-de-confidentialitate\/#breadcrumb","itemListElement":[{"@type":"ListItem","position":1,"name":"Home","item":"https:\/\/therapydent.ro\/"},{"@type":"ListItem","position":2,"name":"Politica de confidentialitate"}]},{"@type":"WebSite","@id":"https:\/\/therapydent.ro\/#website","url":"https:\/\/therapydent.ro\/","name":"therapydent.ro","description":"Cabinet stomatologic","publisher":{"@id":"https:\/\/therapydent.ro\/#organization"},"potentialAction":[{"@type":"SearchAction","target":{"@type":"EntryPoint","urlTemplate":"https:\/\/therapydent.ro\/?s={search_term_string}"},"query-input":"required name=search_term_string"}],"inLanguage":"en-US"},{"@type":"Organization","@id":"https:\/\/therapydent.ro\/#organization","name":"therapydent.ro","url":"https:\/\/therapydent.ro\/","logo":{"@type":"ImageObject","inLanguage":"en-US","@id":"https:\/\/therapydent.ro\/#\/schema\/logo\/image\/","url":"https:\/\/therapydent.ro\/wp-content\/uploads\/2021\/12\/Logo-complet-multicolor.png","contentUrl":"https:\/\/therapydent.ro\/wp-content\/uploads\/2021\/12\/Logo-complet-multicolor.png","width":1080,"height":243,"caption":"therapydent.ro"},"image":{"@id":"https:\/\/therapydent.ro\/#\/schema\/logo\/image\/"},"sameAs":["https:\/\/www.facebook.com\/ClinicaTherapyDent","https:\/\/www.instagram.com\/therapy.dent\/?igshid=YmMyMTA2M2Y"]}]}},"_links":{"self":[{"href":"https:\/\/therapydent.ro\/en\/wp-json\/wp\/v2\/pages\/2749","targetHints":{"allow":["GET"]}}],"collection":[{"href":"https:\/\/therapydent.ro\/en\/wp-json\/wp\/v2\/pages"}],"about":[{"href":"https:\/\/therapydent.ro\/en\/wp-json\/wp\/v2\/types\/page"}],"author":[{"embeddable":true,"href":"https:\/\/therapydent.ro\/en\/wp-json\/wp\/v2\/users\/1"}],"replies":[{"embeddable":true,"href":"https:\/\/therapydent.ro\/en\/wp-json\/wp\/v2\/comments?post=2749"}],"version-history":[{"count":10,"href":"https:\/\/therapydent.ro\/en\/wp-json\/wp\/v2\/pages\/2749\/revisions"}],"predecessor-version":[{"id":4065,"href":"https:\/\/therapydent.ro\/en\/wp-json\/wp\/v2\/pages\/2749\/revisions\/4065"}],"wp:attachment":[{"href":"https:\/\/therapydent.ro\/en\/wp-json\/wp\/v2\/media?parent=2749"}],"curies":[{"name":"wp","href":"https:\/\/api.w.org\/{rel}","templated":true}]}}