{"id":4039,"date":"2025-06-14T16:42:23","date_gmt":"2025-06-14T16:42:23","guid":{"rendered":"https:\/\/therapydent.ro\/?page_id=4039"},"modified":"2025-06-19T14:35:36","modified_gmt":"2025-06-19T14:35:36","slug":"politica-gdpr-siguranta-datelor-cu-caracter-personal","status":"publish","type":"page","link":"https:\/\/therapydent.ro\/en\/politica-gdpr-siguranta-datelor-cu-caracter-personal\/","title":{"rendered":"Politica GDPR (Siguran\u021ba Datelor cu Caracter Personal)"},"content":{"rendered":"<div data-elementor-type=\"wp-page\" data-elementor-id=\"4039\" class=\"elementor elementor-4039\">\n\t\t\t\t\t\t\t\t\t<section class=\"elementor-section elementor-top-section elementor-element elementor-element-c690952 elementor-section-height-min-height elementor-section-boxed elementor-section-height-default elementor-section-items-middle wpr-particle-no wpr-jarallax-no wpr-parallax-no wpr-sticky-section-no\" data-id=\"c690952\" data-element_type=\"section\" data-settings=\"{&quot;background_background&quot;:&quot;classic&quot;,&quot;_ha_eqh_enable&quot;:false}\">\n\t\t\t\t\t\t\t<div class=\"elementor-background-overlay\"><\/div>\n\t\t\t\t\t\t\t<div class=\"elementor-container elementor-column-gap-default\">\n\t\t\t\t\t<div class=\"elementor-column elementor-col-100 elementor-top-column elementor-element elementor-element-9c7cbbc\" data-id=\"9c7cbbc\" data-element_type=\"column\">\n\t\t\t<div class=\"elementor-widget-wrap elementor-element-populated\">\n\t\t\t\t\t\t\t\t<div class=\"elementor-element elementor-element-e330797 de_scroll_animation_no elementor-widget elementor-widget-heading\" data-id=\"e330797\" data-element_type=\"widget\" data-widget_type=\"heading.default\">\n\t\t\t\t<div class=\"elementor-widget-container\">\n\t\t\t<style>\/*! elementor - v3.11.5 - 14-03-2023 *\/\n.elementor-heading-title{padding:0;margin:0;line-height:1}.elementor-widget-heading .elementor-heading-title[class*=elementor-size-]>a{color:inherit;font-size:inherit;line-height:inherit}.elementor-widget-heading .elementor-heading-title.elementor-size-small{font-size:15px}.elementor-widget-heading .elementor-heading-title.elementor-size-medium{font-size:19px}.elementor-widget-heading .elementor-heading-title.elementor-size-large{font-size:29px}.elementor-widget-heading .elementor-heading-title.elementor-size-xl{font-size:39px}.elementor-widget-heading .elementor-heading-title.elementor-size-xxl{font-size:59px}<\/style><h2 class=\"elementor-heading-title elementor-size-default\">ACAS\u0102> Politici<\/h2>\t\t<\/div>\n\t\t\t\t<\/div>\n\t\t\t\t<div class=\"elementor-element elementor-element-b480f39 premium-header-block premium-header-inline de_scroll_animation_no elementor-widget elementor-widget-premium-addon-dual-header\" data-id=\"b480f39\" data-element_type=\"widget\" data-widget_type=\"premium-addon-dual-header.default\">\n\t\t\t\t<div class=\"elementor-widget-container\">\n\t\t\t\n\t\t\t\t\t<h2 class=\"premium-dual-header-first-header\"><span class=\"premium-dual-header-first-span\">Politica GDPR <\/span><span class=\"premium-dual-header-second-header\">(Siguran\u021ba Datelor cu Caracter Personal)<\/span><\/h2> \t\t\n\t\t\t\t<\/div>\n\t\t\t\t<\/div>\n\t\t\t\t<div class=\"elementor-element elementor-element-f4b74f4 elementor-view-stacked elementor-shape-circle de_scroll_animation_no elementor-widget elementor-widget-icon\" data-id=\"f4b74f4\" data-element_type=\"widget\" data-widget_type=\"icon.default\">\n\t\t\t\t<div class=\"elementor-widget-container\">\n\t\t\t\t\t<div class=\"elementor-icon-wrapper\">\n\t\t\t<div class=\"elementor-icon\">\n\t\t\t<i aria-hidden=\"true\" class=\"fas fa-arrow-down\"><\/i>\t\t\t<\/div>\n\t\t<\/div>\n\t\t\t\t<\/div>\n\t\t\t\t<\/div>\n\t\t\t\t\t<\/div>\n\t\t<\/div>\n\t\t\t\t\t\t\t<\/div>\n\t\t<\/section>\n\t\t\t\t<section class=\"elementor-section elementor-top-section elementor-element elementor-element-d9dd4da elementor-section-boxed elementor-section-height-default elementor-section-height-default wpr-particle-no wpr-jarallax-no wpr-parallax-no wpr-sticky-section-no\" data-id=\"d9dd4da\" data-element_type=\"section\" data-settings=\"{&quot;_ha_eqh_enable&quot;:false}\">\n\t\t\t\t\t\t<div class=\"elementor-container elementor-column-gap-default\">\n\t\t\t\t\t<div class=\"elementor-column elementor-col-100 elementor-top-column elementor-element elementor-element-a6b50b0\" data-id=\"a6b50b0\" data-element_type=\"column\">\n\t\t\t<div class=\"elementor-widget-wrap elementor-element-populated\">\n\t\t\t\t\t\t\t\t<div class=\"elementor-element elementor-element-b94ebd8 de_scroll_animation_no elementor-widget elementor-widget-text-editor\" data-id=\"b94ebd8\" data-element_type=\"widget\" data-widget_type=\"text-editor.default\">\n\t\t\t\t<div class=\"elementor-widget-container\">\n\t\t\t<style>\/*! elementor - v3.11.5 - 14-03-2023 *\/\n.elementor-widget-text-editor.elementor-drop-cap-view-stacked .elementor-drop-cap{background-color:#818a91;color:#fff}.elementor-widget-text-editor.elementor-drop-cap-view-framed .elementor-drop-cap{color:#818a91;border:3px solid;background-color:transparent}.elementor-widget-text-editor:not(.elementor-drop-cap-view-default) .elementor-drop-cap{margin-top:8px}.elementor-widget-text-editor:not(.elementor-drop-cap-view-default) .elementor-drop-cap-letter{width:1em;height:1em}.elementor-widget-text-editor .elementor-drop-cap{float:left;text-align:center;line-height:1;font-size:50px}.elementor-widget-text-editor .elementor-drop-cap-letter{display:inline-block}<\/style>\t\t\t\t<p>Aceast\u0103 politic\u0103 are ca scop informarea utilizatorilor website-ului <strong>therapydent.ro<\/strong> privind m\u0103surile luate de <strong data-start=\"646\" data-end=\"668\">S.C. EVOCLINIQ SRL<\/strong> pentru protejarea datelor cu caracter personal, \u00een conformitate cu Regulamentul (UE) 2016\/679 privind protec\u021bia datelor (GDPR).<\/p><p data-start=\"803\" data-end=\"828\"><strong>1. Operatorul de date<\/strong><\/p><p data-start=\"830\" data-end=\"988\"><strong data-start=\"830\" data-end=\"852\">S.C. EVOCLINIQ SRL<\/strong><br data-start=\"852\" data-end=\"855\" \/>CIF: 36539996<br data-start=\"868\" data-end=\"871\" \/>Sediu: Str. Amman nr. 2B, Sector 1, Bucure\u0219ti<br data-start=\"916\" data-end=\"919\" \/>Email: contact@therapydent.ro<br data-start=\"951\" data-end=\"954\" \/>Phone: 0720 444 033<\/p><p data-start=\"995\" data-end=\"1029\"><strong>2. Categorii de date procesate<\/strong><\/p><p data-start=\"1031\" data-end=\"1081\">Datele cu caracter personal colectate pot include:<\/p><ul data-start=\"1083\" data-end=\"1306\"><li data-start=\"1083\" data-end=\"1122\"><p data-start=\"1085\" data-end=\"1122\">Date de identificare: nume, prenume<\/p><\/li><li data-start=\"1123\" data-end=\"1158\"><p data-start=\"1125\" data-end=\"1158\">Date de contact: telefon, email<\/p><\/li><li data-start=\"1159\" data-end=\"1263\"><p data-start=\"1161\" data-end=\"1263\">Date de s\u0103n\u0103tate (dac\u0103 sunt completate voluntar prin formulare medicale sau \u00een cadrul program\u0103rilor)<\/p><\/li><li data-start=\"1264\" data-end=\"1306\"><p data-start=\"1266\" data-end=\"1306\">Date tehnice: IP, tip browser, cookies<\/p><\/li><\/ul><p data-start=\"1313\" data-end=\"1338\"><strong>3. Scopul prelucr\u0103rii<\/strong><\/p><p data-start=\"1340\" data-end=\"1386\">Datele sunt prelucrate \u00een urm\u0103toarele scopuri:<\/p><ul data-start=\"1388\" data-end=\"1573\"><li data-start=\"1388\" data-end=\"1434\"><p data-start=\"1390\" data-end=\"1434\">Programare \u0219i desf\u0103\u0219urare a consulta\u021biilor<\/p><\/li><li data-start=\"1435\" data-end=\"1463\"><p data-start=\"1437\" data-end=\"1463\">Comunicarea cu pacien\u021bii<\/p><\/li><li data-start=\"1464\" data-end=\"1510\"><p data-start=\"1466\" data-end=\"1510\">Respectarea obliga\u021biilor legale \u0219i fiscale<\/p><\/li><li data-start=\"1511\" data-end=\"1573\"><p data-start=\"1513\" data-end=\"1573\">Asigurarea securit\u0103\u021bii \u0219i func\u021bion\u0103rii corecte a site-ului<\/p><\/li><\/ul><p data-start=\"1580\" data-end=\"1619\"><strong>4. M\u0103suri de siguran\u021b\u0103 implementate<\/strong><\/p><p data-start=\"1621\" data-end=\"1723\">Pentru a proteja datele cu caracter personal, <strong data-start=\"1667\" data-end=\"1689\">S.C. EVOCLINIQ SRL<\/strong> a implementat urm\u0103toarele m\u0103suri:<\/p><ul data-start=\"1725\" data-end=\"2078\"><li data-start=\"1725\" data-end=\"1798\"><p data-start=\"1727\" data-end=\"1798\">Protec\u021bie prin parol\u0103 \u0219i autentificare a dispozitivelor \u0219i sistemelor<\/p><\/li><li data-start=\"1799\" data-end=\"1844\"><p data-start=\"1801\" data-end=\"1844\">Acces limitat doar personalului autorizat<\/p><\/li><li data-start=\"1845\" data-end=\"1875\"><p data-start=\"1847\" data-end=\"1875\">Backup periodic al datelor<\/p><\/li><li data-start=\"1876\" data-end=\"1933\"><p data-start=\"1878\" data-end=\"1933\">Politici interne de confiden\u021bialitate pentru angaja\u021bi<\/p><\/li><li data-start=\"1934\" data-end=\"2002\"><p data-start=\"1936\" data-end=\"2002\">Protocol HTTPS pe website pentru transmiterea criptat\u0103 a datelor<\/p><\/li><li data-start=\"2003\" data-end=\"2078\"><p data-start=\"2005\" data-end=\"2078\">Contracte cu ter\u021bi (ex. hosting, contabilitate) care includ clauze GDPR<\/p><\/li><\/ul><p data-start=\"2085\" data-end=\"2111\"><strong>5. Perioada de stocare<\/strong><\/p><p data-start=\"2113\" data-end=\"2269\">Datele sunt stocate pe perioada necesar\u0103 \u00eendeplinirii scopurilor men\u021bionate, conform legisla\u021biei \u00een vigoare (ex. arhivare medical\u0103, obliga\u021bii fiscale etc.).<\/p><p data-start=\"2276\" data-end=\"2310\"><strong>6. Drepturile persoanei vizate<\/strong><\/p><p data-start=\"2312\" data-end=\"2390\">Persoanele ale c\u0103ror date sunt prelucrate beneficiaz\u0103 de urm\u0103toarele drepturi:<\/p><ul data-start=\"2392\" data-end=\"2634\"><li data-start=\"2392\" data-end=\"2412\"><p data-start=\"2394\" data-end=\"2412\">Dreptul de acces<\/p><\/li><li data-start=\"2413\" data-end=\"2439\"><p data-start=\"2415\" data-end=\"2439\">Dreptul la rectificare<\/p><\/li><li data-start=\"2440\" data-end=\"2463\"><p data-start=\"2442\" data-end=\"2463\">Dreptul la \u0219tergere<\/p><\/li><li data-start=\"2464\" data-end=\"2506\"><p data-start=\"2466\" data-end=\"2506\">Dreptul la restric\u021bionarea prelucr\u0103rii<\/p><\/li><li data-start=\"2507\" data-end=\"2530\"><p data-start=\"2509\" data-end=\"2530\">Dreptul la opozi\u021bie<\/p><\/li><li data-start=\"2531\" data-end=\"2568\"><p data-start=\"2533\" data-end=\"2568\">Dreptul la portabilitatea datelor<\/p><\/li><li data-start=\"2569\" data-end=\"2634\"><p data-start=\"2571\" data-end=\"2634\">Dreptul de a depune pl\u00e2ngere la ANSPDCP (www.dataprotection.ro)<\/p><\/li><\/ul><p data-start=\"2636\" data-end=\"2712\">Pentru exercitarea acestor drepturi, ne pute\u021bi contacta la: contact@therapydent.ro<\/p><p data-start=\"2719\" data-end=\"2733\"><strong>7. Contact<\/strong><\/p><p data-start=\"2735\" data-end=\"2786\">Pentru orice \u00eentreb\u0103ri legate de protec\u021bia datelor:<\/p><p data-start=\"2788\" data-end=\"2903\"><strong data-start=\"2788\" data-end=\"2810\">S.C. EVOCLINIQ SRL<\/strong><br data-start=\"2810\" data-end=\"2813\" \/>Str. Amman nr. 2B, Sector 1, Bucure\u0219ti<br data-start=\"2851\" data-end=\"2854\" \/>Email: contact@therapydent.ro<br data-start=\"951\" data-end=\"954\" \/>Phone: 0720 444 033<\/p>\t\t\t\t\t\t<\/div>\n\t\t\t\t<\/div>\n\t\t\t\t\t<\/div>\n\t\t<\/div>\n\t\t\t\t\t\t\t<\/div>\n\t\t<\/section>\n\t\t\t\t\t\t\t<\/div>","protected":false},"excerpt":{"rendered":"<p>ACAS\u0102> Politici Politica GDPR (Siguran\u021ba Datelor cu Caracter Personal) Aceast\u0103 politic\u0103 are ca scop informarea utilizatorilor website-ului therapydent.ro privind m\u0103surile luate de S.C. EVOCLINIQ SRL pentru protejarea datelor cu caracter personal, \u00een conformitate cu Regulamentul (UE) 2016\/679 privind protec\u021bia datelor (GDPR). 1. Operatorul de date S.C. EVOCLINIQ SRLCIF: 36539996Sediu: Str. Amman nr. 2B, Sector 1, [&hellip;]<\/p>","protected":false},"author":1,"featured_media":0,"parent":0,"menu_order":0,"comment_status":"closed","ping_status":"closed","template":"elementor_canvas","meta":{"footnotes":""},"class_list":["post-4039","page","type-page","status-publish","hentry"],"yoast_head":"<!-- This site is optimized with the Yoast SEO plugin v20.6 - https:\/\/yoast.com\/wordpress\/plugins\/seo\/ -->\n<title>Politica GDPR (Siguran\u021ba Datelor cu Caracter Personal) - therapydent.ro<\/title>\n<meta name=\"robots\" content=\"index, follow, max-snippet:-1, max-image-preview:large, max-video-preview:-1\" \/>\n<link rel=\"canonical\" href=\"https:\/\/therapydent.ro\/en\/politica-gdpr-siguranta-datelor-cu-caracter-personal\/\" \/>\n<meta property=\"og:locale\" content=\"en_US\" \/>\n<meta property=\"og:type\" content=\"article\" \/>\n<meta property=\"og:title\" content=\"Politica GDPR (Siguran\u021ba Datelor cu Caracter Personal) - therapydent.ro\" \/>\n<meta property=\"og:description\" content=\"ACAS\u0102&gt; Politici Politica GDPR (Siguran\u021ba Datelor cu Caracter Personal) Aceast\u0103 politic\u0103 are ca scop informarea utilizatorilor website-ului therapydent.ro privind m\u0103surile luate de S.C. EVOCLINIQ SRL pentru protejarea datelor cu caracter personal, \u00een conformitate cu Regulamentul (UE) 2016\/679 privind protec\u021bia datelor (GDPR). 1. Operatorul de date S.C. EVOCLINIQ SRLCIF: 36539996Sediu: Str. Amman nr. 2B, Sector 1, [&hellip;]\" \/>\n<meta property=\"og:url\" content=\"https:\/\/therapydent.ro\/en\/politica-gdpr-siguranta-datelor-cu-caracter-personal\/\" \/>\n<meta property=\"og:site_name\" content=\"therapydent.ro\" \/>\n<meta property=\"article:publisher\" content=\"https:\/\/www.facebook.com\/ClinicaTherapyDent\" \/>\n<meta property=\"article:modified_time\" content=\"2025-06-19T14:35:36+00:00\" \/>\n<meta name=\"twitter:card\" content=\"summary_large_image\" \/>\n<meta name=\"twitter:label1\" content=\"Est. reading time\" \/>\n\t<meta name=\"twitter:data1\" content=\"2 minutes\" \/>\n<script type=\"application\/ld+json\" class=\"yoast-schema-graph\">{\"@context\":\"https:\/\/schema.org\",\"@graph\":[{\"@type\":\"WebPage\",\"@id\":\"https:\/\/therapydent.ro\/politica-gdpr-siguranta-datelor-cu-caracter-personal\/\",\"url\":\"https:\/\/therapydent.ro\/politica-gdpr-siguranta-datelor-cu-caracter-personal\/\",\"name\":\"Politica GDPR (Siguran\u021ba Datelor cu Caracter Personal) - therapydent.ro\",\"isPartOf\":{\"@id\":\"https:\/\/therapydent.ro\/#website\"},\"datePublished\":\"2025-06-14T16:42:23+00:00\",\"dateModified\":\"2025-06-19T14:35:36+00:00\",\"breadcrumb\":{\"@id\":\"https:\/\/therapydent.ro\/politica-gdpr-siguranta-datelor-cu-caracter-personal\/#breadcrumb\"},\"inLanguage\":\"en-US\",\"potentialAction\":[{\"@type\":\"ReadAction\",\"target\":[\"https:\/\/therapydent.ro\/politica-gdpr-siguranta-datelor-cu-caracter-personal\/\"]}]},{\"@type\":\"BreadcrumbList\",\"@id\":\"https:\/\/therapydent.ro\/politica-gdpr-siguranta-datelor-cu-caracter-personal\/#breadcrumb\",\"itemListElement\":[{\"@type\":\"ListItem\",\"position\":1,\"name\":\"Home\",\"item\":\"https:\/\/therapydent.ro\/\"},{\"@type\":\"ListItem\",\"position\":2,\"name\":\"Politica GDPR (Siguran\u021ba Datelor cu Caracter Personal)\"}]},{\"@type\":\"WebSite\",\"@id\":\"https:\/\/therapydent.ro\/#website\",\"url\":\"https:\/\/therapydent.ro\/\",\"name\":\"therapydent.ro\",\"description\":\"Cabinet stomatologic\",\"publisher\":{\"@id\":\"https:\/\/therapydent.ro\/#organization\"},\"potentialAction\":[{\"@type\":\"SearchAction\",\"target\":{\"@type\":\"EntryPoint\",\"urlTemplate\":\"https:\/\/therapydent.ro\/?s={search_term_string}\"},\"query-input\":\"required name=search_term_string\"}],\"inLanguage\":\"en-US\"},{\"@type\":\"Organization\",\"@id\":\"https:\/\/therapydent.ro\/#organization\",\"name\":\"therapydent.ro\",\"url\":\"https:\/\/therapydent.ro\/\",\"logo\":{\"@type\":\"ImageObject\",\"inLanguage\":\"en-US\",\"@id\":\"https:\/\/therapydent.ro\/#\/schema\/logo\/image\/\",\"url\":\"https:\/\/therapydent.ro\/wp-content\/uploads\/2021\/12\/Logo-complet-multicolor.png\",\"contentUrl\":\"https:\/\/therapydent.ro\/wp-content\/uploads\/2021\/12\/Logo-complet-multicolor.png\",\"width\":1080,\"height\":243,\"caption\":\"therapydent.ro\"},\"image\":{\"@id\":\"https:\/\/therapydent.ro\/#\/schema\/logo\/image\/\"},\"sameAs\":[\"https:\/\/www.facebook.com\/ClinicaTherapyDent\",\"https:\/\/www.instagram.com\/therapy.dent\/?igshid=YmMyMTA2M2Y\"]}]}<\/script>\n<!-- \/ Yoast SEO plugin. -->","yoast_head_json":{"title":"Politica GDPR (Siguran\u021ba Datelor cu Caracter Personal) - therapydent.ro","robots":{"index":"index","follow":"follow","max-snippet":"max-snippet:-1","max-image-preview":"max-image-preview:large","max-video-preview":"max-video-preview:-1"},"canonical":"https:\/\/therapydent.ro\/en\/politica-gdpr-siguranta-datelor-cu-caracter-personal\/","og_locale":"en_US","og_type":"article","og_title":"Politica GDPR (Siguran\u021ba Datelor cu Caracter Personal) - therapydent.ro","og_description":"ACAS\u0102> Politici Politica GDPR (Siguran\u021ba Datelor cu Caracter Personal) Aceast\u0103 politic\u0103 are ca scop informarea utilizatorilor website-ului therapydent.ro privind m\u0103surile luate de S.C. EVOCLINIQ SRL pentru protejarea datelor cu caracter personal, \u00een conformitate cu Regulamentul (UE) 2016\/679 privind protec\u021bia datelor (GDPR). 1. Operatorul de date S.C. EVOCLINIQ SRLCIF: 36539996Sediu: Str. Amman nr. 2B, Sector 1, [&hellip;]","og_url":"https:\/\/therapydent.ro\/en\/politica-gdpr-siguranta-datelor-cu-caracter-personal\/","og_site_name":"therapydent.ro","article_publisher":"https:\/\/www.facebook.com\/ClinicaTherapyDent","article_modified_time":"2025-06-19T14:35:36+00:00","twitter_card":"summary_large_image","twitter_misc":{"Est. reading time":"2 minutes"},"schema":{"@context":"https:\/\/schema.org","@graph":[{"@type":"WebPage","@id":"https:\/\/therapydent.ro\/politica-gdpr-siguranta-datelor-cu-caracter-personal\/","url":"https:\/\/therapydent.ro\/politica-gdpr-siguranta-datelor-cu-caracter-personal\/","name":"Politica GDPR (Siguran\u021ba Datelor cu Caracter Personal) - therapydent.ro","isPartOf":{"@id":"https:\/\/therapydent.ro\/#website"},"datePublished":"2025-06-14T16:42:23+00:00","dateModified":"2025-06-19T14:35:36+00:00","breadcrumb":{"@id":"https:\/\/therapydent.ro\/politica-gdpr-siguranta-datelor-cu-caracter-personal\/#breadcrumb"},"inLanguage":"en-US","potentialAction":[{"@type":"ReadAction","target":["https:\/\/therapydent.ro\/politica-gdpr-siguranta-datelor-cu-caracter-personal\/"]}]},{"@type":"BreadcrumbList","@id":"https:\/\/therapydent.ro\/politica-gdpr-siguranta-datelor-cu-caracter-personal\/#breadcrumb","itemListElement":[{"@type":"ListItem","position":1,"name":"Home","item":"https:\/\/therapydent.ro\/"},{"@type":"ListItem","position":2,"name":"Politica GDPR (Siguran\u021ba Datelor cu Caracter Personal)"}]},{"@type":"WebSite","@id":"https:\/\/therapydent.ro\/#website","url":"https:\/\/therapydent.ro\/","name":"therapydent.ro","description":"Cabinet stomatologic","publisher":{"@id":"https:\/\/therapydent.ro\/#organization"},"potentialAction":[{"@type":"SearchAction","target":{"@type":"EntryPoint","urlTemplate":"https:\/\/therapydent.ro\/?s={search_term_string}"},"query-input":"required name=search_term_string"}],"inLanguage":"en-US"},{"@type":"Organization","@id":"https:\/\/therapydent.ro\/#organization","name":"therapydent.ro","url":"https:\/\/therapydent.ro\/","logo":{"@type":"ImageObject","inLanguage":"en-US","@id":"https:\/\/therapydent.ro\/#\/schema\/logo\/image\/","url":"https:\/\/therapydent.ro\/wp-content\/uploads\/2021\/12\/Logo-complet-multicolor.png","contentUrl":"https:\/\/therapydent.ro\/wp-content\/uploads\/2021\/12\/Logo-complet-multicolor.png","width":1080,"height":243,"caption":"therapydent.ro"},"image":{"@id":"https:\/\/therapydent.ro\/#\/schema\/logo\/image\/"},"sameAs":["https:\/\/www.facebook.com\/ClinicaTherapyDent","https:\/\/www.instagram.com\/therapy.dent\/?igshid=YmMyMTA2M2Y"]}]}},"_links":{"self":[{"href":"https:\/\/therapydent.ro\/en\/wp-json\/wp\/v2\/pages\/4039","targetHints":{"allow":["GET"]}}],"collection":[{"href":"https:\/\/therapydent.ro\/en\/wp-json\/wp\/v2\/pages"}],"about":[{"href":"https:\/\/therapydent.ro\/en\/wp-json\/wp\/v2\/types\/page"}],"author":[{"embeddable":true,"href":"https:\/\/therapydent.ro\/en\/wp-json\/wp\/v2\/users\/1"}],"replies":[{"embeddable":true,"href":"https:\/\/therapydent.ro\/en\/wp-json\/wp\/v2\/comments?post=4039"}],"version-history":[{"count":13,"href":"https:\/\/therapydent.ro\/en\/wp-json\/wp\/v2\/pages\/4039\/revisions"}],"predecessor-version":[{"id":4090,"href":"https:\/\/therapydent.ro\/en\/wp-json\/wp\/v2\/pages\/4039\/revisions\/4090"}],"wp:attachment":[{"href":"https:\/\/therapydent.ro\/en\/wp-json\/wp\/v2\/media?parent=4039"}],"curies":[{"name":"wp","href":"https:\/\/api.w.org\/{rel}","templated":true}]}}