{"id":4050,"date":"2025-06-14T16:51:54","date_gmt":"2025-06-14T16:51:54","guid":{"rendered":"https:\/\/therapydent.ro\/?page_id=4050"},"modified":"2025-06-19T12:20:37","modified_gmt":"2025-06-19T12:20:37","slug":"politica-de-anulare-si-reprogramare","status":"publish","type":"page","link":"https:\/\/therapydent.ro\/en\/politica-de-anulare-si-reprogramare\/","title":{"rendered":"Politica de anulare \u0219i reprogramare"},"content":{"rendered":"<div data-elementor-type=\"wp-page\" data-elementor-id=\"4050\" class=\"elementor elementor-4050\">\n\t\t\t\t\t\t\t\t\t<section class=\"elementor-section elementor-top-section elementor-element elementor-element-c690952 elementor-section-height-min-height elementor-section-boxed elementor-section-height-default elementor-section-items-middle wpr-particle-no wpr-jarallax-no wpr-parallax-no wpr-sticky-section-no\" data-id=\"c690952\" data-element_type=\"section\" data-settings=\"{&quot;background_background&quot;:&quot;classic&quot;,&quot;_ha_eqh_enable&quot;:false}\">\n\t\t\t\t\t\t\t<div class=\"elementor-background-overlay\"><\/div>\n\t\t\t\t\t\t\t<div class=\"elementor-container elementor-column-gap-default\">\n\t\t\t\t\t<div class=\"elementor-column elementor-col-100 elementor-top-column elementor-element elementor-element-9c7cbbc\" data-id=\"9c7cbbc\" data-element_type=\"column\">\n\t\t\t<div class=\"elementor-widget-wrap elementor-element-populated\">\n\t\t\t\t\t\t\t\t<div class=\"elementor-element elementor-element-e330797 de_scroll_animation_no elementor-widget elementor-widget-heading\" data-id=\"e330797\" data-element_type=\"widget\" data-widget_type=\"heading.default\">\n\t\t\t\t<div class=\"elementor-widget-container\">\n\t\t\t<style>\/*! elementor - v3.11.5 - 14-03-2023 *\/\n.elementor-heading-title{padding:0;margin:0;line-height:1}.elementor-widget-heading .elementor-heading-title[class*=elementor-size-]>a{color:inherit;font-size:inherit;line-height:inherit}.elementor-widget-heading .elementor-heading-title.elementor-size-small{font-size:15px}.elementor-widget-heading .elementor-heading-title.elementor-size-medium{font-size:19px}.elementor-widget-heading .elementor-heading-title.elementor-size-large{font-size:29px}.elementor-widget-heading .elementor-heading-title.elementor-size-xl{font-size:39px}.elementor-widget-heading .elementor-heading-title.elementor-size-xxl{font-size:59px}<\/style><h2 class=\"elementor-heading-title elementor-size-default\">ACAS\u0102> Politici<\/h2>\t\t<\/div>\n\t\t\t\t<\/div>\n\t\t\t\t<div class=\"elementor-element elementor-element-b480f39 premium-header-block premium-header-inline de_scroll_animation_no elementor-widget elementor-widget-premium-addon-dual-header\" data-id=\"b480f39\" data-element_type=\"widget\" data-widget_type=\"premium-addon-dual-header.default\">\n\t\t\t\t<div class=\"elementor-widget-container\">\n\t\t\t\n\t\t\t\t\t<h2 class=\"premium-dual-header-first-header\"><span class=\"premium-dual-header-first-span\">Politica de Anulare  <\/span><span class=\"premium-dual-header-second-header\">\u0219i Reprogramare<\/span><\/h2> \t\t\n\t\t\t\t<\/div>\n\t\t\t\t<\/div>\n\t\t\t\t<div class=\"elementor-element elementor-element-f4b74f4 elementor-view-stacked elementor-shape-circle de_scroll_animation_no elementor-widget elementor-widget-icon\" data-id=\"f4b74f4\" data-element_type=\"widget\" data-widget_type=\"icon.default\">\n\t\t\t\t<div class=\"elementor-widget-container\">\n\t\t\t\t\t<div class=\"elementor-icon-wrapper\">\n\t\t\t<div class=\"elementor-icon\">\n\t\t\t<i aria-hidden=\"true\" class=\"fas fa-arrow-down\"><\/i>\t\t\t<\/div>\n\t\t<\/div>\n\t\t\t\t<\/div>\n\t\t\t\t<\/div>\n\t\t\t\t\t<\/div>\n\t\t<\/div>\n\t\t\t\t\t\t\t<\/div>\n\t\t<\/section>\n\t\t\t\t<section class=\"elementor-section elementor-top-section elementor-element elementor-element-d9dd4da elementor-section-boxed elementor-section-height-default elementor-section-height-default wpr-particle-no wpr-jarallax-no wpr-parallax-no wpr-sticky-section-no\" data-id=\"d9dd4da\" data-element_type=\"section\" data-settings=\"{&quot;_ha_eqh_enable&quot;:false}\">\n\t\t\t\t\t\t<div class=\"elementor-container elementor-column-gap-default\">\n\t\t\t\t\t<div class=\"elementor-column elementor-col-100 elementor-top-column elementor-element elementor-element-a6b50b0\" data-id=\"a6b50b0\" data-element_type=\"column\">\n\t\t\t<div class=\"elementor-widget-wrap elementor-element-populated\">\n\t\t\t\t\t\t\t\t<div class=\"elementor-element elementor-element-b94ebd8 de_scroll_animation_no elementor-widget elementor-widget-text-editor\" data-id=\"b94ebd8\" data-element_type=\"widget\" data-widget_type=\"text-editor.default\">\n\t\t\t\t<div class=\"elementor-widget-container\">\n\t\t\t<style>\/*! elementor - v3.11.5 - 14-03-2023 *\/\n.elementor-widget-text-editor.elementor-drop-cap-view-stacked .elementor-drop-cap{background-color:#818a91;color:#fff}.elementor-widget-text-editor.elementor-drop-cap-view-framed .elementor-drop-cap{color:#818a91;border:3px solid;background-color:transparent}.elementor-widget-text-editor:not(.elementor-drop-cap-view-default) .elementor-drop-cap{margin-top:8px}.elementor-widget-text-editor:not(.elementor-drop-cap-view-default) .elementor-drop-cap-letter{width:1em;height:1em}.elementor-widget-text-editor .elementor-drop-cap{float:left;text-align:center;line-height:1;font-size:50px}.elementor-widget-text-editor .elementor-drop-cap-letter{display:inline-block}<\/style>\t\t\t\t<p data-start=\"239\" data-end=\"278\"><strong data-start=\"239\" data-end=\"278\">Politica de anulare \u0219i reprogramare<\/strong><\/p><p data-start=\"280\" data-end=\"613\">La TherapyDent, ne angaj\u0103m s\u0103 oferim fiec\u0103rui pacient servicii stomatologice de calitate, \u00eentr-un cadru organizat \u0219i eficient. Pentru a men\u021bine un flux optim de consulta\u021bii \u0219i pentru a respecta timpul tuturor pacien\u021bilor \u0219i al echipei medicale, v\u0103 rug\u0103m s\u0103 \u021bine\u021bi cont de politica noastr\u0103 privind anularea \u0219i reprogramarea vizitelor.<\/p><p data-start=\"615\" data-end=\"629\"><strong data-start=\"615\" data-end=\"629\">Program\u0103ri<\/strong><\/p><p data-start=\"631\" data-end=\"686\">Pacien\u021bii pot efectua program\u0103ri \u00een urm\u0103toarele moduri:<\/p><ul data-start=\"687\" data-end=\"862\"><li data-start=\"687\" data-end=\"790\"><p data-start=\"689\" data-end=\"790\">prin formularul online disponibil pe toate paginile site-ului nostru https:\/\/therapydent.ro,<\/p><\/li><li data-start=\"687\" data-end=\"790\">prin modulul de programare online disponibil pe pagina https:\/\/therapydent.ro\/contact,<\/li><li data-start=\"791\" data-end=\"827\"><p data-start=\"793\" data-end=\"827\">telefonic la num\u0103rul 0720 444 033,<\/p><\/li><li data-start=\"828\" data-end=\"862\"><p data-start=\"830\" data-end=\"862\">sau direct la recep\u021bia clinicii.<\/p><\/li><\/ul><p data-start=\"1074\" data-end=\"1102\"><strong>Confirmarea program\u0103rii<\/strong><\/p><p data-start=\"1104\" data-end=\"1284\">Toate program\u0103rile sunt confirmate de c\u0103tre personalul nostru prin telefon sau SMS cu cel pu\u021bin 24 de ore \u00eenainte de data consulta\u021biei.<\/p><p data-start=\"1104\" data-end=\"1284\">\u00cen ziua confirm\u0103rii, pacien\u021bii vor primi un link de plat\u0103 \u00een valoare de <strong data-start=\"1176\" data-end=\"1187\">120 RON<\/strong> pentru a bloca locul rezervat. Aceast\u0103 sum\u0103 reprezint\u0103 o garan\u021bie a particip\u0103rii la consulta\u021bie.<\/p><p data-start=\"1001\" data-end=\"1025\"><strong data-start=\"1001\" data-end=\"1025\">Anularea program\u0103rii<\/strong><\/p><p data-start=\"1027\" data-end=\"1234\">\u00cen cazul \u00een care nu pute\u021bi onora programarea, v\u0103 rug\u0103m s\u0103 ne anun\u021ba\u021bi cu minimum 24 de ore \u00eenainte de ora stabilit\u0103. Acest lucru ne permite s\u0103 oferim acel interval altor pacien\u021bi care au nevoie de tratament.<\/p><p data-start=\"1236\" data-end=\"1262\">Pute\u021bi anula o programare:<\/p><ul data-start=\"1263\" data-end=\"1382\"><li data-start=\"1263\" data-end=\"1291\"><p data-start=\"1265\" data-end=\"1291\">telefonic la 0720 444 033,<\/p><\/li><li data-start=\"1292\" data-end=\"1331\"><p data-start=\"1294\" data-end=\"1331\">prin email la <a class=\"cursor-pointer\" rel=\"noopener\" data-start=\"1308\" data-end=\"1330\">contact@therapydent.ro<\/a>,<\/p><\/li><li data-start=\"1332\" data-end=\"1382\"><p data-start=\"1334\" data-end=\"1382\">prin SMS sau Whatsapp +40720 444 033<\/p><\/li><\/ul><p data-start=\"1384\" data-end=\"1414\"><strong data-start=\"1384\" data-end=\"1414\">Reprogramarea consulta\u021biei<\/strong><\/p><p data-start=\"1416\" data-end=\"1664\">Reprogram\u0103rile se pot face cu cel pu\u021bin 24 de ore \u00eenainte de consulta\u021bie \u0219i sunt onorate \u00een func\u021bie de disponibilitatea medicilor \u0219i a sloturilor libere din calendar. V\u0103 recomand\u0103m s\u0103 reprograma\u021bi din timp pentru a beneficia de op\u021biuni convenabile.<\/p><p data-start=\"1666\" data-end=\"1695\"><strong data-start=\"1666\" data-end=\"1695\">Nerespectarea program\u0103rii<\/strong><\/p><p data-start=\"2016\" data-end=\"2312\">\u00cen cazul \u00een care un pacient <strong data-start=\"2044\" data-end=\"2062\">nu se prezint\u0103<\/strong> la consulta\u021bie sau anuleaz\u0103 cu <strong data-start=\"2094\" data-end=\"2117\">mai pu\u021bin de 12 ore<\/strong> \u00eenainte, sesiunea va fi considerat\u0103 <strong data-start=\"2154\" data-end=\"2167\">efectuat\u0103<\/strong>, iar costul acesteia (<strong data-start=\"2190\" data-end=\"2201\">120 RON<\/strong>) <strong data-start=\"2203\" data-end=\"2225\">nu va fi rambursat<\/strong>. Ne rezerv\u0103m dreptul de a acorda prioritate altor solicit\u0103ri la viitoarele program\u0103ri.<\/p><p data-start=\"2033\" data-end=\"2058\"><strong data-start=\"2033\" data-end=\"2058\">Situa\u021bii excep\u021bionale<\/strong><\/p><p data-start=\"2060\" data-end=\"2308\">\u00cen\u021belegem c\u0103 pot ap\u0103rea urgen\u021be medicale, personale sau profesionale. Dac\u0103 ave\u021bi un motiv \u00eentemeiat pentru anularea program\u0103rii \u00eentr-un termen mai scurt de 24 de ore, v\u0103 rug\u0103m s\u0103 ne contacta\u021bi. Vom analiza fiecare situa\u021bie cu aten\u021bie \u0219i \u00een\u021belegere.<\/p><p data-start=\"2310\" data-end=\"2329\"><strong data-start=\"2310\" data-end=\"2329\">Date de contact<\/strong><\/p><p data-start=\"2331\" data-end=\"2529\">S.C. EVOCLINIQ SRL<br data-start=\"2349\" data-end=\"2352\" \/>CIF: 36539996<br data-start=\"2365\" data-end=\"2368\" \/>Sediu: Str. Amman nr. 2B, Sector 1, Bucure\u0219ti<br data-start=\"2413\" data-end=\"2416\" \/>Email: <a class=\"cursor-pointer\" rel=\"noopener\" data-start=\"2423\" data-end=\"2445\">contact@therapydent.ro<\/a><br data-start=\"2445\" data-end=\"2448\" \/>Phone: 0720 444 033<br data-start=\"2469\" data-end=\"2472\" \/>Website: https:\/\/therapydent.ro<\/p>\t\t\t\t\t\t<\/div>\n\t\t\t\t<\/div>\n\t\t\t\t\t<\/div>\n\t\t<\/div>\n\t\t\t\t\t\t\t<\/div>\n\t\t<\/section>\n\t\t\t\t\t\t\t<\/div>","protected":false},"excerpt":{"rendered":"<p>ACAS\u0102> Politici Politica de Anulare \u0219i Reprogramare Politica de anulare \u0219i reprogramare La TherapyDent, ne angaj\u0103m s\u0103 oferim fiec\u0103rui pacient servicii stomatologice de calitate, \u00eentr-un cadru organizat \u0219i eficient. Pentru a men\u021bine un flux optim de consulta\u021bii \u0219i pentru a respecta timpul tuturor pacien\u021bilor \u0219i al echipei medicale, v\u0103 rug\u0103m s\u0103 \u021bine\u021bi cont de politica [&hellip;]<\/p>","protected":false},"author":1,"featured_media":0,"parent":0,"menu_order":0,"comment_status":"closed","ping_status":"closed","template":"elementor_canvas","meta":{"footnotes":""},"class_list":["post-4050","page","type-page","status-publish","hentry"],"yoast_head":"<!-- This site is optimized with the Yoast SEO plugin v20.6 - https:\/\/yoast.com\/wordpress\/plugins\/seo\/ -->\n<title>Politica de anulare \u0219i reprogramare - therapydent.ro<\/title>\n<meta name=\"robots\" content=\"index, follow, max-snippet:-1, max-image-preview:large, max-video-preview:-1\" \/>\n<link rel=\"canonical\" href=\"https:\/\/therapydent.ro\/en\/politica-de-anulare-si-reprogramare\/\" \/>\n<meta property=\"og:locale\" content=\"en_US\" \/>\n<meta property=\"og:type\" content=\"article\" \/>\n<meta property=\"og:title\" content=\"Politica de anulare \u0219i reprogramare - therapydent.ro\" \/>\n<meta property=\"og:description\" content=\"ACAS\u0102&gt; Politici Politica de Anulare \u0219i Reprogramare Politica de anulare \u0219i reprogramare La TherapyDent, ne angaj\u0103m s\u0103 oferim fiec\u0103rui pacient servicii stomatologice de calitate, \u00eentr-un cadru organizat \u0219i eficient. Pentru a men\u021bine un flux optim de consulta\u021bii \u0219i pentru a respecta timpul tuturor pacien\u021bilor \u0219i al echipei medicale, v\u0103 rug\u0103m s\u0103 \u021bine\u021bi cont de politica [&hellip;]\" \/>\n<meta property=\"og:url\" content=\"https:\/\/therapydent.ro\/en\/politica-de-anulare-si-reprogramare\/\" \/>\n<meta property=\"og:site_name\" content=\"therapydent.ro\" \/>\n<meta property=\"article:publisher\" content=\"https:\/\/www.facebook.com\/ClinicaTherapyDent\" \/>\n<meta property=\"article:modified_time\" content=\"2025-06-19T12:20:37+00:00\" \/>\n<meta name=\"twitter:card\" content=\"summary_large_image\" \/>\n<meta name=\"twitter:label1\" content=\"Est. reading time\" \/>\n\t<meta name=\"twitter:data1\" content=\"2 minutes\" \/>\n<script type=\"application\/ld+json\" class=\"yoast-schema-graph\">{\"@context\":\"https:\/\/schema.org\",\"@graph\":[{\"@type\":\"WebPage\",\"@id\":\"https:\/\/therapydent.ro\/politica-de-anulare-si-reprogramare\/\",\"url\":\"https:\/\/therapydent.ro\/politica-de-anulare-si-reprogramare\/\",\"name\":\"Politica de anulare \u0219i reprogramare - therapydent.ro\",\"isPartOf\":{\"@id\":\"https:\/\/therapydent.ro\/#website\"},\"datePublished\":\"2025-06-14T16:51:54+00:00\",\"dateModified\":\"2025-06-19T12:20:37+00:00\",\"breadcrumb\":{\"@id\":\"https:\/\/therapydent.ro\/politica-de-anulare-si-reprogramare\/#breadcrumb\"},\"inLanguage\":\"en-US\",\"potentialAction\":[{\"@type\":\"ReadAction\",\"target\":[\"https:\/\/therapydent.ro\/politica-de-anulare-si-reprogramare\/\"]}]},{\"@type\":\"BreadcrumbList\",\"@id\":\"https:\/\/therapydent.ro\/politica-de-anulare-si-reprogramare\/#breadcrumb\",\"itemListElement\":[{\"@type\":\"ListItem\",\"position\":1,\"name\":\"Home\",\"item\":\"https:\/\/therapydent.ro\/\"},{\"@type\":\"ListItem\",\"position\":2,\"name\":\"Politica de anulare \u0219i reprogramare\"}]},{\"@type\":\"WebSite\",\"@id\":\"https:\/\/therapydent.ro\/#website\",\"url\":\"https:\/\/therapydent.ro\/\",\"name\":\"therapydent.ro\",\"description\":\"Cabinet stomatologic\",\"publisher\":{\"@id\":\"https:\/\/therapydent.ro\/#organization\"},\"potentialAction\":[{\"@type\":\"SearchAction\",\"target\":{\"@type\":\"EntryPoint\",\"urlTemplate\":\"https:\/\/therapydent.ro\/?s={search_term_string}\"},\"query-input\":\"required name=search_term_string\"}],\"inLanguage\":\"en-US\"},{\"@type\":\"Organization\",\"@id\":\"https:\/\/therapydent.ro\/#organization\",\"name\":\"therapydent.ro\",\"url\":\"https:\/\/therapydent.ro\/\",\"logo\":{\"@type\":\"ImageObject\",\"inLanguage\":\"en-US\",\"@id\":\"https:\/\/therapydent.ro\/#\/schema\/logo\/image\/\",\"url\":\"https:\/\/therapydent.ro\/wp-content\/uploads\/2021\/12\/Logo-complet-multicolor.png\",\"contentUrl\":\"https:\/\/therapydent.ro\/wp-content\/uploads\/2021\/12\/Logo-complet-multicolor.png\",\"width\":1080,\"height\":243,\"caption\":\"therapydent.ro\"},\"image\":{\"@id\":\"https:\/\/therapydent.ro\/#\/schema\/logo\/image\/\"},\"sameAs\":[\"https:\/\/www.facebook.com\/ClinicaTherapyDent\",\"https:\/\/www.instagram.com\/therapy.dent\/?igshid=YmMyMTA2M2Y\"]}]}<\/script>\n<!-- \/ Yoast SEO plugin. -->","yoast_head_json":{"title":"Politica de anulare \u0219i reprogramare - therapydent.ro","robots":{"index":"index","follow":"follow","max-snippet":"max-snippet:-1","max-image-preview":"max-image-preview:large","max-video-preview":"max-video-preview:-1"},"canonical":"https:\/\/therapydent.ro\/en\/politica-de-anulare-si-reprogramare\/","og_locale":"en_US","og_type":"article","og_title":"Politica de anulare \u0219i reprogramare - therapydent.ro","og_description":"ACAS\u0102> Politici Politica de Anulare \u0219i Reprogramare Politica de anulare \u0219i reprogramare La TherapyDent, ne angaj\u0103m s\u0103 oferim fiec\u0103rui pacient servicii stomatologice de calitate, \u00eentr-un cadru organizat \u0219i eficient. Pentru a men\u021bine un flux optim de consulta\u021bii \u0219i pentru a respecta timpul tuturor pacien\u021bilor \u0219i al echipei medicale, v\u0103 rug\u0103m s\u0103 \u021bine\u021bi cont de politica [&hellip;]","og_url":"https:\/\/therapydent.ro\/en\/politica-de-anulare-si-reprogramare\/","og_site_name":"therapydent.ro","article_publisher":"https:\/\/www.facebook.com\/ClinicaTherapyDent","article_modified_time":"2025-06-19T12:20:37+00:00","twitter_card":"summary_large_image","twitter_misc":{"Est. reading time":"2 minutes"},"schema":{"@context":"https:\/\/schema.org","@graph":[{"@type":"WebPage","@id":"https:\/\/therapydent.ro\/politica-de-anulare-si-reprogramare\/","url":"https:\/\/therapydent.ro\/politica-de-anulare-si-reprogramare\/","name":"Politica de anulare \u0219i reprogramare - therapydent.ro","isPartOf":{"@id":"https:\/\/therapydent.ro\/#website"},"datePublished":"2025-06-14T16:51:54+00:00","dateModified":"2025-06-19T12:20:37+00:00","breadcrumb":{"@id":"https:\/\/therapydent.ro\/politica-de-anulare-si-reprogramare\/#breadcrumb"},"inLanguage":"en-US","potentialAction":[{"@type":"ReadAction","target":["https:\/\/therapydent.ro\/politica-de-anulare-si-reprogramare\/"]}]},{"@type":"BreadcrumbList","@id":"https:\/\/therapydent.ro\/politica-de-anulare-si-reprogramare\/#breadcrumb","itemListElement":[{"@type":"ListItem","position":1,"name":"Home","item":"https:\/\/therapydent.ro\/"},{"@type":"ListItem","position":2,"name":"Politica de anulare \u0219i reprogramare"}]},{"@type":"WebSite","@id":"https:\/\/therapydent.ro\/#website","url":"https:\/\/therapydent.ro\/","name":"therapydent.ro","description":"Cabinet stomatologic","publisher":{"@id":"https:\/\/therapydent.ro\/#organization"},"potentialAction":[{"@type":"SearchAction","target":{"@type":"EntryPoint","urlTemplate":"https:\/\/therapydent.ro\/?s={search_term_string}"},"query-input":"required name=search_term_string"}],"inLanguage":"en-US"},{"@type":"Organization","@id":"https:\/\/therapydent.ro\/#organization","name":"therapydent.ro","url":"https:\/\/therapydent.ro\/","logo":{"@type":"ImageObject","inLanguage":"en-US","@id":"https:\/\/therapydent.ro\/#\/schema\/logo\/image\/","url":"https:\/\/therapydent.ro\/wp-content\/uploads\/2021\/12\/Logo-complet-multicolor.png","contentUrl":"https:\/\/therapydent.ro\/wp-content\/uploads\/2021\/12\/Logo-complet-multicolor.png","width":1080,"height":243,"caption":"therapydent.ro"},"image":{"@id":"https:\/\/therapydent.ro\/#\/schema\/logo\/image\/"},"sameAs":["https:\/\/www.facebook.com\/ClinicaTherapyDent","https:\/\/www.instagram.com\/therapy.dent\/?igshid=YmMyMTA2M2Y"]}]}},"_links":{"self":[{"href":"https:\/\/therapydent.ro\/en\/wp-json\/wp\/v2\/pages\/4050","targetHints":{"allow":["GET"]}}],"collection":[{"href":"https:\/\/therapydent.ro\/en\/wp-json\/wp\/v2\/pages"}],"about":[{"href":"https:\/\/therapydent.ro\/en\/wp-json\/wp\/v2\/types\/page"}],"author":[{"embeddable":true,"href":"https:\/\/therapydent.ro\/en\/wp-json\/wp\/v2\/users\/1"}],"replies":[{"embeddable":true,"href":"https:\/\/therapydent.ro\/en\/wp-json\/wp\/v2\/comments?post=4050"}],"version-history":[{"count":17,"href":"https:\/\/therapydent.ro\/en\/wp-json\/wp\/v2\/pages\/4050\/revisions"}],"predecessor-version":[{"id":4075,"href":"https:\/\/therapydent.ro\/en\/wp-json\/wp\/v2\/pages\/4050\/revisions\/4075"}],"wp:attachment":[{"href":"https:\/\/therapydent.ro\/en\/wp-json\/wp\/v2\/media?parent=4050"}],"curies":[{"name":"wp","href":"https:\/\/api.w.org\/{rel}","templated":true}]}}