{"id":4076,"date":"2025-06-19T13:08:03","date_gmt":"2025-06-19T13:08:03","guid":{"rendered":"https:\/\/therapydent.ro\/?page_id=4076"},"modified":"2025-06-19T14:32:39","modified_gmt":"2025-06-19T14:32:39","slug":"duplicated-termeni-si-conditii-4028","status":"publish","type":"page","link":"https:\/\/therapydent.ro\/en\/duplicated-termeni-si-conditii-4028\/","title":{"rendered":"Politic\u0103 de Livrare Comand\u0103"},"content":{"rendered":"<div data-elementor-type=\"wp-page\" data-elementor-id=\"4076\" class=\"elementor elementor-4076\">\n\t\t\t\t\t\t\t\t\t<section class=\"elementor-section elementor-top-section elementor-element elementor-element-c690952 elementor-section-height-min-height elementor-section-boxed elementor-section-height-default elementor-section-items-middle wpr-particle-no wpr-jarallax-no wpr-parallax-no wpr-sticky-section-no\" data-id=\"c690952\" data-element_type=\"section\" data-settings=\"{&quot;background_background&quot;:&quot;classic&quot;,&quot;_ha_eqh_enable&quot;:false}\">\n\t\t\t\t\t\t\t<div class=\"elementor-background-overlay\"><\/div>\n\t\t\t\t\t\t\t<div class=\"elementor-container elementor-column-gap-default\">\n\t\t\t\t\t<div class=\"elementor-column elementor-col-100 elementor-top-column elementor-element elementor-element-9c7cbbc\" data-id=\"9c7cbbc\" data-element_type=\"column\">\n\t\t\t<div class=\"elementor-widget-wrap elementor-element-populated\">\n\t\t\t\t\t\t\t\t<div class=\"elementor-element elementor-element-e330797 de_scroll_animation_no elementor-widget elementor-widget-heading\" data-id=\"e330797\" data-element_type=\"widget\" data-widget_type=\"heading.default\">\n\t\t\t\t<div class=\"elementor-widget-container\">\n\t\t\t<style>\/*! elementor - v3.11.5 - 14-03-2023 *\/\n.elementor-heading-title{padding:0;margin:0;line-height:1}.elementor-widget-heading .elementor-heading-title[class*=elementor-size-]>a{color:inherit;font-size:inherit;line-height:inherit}.elementor-widget-heading .elementor-heading-title.elementor-size-small{font-size:15px}.elementor-widget-heading .elementor-heading-title.elementor-size-medium{font-size:19px}.elementor-widget-heading .elementor-heading-title.elementor-size-large{font-size:29px}.elementor-widget-heading .elementor-heading-title.elementor-size-xl{font-size:39px}.elementor-widget-heading .elementor-heading-title.elementor-size-xxl{font-size:59px}<\/style><h2 class=\"elementor-heading-title elementor-size-default\">ACAS\u0102> Politici<\/h2>\t\t<\/div>\n\t\t\t\t<\/div>\n\t\t\t\t<div class=\"elementor-element elementor-element-b480f39 premium-header-block premium-header-inline de_scroll_animation_no elementor-widget elementor-widget-premium-addon-dual-header\" data-id=\"b480f39\" data-element_type=\"widget\" data-widget_type=\"premium-addon-dual-header.default\">\n\t\t\t\t<div class=\"elementor-widget-container\">\n\t\t\t\n\t\t\t\t\t<h2 class=\"premium-dual-header-first-header\"><span class=\"premium-dual-header-first-span\">Politic\u0103 de <\/span><span class=\"premium-dual-header-second-header\">Livrare Comand\u0103<\/span><\/h2> \t\t\n\t\t\t\t<\/div>\n\t\t\t\t<\/div>\n\t\t\t\t<div class=\"elementor-element elementor-element-f4b74f4 elementor-view-stacked elementor-shape-circle de_scroll_animation_no elementor-widget elementor-widget-icon\" data-id=\"f4b74f4\" data-element_type=\"widget\" data-widget_type=\"icon.default\">\n\t\t\t\t<div class=\"elementor-widget-container\">\n\t\t\t\t\t<div class=\"elementor-icon-wrapper\">\n\t\t\t<div class=\"elementor-icon\">\n\t\t\t<i aria-hidden=\"true\" class=\"fas fa-arrow-down\"><\/i>\t\t\t<\/div>\n\t\t<\/div>\n\t\t\t\t<\/div>\n\t\t\t\t<\/div>\n\t\t\t\t\t<\/div>\n\t\t<\/div>\n\t\t\t\t\t\t\t<\/div>\n\t\t<\/section>\n\t\t\t\t<section class=\"elementor-section elementor-top-section elementor-element elementor-element-d9dd4da elementor-section-boxed elementor-section-height-default elementor-section-height-default wpr-particle-no wpr-jarallax-no wpr-parallax-no wpr-sticky-section-no\" data-id=\"d9dd4da\" data-element_type=\"section\" data-settings=\"{&quot;_ha_eqh_enable&quot;:false}\">\n\t\t\t\t\t\t<div class=\"elementor-container elementor-column-gap-default\">\n\t\t\t\t\t<div class=\"elementor-column elementor-col-100 elementor-top-column elementor-element elementor-element-a6b50b0\" data-id=\"a6b50b0\" data-element_type=\"column\">\n\t\t\t<div class=\"elementor-widget-wrap elementor-element-populated\">\n\t\t\t\t\t\t\t\t<div class=\"elementor-element elementor-element-b94ebd8 de_scroll_animation_no elementor-widget elementor-widget-text-editor\" data-id=\"b94ebd8\" data-element_type=\"widget\" data-widget_type=\"text-editor.default\">\n\t\t\t\t<div class=\"elementor-widget-container\">\n\t\t\t<style>\/*! elementor - v3.11.5 - 14-03-2023 *\/\n.elementor-widget-text-editor.elementor-drop-cap-view-stacked .elementor-drop-cap{background-color:#818a91;color:#fff}.elementor-widget-text-editor.elementor-drop-cap-view-framed .elementor-drop-cap{color:#818a91;border:3px solid;background-color:transparent}.elementor-widget-text-editor:not(.elementor-drop-cap-view-default) .elementor-drop-cap{margin-top:8px}.elementor-widget-text-editor:not(.elementor-drop-cap-view-default) .elementor-drop-cap-letter{width:1em;height:1em}.elementor-widget-text-editor .elementor-drop-cap{float:left;text-align:center;line-height:1;font-size:50px}.elementor-widget-text-editor .elementor-drop-cap-letter{display:inline-block}<\/style>\t\t\t\t<p data-start=\"279\" data-end=\"346\"><strong data-start=\"279\" data-end=\"310\">Politica de livrare comand\u0103<\/strong><br data-start=\"310\" data-end=\"313\" \/>Ultima actualizare: 19-iunie-2025<\/p><p data-start=\"348\" data-end=\"523\">TherapyDent ofer\u0103 posibilitatea achizi\u021bion\u0103rii de <strong data-start=\"398\" data-end=\"416\">vouchere cadou<\/strong> pentru servicii stomatologice, ideale pentru a fi oferite celor dragi \u00eentr-un mod elegant \u0219i personalizat.<\/p><p data-start=\"525\" data-end=\"551\"><strong data-start=\"525\" data-end=\"551\">Modalitate de comand\u0103:<\/strong><\/p><p data-start=\"553\" data-end=\"655\">Dac\u0103 dori\u021bi s\u0103 achizi\u021biona\u021bi un voucher, v\u0103 rug\u0103m s\u0103 ne contacta\u021bi prin una dintre urm\u0103toarele metode:<\/p><ul data-start=\"657\" data-end=\"820\"><li data-start=\"657\" data-end=\"682\"><p data-start=\"659\" data-end=\"682\">Phone: 0720 444 033<\/p><\/li><li data-start=\"683\" data-end=\"716\"><p data-start=\"685\" data-end=\"716\">Email: <a class=\"cursor-pointer\" rel=\"noopener\" data-start=\"692\" data-end=\"714\">contact@therapydent.ro<\/a><\/p><\/li><li data-start=\"717\" data-end=\"745\"><p data-start=\"719\" data-end=\"745\">WhatsApp: +40720 444 033<\/p><\/li><li data-start=\"746\" data-end=\"820\"><p data-start=\"748\" data-end=\"820\">Formularul de contact disponibil pe site: <a class=\"\" href=\"https:\/\/therapydent.ro\/en\/contact\/\" target=\"_new\" rel=\"noopener\" data-start=\"790\" data-end=\"820\">https:\/\/therapydent.ro\/contact<\/a><\/p><\/li><\/ul><p data-start=\"822\" data-end=\"1009\">Dup\u0103 preluarea solicit\u0103rii, ve\u021bi primi <strong data-start=\"861\" data-end=\"894\">un link de plat\u0103 personalizat<\/strong> pentru achitarea valorii voucherului dorit. Plata se face <strong data-start=\"953\" data-end=\"963\">manual<\/strong>, nu printr-un sistem automat de plat\u0103 online.<\/p><p data-start=\"1011\" data-end=\"1060\"><strong data-start=\"1011\" data-end=\"1060\">Finalizarea comenzii \u0219i livrarea voucherului:<\/strong><\/p><p data-start=\"1062\" data-end=\"1257\">Dup\u0103 confirmarea pl\u0103\u021bii, voucherul va fi emis \u00een format electronic (PDF) \u0219i va fi transmis prin email sau WhatsApp, \u00een func\u021bie de preferin\u021ba clientului, \u00een termen de maximum 24 de ore lucr\u0103toare.<\/p><p data-start=\"1259\" data-end=\"1441\">\u00cen cazul \u00een care dori\u021bi un <strong data-start=\"1286\" data-end=\"1303\">voucher fizic<\/strong>, acesta poate fi ridicat de la recep\u021bia clinicii sau, la cerere, poate fi expediat prin curier, costul livr\u0103rii fiind suportat de client.<\/p><p data-start=\"1443\" data-end=\"1465\"><strong data-start=\"1443\" data-end=\"1465\">Condi\u021bii generale:<\/strong><\/p><ul data-start=\"1467\" data-end=\"1762\"><li data-start=\"1467\" data-end=\"1543\"><p data-start=\"1469\" data-end=\"1543\">Voucherul este nominal \u0219i netransferabil (dec\u00e2t dac\u0103 este oferit cadou).<\/p><\/li><li data-start=\"1544\" data-end=\"1606\"><p data-start=\"1546\" data-end=\"1606\">Valabilitatea acestuia este de 6 luni de la data emiterii.<\/p><\/li><li data-start=\"1607\" data-end=\"1649\"><p data-start=\"1609\" data-end=\"1649\">Valoarea pl\u0103tit\u0103 nu este rambursabil\u0103.<\/p><\/li><li data-start=\"1650\" data-end=\"1762\"><p data-start=\"1652\" data-end=\"1762\">Program\u0103rile aferente voucherului trebuie realizate \u00een avans, \u00een func\u021bie de disponibilitatea echipei medicale.<\/p><\/li><\/ul><p data-start=\"1764\" data-end=\"1841\">Pentru orice \u00eentreb\u0103ri sau clarific\u0103ri, v\u0103 \u00eencuraj\u0103m s\u0103 ne contacta\u021bi direct.<\/p>\t\t\t\t\t\t<\/div>\n\t\t\t\t<\/div>\n\t\t\t\t\t<\/div>\n\t\t<\/div>\n\t\t\t\t\t\t\t<\/div>\n\t\t<\/section>\n\t\t\t\t\t\t\t<\/div>","protected":false},"excerpt":{"rendered":"<p>ACAS\u0102> Politici Politic\u0103 de Livrare Comand\u0103 Politica de livrare comand\u0103Ultima actualizare: 19-iunie-2025 TherapyDent ofer\u0103 posibilitatea achizi\u021bion\u0103rii de vouchere cadou pentru servicii stomatologice, ideale pentru a fi oferite celor dragi \u00eentr-un mod elegant \u0219i personalizat. Modalitate de comand\u0103: Dac\u0103 dori\u021bi s\u0103 achizi\u021biona\u021bi un voucher, v\u0103 rug\u0103m s\u0103 ne contacta\u021bi prin una dintre urm\u0103toarele metode: Telefon: 0720 [&hellip;]<\/p>","protected":false},"author":1,"featured_media":0,"parent":0,"menu_order":0,"comment_status":"closed","ping_status":"closed","template":"elementor_canvas","meta":{"footnotes":""},"class_list":["post-4076","page","type-page","status-publish","hentry"],"yoast_head":"<!-- This site is optimized with the Yoast SEO plugin v20.6 - https:\/\/yoast.com\/wordpress\/plugins\/seo\/ -->\n<title>Politic\u0103 de Livrare Comand\u0103 - therapydent.ro<\/title>\n<meta name=\"robots\" content=\"index, follow, max-snippet:-1, max-image-preview:large, max-video-preview:-1\" \/>\n<link rel=\"canonical\" href=\"https:\/\/therapydent.ro\/en\/duplicated-termeni-si-conditii-4028\/\" \/>\n<meta property=\"og:locale\" content=\"en_US\" \/>\n<meta property=\"og:type\" content=\"article\" \/>\n<meta property=\"og:title\" content=\"Politic\u0103 de Livrare Comand\u0103 - therapydent.ro\" \/>\n<meta property=\"og:description\" content=\"ACAS\u0102&gt; Politici Politic\u0103 de Livrare Comand\u0103 Politica de livrare comand\u0103Ultima actualizare: 19-iunie-2025 TherapyDent ofer\u0103 posibilitatea achizi\u021bion\u0103rii de vouchere cadou pentru servicii stomatologice, ideale pentru a fi oferite celor dragi \u00eentr-un mod elegant \u0219i personalizat. Modalitate de comand\u0103: Dac\u0103 dori\u021bi s\u0103 achizi\u021biona\u021bi un voucher, v\u0103 rug\u0103m s\u0103 ne contacta\u021bi prin una dintre urm\u0103toarele metode: Telefon: 0720 [&hellip;]\" \/>\n<meta property=\"og:url\" content=\"https:\/\/therapydent.ro\/en\/duplicated-termeni-si-conditii-4028\/\" \/>\n<meta property=\"og:site_name\" content=\"therapydent.ro\" \/>\n<meta property=\"article:publisher\" content=\"https:\/\/www.facebook.com\/ClinicaTherapyDent\" \/>\n<meta property=\"article:modified_time\" content=\"2025-06-19T14:32:39+00:00\" \/>\n<meta name=\"twitter:card\" content=\"summary_large_image\" \/>\n<meta name=\"twitter:label1\" content=\"Est. reading time\" \/>\n\t<meta name=\"twitter:data1\" content=\"1 minute\" \/>\n<script type=\"application\/ld+json\" class=\"yoast-schema-graph\">{\"@context\":\"https:\/\/schema.org\",\"@graph\":[{\"@type\":\"WebPage\",\"@id\":\"https:\/\/therapydent.ro\/duplicated-termeni-si-conditii-4028\/\",\"url\":\"https:\/\/therapydent.ro\/duplicated-termeni-si-conditii-4028\/\",\"name\":\"Politic\u0103 de Livrare Comand\u0103 - therapydent.ro\",\"isPartOf\":{\"@id\":\"https:\/\/therapydent.ro\/#website\"},\"datePublished\":\"2025-06-19T13:08:03+00:00\",\"dateModified\":\"2025-06-19T14:32:39+00:00\",\"breadcrumb\":{\"@id\":\"https:\/\/therapydent.ro\/duplicated-termeni-si-conditii-4028\/#breadcrumb\"},\"inLanguage\":\"en-US\",\"potentialAction\":[{\"@type\":\"ReadAction\",\"target\":[\"https:\/\/therapydent.ro\/duplicated-termeni-si-conditii-4028\/\"]}]},{\"@type\":\"BreadcrumbList\",\"@id\":\"https:\/\/therapydent.ro\/duplicated-termeni-si-conditii-4028\/#breadcrumb\",\"itemListElement\":[{\"@type\":\"ListItem\",\"position\":1,\"name\":\"Home\",\"item\":\"https:\/\/therapydent.ro\/\"},{\"@type\":\"ListItem\",\"position\":2,\"name\":\"Politic\u0103 de Livrare Comand\u0103\"}]},{\"@type\":\"WebSite\",\"@id\":\"https:\/\/therapydent.ro\/#website\",\"url\":\"https:\/\/therapydent.ro\/\",\"name\":\"therapydent.ro\",\"description\":\"Cabinet stomatologic\",\"publisher\":{\"@id\":\"https:\/\/therapydent.ro\/#organization\"},\"potentialAction\":[{\"@type\":\"SearchAction\",\"target\":{\"@type\":\"EntryPoint\",\"urlTemplate\":\"https:\/\/therapydent.ro\/?s={search_term_string}\"},\"query-input\":\"required name=search_term_string\"}],\"inLanguage\":\"en-US\"},{\"@type\":\"Organization\",\"@id\":\"https:\/\/therapydent.ro\/#organization\",\"name\":\"therapydent.ro\",\"url\":\"https:\/\/therapydent.ro\/\",\"logo\":{\"@type\":\"ImageObject\",\"inLanguage\":\"en-US\",\"@id\":\"https:\/\/therapydent.ro\/#\/schema\/logo\/image\/\",\"url\":\"https:\/\/therapydent.ro\/wp-content\/uploads\/2021\/12\/Logo-complet-multicolor.png\",\"contentUrl\":\"https:\/\/therapydent.ro\/wp-content\/uploads\/2021\/12\/Logo-complet-multicolor.png\",\"width\":1080,\"height\":243,\"caption\":\"therapydent.ro\"},\"image\":{\"@id\":\"https:\/\/therapydent.ro\/#\/schema\/logo\/image\/\"},\"sameAs\":[\"https:\/\/www.facebook.com\/ClinicaTherapyDent\",\"https:\/\/www.instagram.com\/therapy.dent\/?igshid=YmMyMTA2M2Y\"]}]}<\/script>\n<!-- \/ Yoast SEO plugin. -->","yoast_head_json":{"title":"Politic\u0103 de Livrare Comand\u0103 - therapydent.ro","robots":{"index":"index","follow":"follow","max-snippet":"max-snippet:-1","max-image-preview":"max-image-preview:large","max-video-preview":"max-video-preview:-1"},"canonical":"https:\/\/therapydent.ro\/en\/duplicated-termeni-si-conditii-4028\/","og_locale":"en_US","og_type":"article","og_title":"Politic\u0103 de Livrare Comand\u0103 - therapydent.ro","og_description":"ACAS\u0102> Politici Politic\u0103 de Livrare Comand\u0103 Politica de livrare comand\u0103Ultima actualizare: 19-iunie-2025 TherapyDent ofer\u0103 posibilitatea achizi\u021bion\u0103rii de vouchere cadou pentru servicii stomatologice, ideale pentru a fi oferite celor dragi \u00eentr-un mod elegant \u0219i personalizat. Modalitate de comand\u0103: Dac\u0103 dori\u021bi s\u0103 achizi\u021biona\u021bi un voucher, v\u0103 rug\u0103m s\u0103 ne contacta\u021bi prin una dintre urm\u0103toarele metode: Telefon: 0720 [&hellip;]","og_url":"https:\/\/therapydent.ro\/en\/duplicated-termeni-si-conditii-4028\/","og_site_name":"therapydent.ro","article_publisher":"https:\/\/www.facebook.com\/ClinicaTherapyDent","article_modified_time":"2025-06-19T14:32:39+00:00","twitter_card":"summary_large_image","twitter_misc":{"Est. reading time":"1 minute"},"schema":{"@context":"https:\/\/schema.org","@graph":[{"@type":"WebPage","@id":"https:\/\/therapydent.ro\/duplicated-termeni-si-conditii-4028\/","url":"https:\/\/therapydent.ro\/duplicated-termeni-si-conditii-4028\/","name":"Politic\u0103 de Livrare Comand\u0103 - therapydent.ro","isPartOf":{"@id":"https:\/\/therapydent.ro\/#website"},"datePublished":"2025-06-19T13:08:03+00:00","dateModified":"2025-06-19T14:32:39+00:00","breadcrumb":{"@id":"https:\/\/therapydent.ro\/duplicated-termeni-si-conditii-4028\/#breadcrumb"},"inLanguage":"en-US","potentialAction":[{"@type":"ReadAction","target":["https:\/\/therapydent.ro\/duplicated-termeni-si-conditii-4028\/"]}]},{"@type":"BreadcrumbList","@id":"https:\/\/therapydent.ro\/duplicated-termeni-si-conditii-4028\/#breadcrumb","itemListElement":[{"@type":"ListItem","position":1,"name":"Home","item":"https:\/\/therapydent.ro\/"},{"@type":"ListItem","position":2,"name":"Politic\u0103 de Livrare Comand\u0103"}]},{"@type":"WebSite","@id":"https:\/\/therapydent.ro\/#website","url":"https:\/\/therapydent.ro\/","name":"therapydent.ro","description":"Cabinet stomatologic","publisher":{"@id":"https:\/\/therapydent.ro\/#organization"},"potentialAction":[{"@type":"SearchAction","target":{"@type":"EntryPoint","urlTemplate":"https:\/\/therapydent.ro\/?s={search_term_string}"},"query-input":"required name=search_term_string"}],"inLanguage":"en-US"},{"@type":"Organization","@id":"https:\/\/therapydent.ro\/#organization","name":"therapydent.ro","url":"https:\/\/therapydent.ro\/","logo":{"@type":"ImageObject","inLanguage":"en-US","@id":"https:\/\/therapydent.ro\/#\/schema\/logo\/image\/","url":"https:\/\/therapydent.ro\/wp-content\/uploads\/2021\/12\/Logo-complet-multicolor.png","contentUrl":"https:\/\/therapydent.ro\/wp-content\/uploads\/2021\/12\/Logo-complet-multicolor.png","width":1080,"height":243,"caption":"therapydent.ro"},"image":{"@id":"https:\/\/therapydent.ro\/#\/schema\/logo\/image\/"},"sameAs":["https:\/\/www.facebook.com\/ClinicaTherapyDent","https:\/\/www.instagram.com\/therapy.dent\/?igshid=YmMyMTA2M2Y"]}]}},"_links":{"self":[{"href":"https:\/\/therapydent.ro\/en\/wp-json\/wp\/v2\/pages\/4076","targetHints":{"allow":["GET"]}}],"collection":[{"href":"https:\/\/therapydent.ro\/en\/wp-json\/wp\/v2\/pages"}],"about":[{"href":"https:\/\/therapydent.ro\/en\/wp-json\/wp\/v2\/types\/page"}],"author":[{"embeddable":true,"href":"https:\/\/therapydent.ro\/en\/wp-json\/wp\/v2\/users\/1"}],"replies":[{"embeddable":true,"href":"https:\/\/therapydent.ro\/en\/wp-json\/wp\/v2\/comments?post=4076"}],"version-history":[{"count":5,"href":"https:\/\/therapydent.ro\/en\/wp-json\/wp\/v2\/pages\/4076\/revisions"}],"predecessor-version":[{"id":4081,"href":"https:\/\/therapydent.ro\/en\/wp-json\/wp\/v2\/pages\/4076\/revisions\/4081"}],"wp:attachment":[{"href":"https:\/\/therapydent.ro\/en\/wp-json\/wp\/v2\/media?parent=4076"}],"curies":[{"name":"wp","href":"https:\/\/api.w.org\/{rel}","templated":true}]}}